{"id":818,"date":"2023-03-20T16:16:00","date_gmt":"2023-03-20T20:16:00","guid":{"rendered":"https:\/\/sites.telfer.uottawa.ca\/creet\/?page_id=818"},"modified":"2023-03-20T16:16:31","modified_gmt":"2023-03-20T20:16:31","slug":"presidence-et-comite","status":"publish","type":"page","link":"https:\/\/sites.telfer.uottawa.ca\/creet\/presidence-et-comite\/?lang=fr","title":{"rendered":"Pr\u00e9sidence et comit\u00e9"},"content":{"rendered":"\n<h2 class=\"wp-block-heading\"><strong>PR\u00c9SIDENCE<\/strong><\/h2>\n\n\n\n<ul class=\"wp-block-list\">\n<li><a href=\"https:\/\/scholar.google.com\/citations?user=_YYuWooAAAAJ&amp;hl=fr\">Alain Fayolle<\/a>, professeur \u00e9minent en entrepreneuriat&nbsp;<\/li>\n\n\n\n<li><a href=\"https:\/\/telfer.uottawa.ca\/fr\/repertoire\/wadid-mohamed-lamine\/\">Wadid Lamine<\/a>, professeur agr\u00e9g\u00e9 en entrepreneuriat<\/li>\n\n\n\n<li><a href=\"https:\/\/www.oswego.edu\/business\/dr-sarfraz-mian\">Sarfraz Mian<\/a><strong>,&nbsp;<\/strong>professeur \u00e9minent en entrepreneuriat et en gestion strat\u00e9gique<\/li>\n<\/ul>\n\n\n\n<h2 class=\"wp-block-heading\"><strong>COMIT\u00c9 ORGANISATEUR<\/strong><\/h2>\n\n\n\n<ul class=\"wp-block-list\">\n<li><a href=\"https:\/\/telfer.uottawa.ca\/fr\/repertoire\/david-crick\/\">David Crick<\/a>, professeur titulaire, bourse professorale Paul-Desmarais en entrepreneuriat international et en marketing<\/li>\n\n\n\n<li><a href=\"https:\/\/telfer.uottawa.ca\/fr\/repertoire\/mark-freel\/\">Mark Freel<\/a>, professeur titulaire et professeur RBC Groupe Financier en commercialisation de l\u2019innovation<\/li>\n\n\n\n<li><a href=\"https:\/\/telfer.uottawa.ca\/fr\/repertoire\/ajax-persaud\/\">Ajax&nbsp;Persaud<\/a><strong>,&nbsp;<\/strong>professeur titulaire en gestion de l\u2019innovation et en entrepreneuriat<\/li>\n\n\n\n<li><a href=\"https:\/\/telfer.uottawa.ca\/fr\/repertoire\/hien-tran\/\">Hien Tran<\/a>, professeure agr\u00e9g\u00e9e en strat\u00e9gie<\/li>\n<\/ul>\n","protected":false},"excerpt":{"rendered":"<p>PR\u00c9SIDENCE COMIT\u00c9 ORGANISATEUR<\/p>\n","protected":false},"author":96,"featured_media":0,"parent":0,"menu_order":1,"comment_status":"closed","ping_status":"closed","template":"","meta":{"footnotes":""},"class_list":["post-818","page","type-page","status-publish","hentry"],"_links":{"self":[{"href":"https:\/\/sites.telfer.uottawa.ca\/creet\/wp-json\/wp\/v2\/pages\/818","targetHints":{"allow":["GET"]}}],"collection":[{"href":"https:\/\/sites.telfer.uottawa.ca\/creet\/wp-json\/wp\/v2\/pages"}],"about":[{"href":"https:\/\/sites.telfer.uottawa.ca\/creet\/wp-json\/wp\/v2\/types\/page"}],"author":[{"embeddable":true,"href":"https:\/\/sites.telfer.uottawa.ca\/creet\/wp-json\/wp\/v2\/users\/96"}],"replies":[{"embeddable":true,"href":"https:\/\/sites.telfer.uottawa.ca\/creet\/wp-json\/wp\/v2\/comments?post=818"}],"version-history":[{"count":2,"href":"https:\/\/sites.telfer.uottawa.ca\/creet\/wp-json\/wp\/v2\/pages\/818\/revisions"}],"predecessor-version":[{"id":820,"href":"https:\/\/sites.telfer.uottawa.ca\/creet\/wp-json\/wp\/v2\/pages\/818\/revisions\/820"}],"wp:attachment":[{"href":"https:\/\/sites.telfer.uottawa.ca\/creet\/wp-json\/wp\/v2\/media?parent=818"}],"curies":[{"name":"wp","href":"https:\/\/api.w.org\/{rel}","templated":true}]}}