{"id":823,"date":"2023-03-20T16:20:30","date_gmt":"2023-03-20T20:20:30","guid":{"rendered":"https:\/\/sites.telfer.uottawa.ca\/creet\/?page_id=823"},"modified":"2023-03-20T16:20:30","modified_gmt":"2023-03-20T20:20:30","slug":"dates-a-retenir-et-echeances","status":"publish","type":"page","link":"https:\/\/sites.telfer.uottawa.ca\/creet\/dates-a-retenir-et-echeances\/?lang=fr","title":{"rendered":"Dates \u00e0 retenir et \u00e9ch\u00e9ances"},"content":{"rendered":"\n<ul class=\"wp-block-list\">\n<li>Date limite&nbsp;\u2013&nbsp;Pr\u00e9inscription&nbsp;:<strong> 15&nbsp;avril<\/strong><\/li>\n\n\n\n<li>Date limite&nbsp;\u2013&nbsp;Inscription&nbsp;:<strong> 15&nbsp;mai<\/strong><\/li>\n\n\n\n<li>Date limite \u2013&nbsp;Envoi des r\u00e9sum\u00e9s d\u2019articles&nbsp;:<strong> 31&nbsp;janvier<\/strong><\/li>\n\n\n\n<li>\u00c9v\u00e9nement&nbsp;:<strong> 25 et 26&nbsp;mai<\/strong><\/li>\n<\/ul>\n","protected":false},"excerpt":{"rendered":"","protected":false},"author":96,"featured_media":0,"parent":0,"menu_order":2,"comment_status":"closed","ping_status":"closed","template":"","meta":{"footnotes":""},"class_list":["post-823","page","type-page","status-publish","hentry"],"_links":{"self":[{"href":"https:\/\/sites.telfer.uottawa.ca\/creet\/wp-json\/wp\/v2\/pages\/823","targetHints":{"allow":["GET"]}}],"collection":[{"href":"https:\/\/sites.telfer.uottawa.ca\/creet\/wp-json\/wp\/v2\/pages"}],"about":[{"href":"https:\/\/sites.telfer.uottawa.ca\/creet\/wp-json\/wp\/v2\/types\/page"}],"author":[{"embeddable":true,"href":"https:\/\/sites.telfer.uottawa.ca\/creet\/wp-json\/wp\/v2\/users\/96"}],"replies":[{"embeddable":true,"href":"https:\/\/sites.telfer.uottawa.ca\/creet\/wp-json\/wp\/v2\/comments?post=823"}],"version-history":[{"count":1,"href":"https:\/\/sites.telfer.uottawa.ca\/creet\/wp-json\/wp\/v2\/pages\/823\/revisions"}],"predecessor-version":[{"id":824,"href":"https:\/\/sites.telfer.uottawa.ca\/creet\/wp-json\/wp\/v2\/pages\/823\/revisions\/824"}],"wp:attachment":[{"href":"https:\/\/sites.telfer.uottawa.ca\/creet\/wp-json\/wp\/v2\/media?parent=823"}],"curies":[{"name":"wp","href":"https:\/\/api.w.org\/{rel}","templated":true}]}}