{"id":825,"date":"2023-03-20T16:27:09","date_gmt":"2023-03-20T20:27:09","guid":{"rendered":"https:\/\/sites.telfer.uottawa.ca\/creet\/?page_id=825"},"modified":"2023-05-05T14:27:35","modified_gmt":"2023-05-05T18:27:35","slug":"inscription","status":"publish","type":"page","link":"https:\/\/sites.telfer.uottawa.ca\/creet\/inscription\/?lang=fr","title":{"rendered":"Inscription"},"content":{"rendered":"\n<p><a href=\"https:\/\/telfer.uottawa.ca\/fr\/evenements\/20230525-conference-sur-la-recherche-en-entrepreneuriat-en-education-et-en-technologie-creet\/\">Inscrivez-vous \u00e0 la conf\u00e9rence<\/a><\/p>\n\n\n\n<h3 class=\"wp-block-heading\">Frais d&#8217;inscription<\/h3>\n\n\n\n<p>(comprennent une entr\u00e9e pour le souper de la c\u00e9r\u00e9monie) :<\/p>\n\n\n\n<ul class=\"wp-block-list\">\n<li>Pr\u00e9inscription&nbsp;: 250&nbsp;$ CA plus TVH pour les inscriptions jusqu\u2019au <strong>15&nbsp;avril<\/strong><\/li>\n\n\n\n<li>Inscription (tarif r\u00e9gulier)&nbsp;: 300&nbsp;$ CA plus TVH pour les inscriptions \u00e0 partir du <strong>16&nbsp;avril<\/strong><\/li>\n\n\n\n<li>Pr\u00e9inscription&nbsp;\u2013&nbsp;tarif \u00e9tudiant&nbsp;: 200&nbsp;$ CA plus TVH pour les inscriptions jusqu\u2019au <strong>15&nbsp;avril<\/strong><\/li>\n\n\n\n<li>Inscription (tarif \u00e9tudiant r\u00e9gulier)&nbsp;: 220&nbsp;$ CA plus TVH pour les inscriptions \u00e0 partir du <strong>16&nbsp;avril<\/strong><\/li>\n<\/ul>\n\n\n\n<p>Le comit\u00e9 invite aussi toutes les personnes du milieu universitaire qui souhaitent assister \u00e0 la conf\u00e9rence, qu\u2019elles proposent un article ou non.<\/p>\n\n\n\n<h3 class=\"wp-block-heading\">Politique de remboursement<\/h3>\n\n\n\n<ul class=\"wp-block-list\">\n<li><strong>Annulation au plus tard 21&nbsp;jours ouvrables avant l\u2019\u00e9v\u00e9nement&nbsp;:<\/strong> totalit\u00e9 des frais, moins 30&nbsp;$ de frais de service<\/li>\n\n\n\n<li><strong>10 \u00e0 20 jours ouvrables avant l\u2019\u00e9v\u00e9nement&nbsp;:<\/strong> frais rembours\u00e9s \u00e0 30&nbsp;%, moins 30&nbsp;$ de frais de service<\/li>\n\n\n\n<li><strong>Moins de 10&nbsp;jours ouvrables avant l\u2019\u00e9v\u00e9nement&nbsp;:<\/strong> aucun remboursement<\/li>\n<\/ul>\n\n\n\n<p>Aucuns frais ne seront rembours\u00e9s \u00e0 moins de 10&nbsp;jours du d\u00e9but de l\u2019\u00e9v\u00e9nement. Vous devez soumettre votre annulation par courriel. Pour en savoir plus ou pour annuler votre inscription, \u00e9crivez \u00e0 <a href=\"mailto:creet@telfer.uottawa.ca\">creet@telfer.uOttawa.ca<\/a>.<\/p>\n","protected":false},"excerpt":{"rendered":"<p>Inscrivez-vous \u00e0 la conf\u00e9rence Frais d&#8217;inscription (comprennent une entr\u00e9e pour le souper de la c\u00e9r\u00e9monie) : Le comit\u00e9 invite aussi toutes les personnes du milieu universitaire qui souhaitent assister \u00e0 la conf\u00e9rence, qu\u2019elles proposent un article ou non. Politique de remboursement Aucuns frais ne seront rembours\u00e9s \u00e0 moins de 10&nbsp;jours du d\u00e9but de l\u2019\u00e9v\u00e9nement. Vous [&hellip;]<\/p>\n","protected":false},"author":96,"featured_media":0,"parent":0,"menu_order":3,"comment_status":"closed","ping_status":"closed","template":"","meta":{"footnotes":""},"class_list":["post-825","page","type-page","status-publish","hentry"],"_links":{"self":[{"href":"https:\/\/sites.telfer.uottawa.ca\/creet\/wp-json\/wp\/v2\/pages\/825","targetHints":{"allow":["GET"]}}],"collection":[{"href":"https:\/\/sites.telfer.uottawa.ca\/creet\/wp-json\/wp\/v2\/pages"}],"about":[{"href":"https:\/\/sites.telfer.uottawa.ca\/creet\/wp-json\/wp\/v2\/types\/page"}],"author":[{"embeddable":true,"href":"https:\/\/sites.telfer.uottawa.ca\/creet\/wp-json\/wp\/v2\/users\/96"}],"replies":[{"embeddable":true,"href":"https:\/\/sites.telfer.uottawa.ca\/creet\/wp-json\/wp\/v2\/comments?post=825"}],"version-history":[{"count":3,"href":"https:\/\/sites.telfer.uottawa.ca\/creet\/wp-json\/wp\/v2\/pages\/825\/revisions"}],"predecessor-version":[{"id":899,"href":"https:\/\/sites.telfer.uottawa.ca\/creet\/wp-json\/wp\/v2\/pages\/825\/revisions\/899"}],"wp:attachment":[{"href":"https:\/\/sites.telfer.uottawa.ca\/creet\/wp-json\/wp\/v2\/media?parent=825"}],"curies":[{"name":"wp","href":"https:\/\/api.w.org\/{rel}","templated":true}]}}