{"id":827,"date":"2023-03-20T16:27:53","date_gmt":"2023-03-20T20:27:53","guid":{"rendered":"https:\/\/sites.telfer.uottawa.ca\/creet\/?page_id=827"},"modified":"2023-03-21T10:31:48","modified_gmt":"2023-03-21T14:31:48","slug":"827-2","status":"publish","type":"page","link":"https:\/\/sites.telfer.uottawa.ca\/creet\/827-2\/?lang=fr","title":{"rendered":"Conf\u00e9rence sur la recherche en entrepreneuriat, en \u00e9ducation et en technologie (CREET)"},"content":{"rendered":"\n<h2 class=\"has-text-align-center wp-block-heading\">OTTAWA, CANADA<br>Les\u00a025 et 26\u00a0mai\u00a02023<\/h2>\n\n\n\n<p>L\u2019\u00c9cole de gestion Telfer (Canada), la Turun kauppakorkeakoulu (\u00c9cole d\u2019\u00e9conomie de Turku, Finlande), l\u2019Universit\u00e0 degli Studi di Cagliari (Universit\u00e9 de Cagliari, Italie) et l\u2019Universidade da Beira Interior (Universit\u00e9 de la Beira int\u00e9rieure, Portugal) sont fi\u00e8res d\u2019annoncer la premi\u00e8re \u00e9dition de la Conf\u00e9rence sur la recherche en entrepreneuriat, en \u00e9ducation et en technologie (#CREET) qui aura lieu les 25 et 26&nbsp;mai prochains \u00e0 Ottawa, la belle capitale canadienne. D\u2019envergure internationale, l\u2019\u00e9v\u00e9nement met de l\u2019avant la collaboration universitaire par-del\u00e0 les pays, les continents et les diff\u00e9rents milieux de recherche.<\/p>\n\n\n\n<p>Les chercheuses et chercheurs et les \u00e9tudiantes et \u00e9tudiants des cycles sup\u00e9rieurs sont invit\u00e9s \u00e0 proposer des articles de recherche non publi\u00e9s portant sur l\u2019entrepreneuriat en technologie ou la p\u00e9dagogie de l\u2019entrepreneuriat. Ce sera l\u2019occasion de tenir de stimulantes discussions sur l\u2019\u00e9tat actuel de la recherche dans ces domaines, dans une perspective internationale. Une table ronde anim\u00e9e par des chercheuses, chercheurs, entrepreneures et entrepreneurs permettra de creuser la question de la p\u00e9dagogie entrepreneuriale d\u2019un point de vue interdisciplinaire.<\/p>\n\n\n\n<p>Un atelier de r\u00e9daction d\u2019articles figurera aussi au programme le 26&nbsp;mai, avec l\u2019objectif d\u2019aider les personnes participantes \u00e0 am\u00e9liorer leurs \u00e9bauches. Pour assurer des \u00e9changes riches, constructifs et conviviaux, un maximum de 20 \u00e0 25&nbsp;personnes pourra participer \u00e0 l\u2019activit\u00e9.<\/p>\n\n\n\n<h2 class=\"wp-block-heading\">PARTENARIATS<\/h2>\n\n\n\n<p>&nbsp;<img decoding=\"async\" style=\"padding-left: 3rem;\" src=\"https:\/\/sites.telfer.uottawa.ca\/creet2020\/files\/2022\/10\/universita-defli-studi-di-cagliari-e1666710623958.png\" width=\"201\"> <img decoding=\"async\" style=\"padding-left: 3rem;\" src=\"https:\/\/sites.telfer.uottawa.ca\/creet2020\/files\/2022\/10\/unnivsersity-of-turku.jpg\" width=\"201\"> <img decoding=\"async\" style=\"padding-left: 3rem;\" src=\"https:\/\/sites.telfer.uottawa.ca\/creet2020\/files\/2022\/10\/universidade-beira-cropped.jpg\" width=\"201\"><\/p>\n","protected":false},"excerpt":{"rendered":"<p>OTTAWA, CANADALes\u00a025 et 26\u00a0mai\u00a02023 L\u2019\u00c9cole de gestion Telfer (Canada), la Turun kauppakorkeakoulu (\u00c9cole d\u2019\u00e9conomie de Turku, Finlande), l\u2019Universit\u00e0 degli Studi di Cagliari (Universit\u00e9 de Cagliari, Italie) et l\u2019Universidade da Beira Interior (Universit\u00e9 de la Beira int\u00e9rieure, Portugal) sont fi\u00e8res d\u2019annoncer la premi\u00e8re \u00e9dition de la Conf\u00e9rence sur la recherche en entrepreneuriat, en \u00e9ducation et en [&hellip;]<\/p>\n","protected":false},"author":96,"featured_media":0,"parent":0,"menu_order":0,"comment_status":"closed","ping_status":"closed","template":"","meta":{"footnotes":""},"class_list":["post-827","page","type-page","status-publish","hentry"],"_links":{"self":[{"href":"https:\/\/sites.telfer.uottawa.ca\/creet\/wp-json\/wp\/v2\/pages\/827","targetHints":{"allow":["GET"]}}],"collection":[{"href":"https:\/\/sites.telfer.uottawa.ca\/creet\/wp-json\/wp\/v2\/pages"}],"about":[{"href":"https:\/\/sites.telfer.uottawa.ca\/creet\/wp-json\/wp\/v2\/types\/page"}],"author":[{"embeddable":true,"href":"https:\/\/sites.telfer.uottawa.ca\/creet\/wp-json\/wp\/v2\/users\/96"}],"replies":[{"embeddable":true,"href":"https:\/\/sites.telfer.uottawa.ca\/creet\/wp-json\/wp\/v2\/comments?post=827"}],"version-history":[{"count":5,"href":"https:\/\/sites.telfer.uottawa.ca\/creet\/wp-json\/wp\/v2\/pages\/827\/revisions"}],"predecessor-version":[{"id":878,"href":"https:\/\/sites.telfer.uottawa.ca\/creet\/wp-json\/wp\/v2\/pages\/827\/revisions\/878"}],"wp:attachment":[{"href":"https:\/\/sites.telfer.uottawa.ca\/creet\/wp-json\/wp\/v2\/media?parent=827"}],"curies":[{"name":"wp","href":"https:\/\/api.w.org\/{rel}","templated":true}]}}