{"id":879,"date":"2023-03-21T10:38:34","date_gmt":"2023-03-21T14:38:34","guid":{"rendered":"https:\/\/sites.telfer.uottawa.ca\/creet\/?page_id=879"},"modified":"2023-03-21T10:48:19","modified_gmt":"2023-03-21T14:48:19","slug":"nous-joindre","status":"publish","type":"page","link":"https:\/\/sites.telfer.uottawa.ca\/creet\/nous-joindre\/?lang=fr","title":{"rendered":"Nous joindre"},"content":{"rendered":"\n<h3>Wadid LAMINE, PhD<\/h3>\n<p>Professeur agr\u00e9g\u00e9<br \/>\u00c9cole de gestion Telfer<br \/>Pavillon Desmarais 55, ave Laurier Est (DMS 10146)<br \/>Tel: (613) -562-5800 (4322) <br \/>Courriel: <a href=\"mailto:wadid.lamine@telfer.uottawa.ca\">wadid.lamine@telfer.uottawa.ca<\/a><\/p>\n","protected":false},"excerpt":{"rendered":"<p>Wadid LAMINE, PhD Professeur agr\u00e9g\u00e9\u00c9cole de gestion TelferPavillon Desmarais 55, ave Laurier Est (DMS 10146)Tel: (613) -562-5800 (4322) Courriel: wadid.lamine@telfer.uottawa.ca<\/p>\n","protected":false},"author":96,"featured_media":0,"parent":0,"menu_order":7,"comment_status":"closed","ping_status":"closed","template":"","meta":{"footnotes":""},"class_list":["post-879","page","type-page","status-publish","hentry"],"_links":{"self":[{"href":"https:\/\/sites.telfer.uottawa.ca\/creet\/wp-json\/wp\/v2\/pages\/879","targetHints":{"allow":["GET"]}}],"collection":[{"href":"https:\/\/sites.telfer.uottawa.ca\/creet\/wp-json\/wp\/v2\/pages"}],"about":[{"href":"https:\/\/sites.telfer.uottawa.ca\/creet\/wp-json\/wp\/v2\/types\/page"}],"author":[{"embeddable":true,"href":"https:\/\/sites.telfer.uottawa.ca\/creet\/wp-json\/wp\/v2\/users\/96"}],"replies":[{"embeddable":true,"href":"https:\/\/sites.telfer.uottawa.ca\/creet\/wp-json\/wp\/v2\/comments?post=879"}],"version-history":[{"count":1,"href":"https:\/\/sites.telfer.uottawa.ca\/creet\/wp-json\/wp\/v2\/pages\/879\/revisions"}],"predecessor-version":[{"id":880,"href":"https:\/\/sites.telfer.uottawa.ca\/creet\/wp-json\/wp\/v2\/pages\/879\/revisions\/880"}],"wp:attachment":[{"href":"https:\/\/sites.telfer.uottawa.ca\/creet\/wp-json\/wp\/v2\/media?parent=879"}],"curies":[{"name":"wp","href":"https:\/\/api.w.org\/{rel}","templated":true}]}}