{"id":886,"date":"2023-03-21T11:30:05","date_gmt":"2023-03-21T15:30:05","guid":{"rendered":"https:\/\/sites.telfer.uottawa.ca\/creet\/?page_id=886"},"modified":"2023-03-21T11:35:46","modified_gmt":"2023-03-21T15:35:46","slug":"hotel","status":"publish","type":"page","link":"https:\/\/sites.telfer.uottawa.ca\/creet\/hotel\/?lang=fr","title":{"rendered":"H\u00f4tel"},"content":{"rendered":"\n<h2 class=\"wp-block-heading\">90U<\/h2>\n\n\n\n<p>R\u00e9sidences de l\u2019Universit\u00e9 d\u2019Ottawa<\/p>\n\n\n\n<p>90, rue Universit\u00e9, Ottawa (Ontario)\u00a0 K1N\u00a06N5<br>T\u00e9l\u00e9phone\u00a0: 613-562-5885<br>Site Web:\u00a0<a rel=\"noreferrer noopener\" href=\"https:\/\/www.accommodation.uottawa.ca\/\" target=\"_blank\">https:\/\/www.accommodation.uottawa.ca\/<\/a><br>Code promotionnel: CREETUO2023<\/p>\n\n\n\n<p>133&nbsp;$ CA&nbsp;\u2013&nbsp;Frais nets, sans commission et en dollars canadiens. En plus des frais d\u2019h\u00e9bergement indiqu\u00e9s, chaque personne h\u00e9berg\u00e9e doit payer la taxe de vente harmonis\u00e9e de&nbsp;13&nbsp;%, la taxe municipale d\u2019h\u00e9bergement de&nbsp;4&nbsp;% et tous les autres frais applicables.<\/p>\n\n\n\n<p><strong>UNE SUITE AU C\u0152UR DU CAMPUS<\/strong><\/p>\n\n\n\n<ul class=\"wp-block-list\">\n<li>Suites de deux chambres<\/li>\n\n\n\n<li>Deux lits doubles<\/li>\n\n\n\n<li>Maximum de&nbsp;4&nbsp;personnes<\/li>\n\n\n\n<li>Salle de bain priv\u00e9e<\/li>\n\n\n\n<li>Cuisinette avec four \u00e0 micro-ondes et r\u00e9frig\u00e9rateur<\/li>\n\n\n\n<li>Aucun article de cuisine fourni<\/li>\n\n\n\n<li>Air conditionn\u00e9<\/li>\n<\/ul>\n\n\n\n<h4 class=\"wp-block-heading\">Renseignements sur la facturation<\/h4>\n\n\n\n<p>Il incombe aux invit\u00e9es et invit\u00e9s d\u2019acquitter tous leurs frais d\u2019h\u00e9bergement.<\/p>\n","protected":false},"excerpt":{"rendered":"<p>90U R\u00e9sidences de l\u2019Universit\u00e9 d\u2019Ottawa 90, rue Universit\u00e9, Ottawa (Ontario)\u00a0 K1N\u00a06N5T\u00e9l\u00e9phone\u00a0: 613-562-5885Site Web:\u00a0https:\/\/www.accommodation.uottawa.ca\/Code promotionnel: CREETUO2023 133&nbsp;$ CA&nbsp;\u2013&nbsp;Frais nets, sans commission et en dollars canadiens. En plus des frais d\u2019h\u00e9bergement indiqu\u00e9s, chaque personne h\u00e9berg\u00e9e doit payer la taxe de vente harmonis\u00e9e de&nbsp;13&nbsp;%, la taxe municipale d\u2019h\u00e9bergement de&nbsp;4&nbsp;% et tous les autres frais applicables. UNE SUITE AU [&hellip;]<\/p>\n","protected":false},"author":96,"featured_media":0,"parent":0,"menu_order":8,"comment_status":"closed","ping_status":"closed","template":"","meta":{"footnotes":""},"class_list":["post-886","page","type-page","status-publish","hentry"],"_links":{"self":[{"href":"https:\/\/sites.telfer.uottawa.ca\/creet\/wp-json\/wp\/v2\/pages\/886","targetHints":{"allow":["GET"]}}],"collection":[{"href":"https:\/\/sites.telfer.uottawa.ca\/creet\/wp-json\/wp\/v2\/pages"}],"about":[{"href":"https:\/\/sites.telfer.uottawa.ca\/creet\/wp-json\/wp\/v2\/types\/page"}],"author":[{"embeddable":true,"href":"https:\/\/sites.telfer.uottawa.ca\/creet\/wp-json\/wp\/v2\/users\/96"}],"replies":[{"embeddable":true,"href":"https:\/\/sites.telfer.uottawa.ca\/creet\/wp-json\/wp\/v2\/comments?post=886"}],"version-history":[{"count":3,"href":"https:\/\/sites.telfer.uottawa.ca\/creet\/wp-json\/wp\/v2\/pages\/886\/revisions"}],"predecessor-version":[{"id":891,"href":"https:\/\/sites.telfer.uottawa.ca\/creet\/wp-json\/wp\/v2\/pages\/886\/revisions\/891"}],"wp:attachment":[{"href":"https:\/\/sites.telfer.uottawa.ca\/creet\/wp-json\/wp\/v2\/media?parent=886"}],"curies":[{"name":"wp","href":"https:\/\/api.w.org\/{rel}","templated":true}]}}