{"id":1170,"date":"2021-01-26T03:41:57","date_gmt":"2021-01-26T08:41:57","guid":{"rendered":"https:\/\/sites.telfer.uottawa.ca\/elearning\/?page_id=1170"},"modified":"2023-08-16T14:09:04","modified_gmt":"2023-08-16T18:09:04","slug":"gabarit-de-cours-telfer","status":"publish","type":"page","link":"https:\/\/sites.telfer.uottawa.ca\/elearning\/fr\/gabarit-de-cours-telfer\/","title":{"rendered":"Gabarit de cours Telfer"},"content":{"rendered":"\n<p>L&#8217;\u00e9cole de gestion Telfer a d\u00e9velopp\u00e9 un mod\u00e8le de cours Brightspace pour les professeurs de Telfer. Les mod\u00e8les ont \u00e9t\u00e9 con\u00e7us de mani\u00e8re simple et offrent une personnalisation limit\u00e9e afin de maintenir la coh\u00e9rence entre les cours.<\/p>\n\n\n\n<p>En adoptant ce mod\u00e8le, vous contribuerez \u00e0 cr\u00e9er une coh\u00e9rence entre les cours en ligne de Telfer, ce qui permettra aux \u00e9tudiants de trouver plus facilement des informations importantes dans des endroits pr\u00e9visibles. Le mod\u00e8le peut \u00eatre import\u00e9 en partie ou en totalit\u00e9. Vous trouverez ci-dessous les instructions pour importer le mod\u00e8le.<\/p>\n\n\n\n<p>Pour demander de l&#8217;aide concernant le mod\u00e8le, veuillez contacter Abdul Kane \u00e0 l&#8217;adresse <a rel=\"noreferrer noopener\" href=\"mailto:abdul.kane@telfer.uottawa.ca\" target=\"_blank\">abdul.kane@telfer.uottawa.ca<\/a>.<\/p>\n\n\n\n<p><a href=\"https:\/\/uottawa-my.sharepoint.com\/personal\/akan3_uottawa_ca\/_layouts\/15\/guestaccess.aspx?guestaccesstoken=yhEZOnh6mwabH5Qk%2FtM7QLzUmoNLfYHoCZQvQKoh7cI%3D&amp;folderid=2_0a784ba63eaff4f26a6c6750b79f2c746&amp;rev=1&amp;e=RePT0d\">T\u00e9l\u00e9charger le Gabarit.<\/a>\u00a0(Accessible sur One Drive avec votre identifiant\u00a0<a href=\"https:\/\/ti.uottawa.ca\/uoacces\">Uoacc\u00e8s<\/a>)<\/p>\n\n\n\n<h1 class=\"wp-block-heading\">Pour commencer<\/h1>\n\n\n\n<h2 class=\"wp-block-heading\">\u00c0 propos de la page de Vue d&#8217;ensemble<\/h2>\n\n\n\n<p>La page <strong>vue d&#8217;ensemble<\/strong> est la premi\u00e8re chose que les \u00e9tudiants voient lorsqu&#8217;ils cliquent dans votre cours. L&#8217;objectif de cette page est de communiquer les \u00e9l\u00e9ments cl\u00e9s du cours et d&#8217;aider les \u00e9tudiants \u00e0 naviguer dans le cours.<\/p>\n\n\n\n<h2 class=\"wp-block-heading\">\u00c0 propos de la structure par Modules<\/h2>\n\n\n\n<p>Le mod\u00e8le est organis\u00e9 en une structure par <strong>modules<\/strong>, mais vous pouvez renommer les modules si vous pr\u00e9f\u00e9rez adopter une structure <strong>par semaine<\/strong> ou organiser le mat\u00e9riel de cours <strong>par th\u00e8mes\/sujets<\/strong>.<\/p>\n\n\n<p><strong>\r\n    <div class=\"card some-class 1\">        \r\n        <div class=\"card-header\">\r\n          <a class=\"card-link\" data-toggle=\"collapse\" href=\"#1\">\r\n            \u00c0 propos de la structure du gabarit (cliquer pour agrandir)          <\/a>\r\n        <\/div>\r\n        <div id=\"1\" class=\"collapse \">\r\n          <div class=\"card-body\">\r\n            <\/strong>Le gabarit est compos\u00e9 d&#8217;une page de vue d&#8217;ensemble, un module Syllabus o\u00f9 vous trouverez le syllabus en version PDF ainsi que des pages sur le cours, les politiques et les ressources disponibles. Des exemples de modules sont \u00e9galement propos\u00e9s. Il appartient aux instructeurs d&#8217;inclure ou non ces modules.<\/p>\n<ul>\n<li>Vue d&#8217;ensemble du cours<\/li>\n<li>Syllabus<\/li>\n<li>\u00c0 propos du cours<\/li>\n<li>Politiques<\/li>\n<li>Ressources<\/li>\n<li>Modules 1, 2, 3, 4, 5, 6, 7, 8<\/li>\n<\/ul>\n          <\/div>\r\n        <\/div>\r\n    <\/div>\r\n\r\n    \n\n\n<p><strong>\r\n    <div class=\"card some-class 2\">        \r\n        <div class=\"card-header\">\r\n          <a class=\"card-link\" data-toggle=\"collapse\" href=\"#2\">\r\n            Importer l&#039;ensemble du gabarit (cliquer pour agrandir)          <\/a>\r\n        <\/div>\r\n        <div id=\"2\" class=\"collapse \">\r\n          <div class=\"card-body\">\r\n            <\/strong>Le gabarit est disponible \u00e0 <a href=\"https:\/\/uottawa-my.sharepoint.com\/personal\/akan3_uottawa_ca\/_layouts\/15\/guestaccess.aspx?guestaccesstoken=yhEZOnh6mwabH5Qk%2FtM7QLzUmoNLfYHoCZQvQKoh7cI%3D&amp;folderid=2_0a784ba63eaff4f26a6c6750b79f2c746&amp;rev=1&amp;e=RePT0d\" target=\"_blank\" rel=\"noreferrer noopener\">zip file<\/a>. Suivez les instructions sur la fa\u00e7on d&#8217;importer le gabarit dans votre cours.<\/p>\n<ol>\n<li>T\u00e9l\u00e9chargez le fichier zip ci-dessus.<\/li>\n<li>Entrez dans votre nouveau cours.<\/li>\n<li>Cliquez sur &#8220;Administration du cours&#8221; dans la barre de navigation du dessus.<\/li>\n<li>S\u00e9lectionnez les composants \u00e0 importer\/exporter\/copier.<\/li>\n<li>S\u00e9lectionnez le fichier d&#8217;importation.<\/li>\n<li>Naviguez sur votre ordinateur et attachez le fichier zip que vous venez de t\u00e9l\u00e9charger.<\/li>\n<li><strong>S\u00e9lectionnez Importer tous les composants.<\/strong><\/li>\n<li>Attendez quelques secondes pour que l&#8217;importation du cours soit termin\u00e9e.<\/li>\n<li>Cliquez sur l&#8217;onglet Contenu dans la barre de navigation pour voir le gabarit de cours.<\/li>\n<\/ol>\n          <\/div>\r\n        <\/div>\r\n    <\/div>\r\n\r\n    \n\n\n<p><strong>\r\n    <div class=\"card some-class 3\">        \r\n        <div class=\"card-header\">\r\n          <a class=\"card-link\" data-toggle=\"collapse\" href=\"#3\">\r\n            Importer des parties du gabarits (cliquer pour agrandir)          <\/a>\r\n        <\/div>\r\n        <div id=\"3\" class=\"collapse \">\r\n          <div class=\"card-body\">\r\n            <\/strong>Le gabarit est disponible \u00e0 <a href=\"https:\/\/uottawa-my.sharepoint.com\/personal\/akan3_uottawa_ca\/_layouts\/15\/guestaccess.aspx?guestaccesstoken=yhEZOnh6mwabH5Qk%2FtM7QLzUmoNLfYHoCZQvQKoh7cI%3D&amp;folderid=2_0a784ba63eaff4f26a6c6750b79f2c746&amp;rev=1&amp;e=RePT0d\" target=\"_blank\" rel=\"noreferrer noopener\">zip file<\/a>. Suivez les instructions sur la fa\u00e7on d&#8217;importer le gabarit dans votre cours.<\/p>\n<ol>\n<li>T\u00e9l\u00e9chargez le fichier zip ci-dessus.<\/li>\n<li>Entrez dans votre nouveau cours.<\/li>\n<li>Cliquez sur &#8220;Administration du cours&#8221; dans la barre de navigation du dessus.<\/li>\n<li>S\u00e9lectionnez les composants \u00e0 importer\/exporter\/copier.<\/li>\n<li><strong>S\u00e9lectionnez les composants de l&#8217;importation.<\/strong><\/li>\n<li>Cliquez sur D\u00e9marrer.<\/li>\n<li>Cliquez sur Options avanc\u00e9es. Ensuite sur Continuer.<\/li>\n<li>Cochez les \u00e9l\u00e9ments que vous souhaitez copier.<\/li>\n<li>Cliquez sur Continuer et suivez les \u00e9tapes pour terminer l&#8217;importation.<\/li>\n<li>Cliquez sur l&#8217;onglet Contenu dans la barre de navigation pour voir les \u00e9l\u00e9ments import\u00e9s.<\/li>\n<\/ol>\n          <\/div>\r\n        <\/div>\r\n    <\/div>\r\n\r\n    \n\n\n\n<p><\/p>\n\n\n\n<p>Une fois que vous avez import\u00e9 le gabarit dans votre cours, veuillez vous r\u00e9f\u00e9rer \u00e0 la section suivante pour savoir comment mettre \u00e0 jour le contenu.<\/p>\n\n\n\n<h1 class=\"wp-block-heading\">\u00c9dition du gabarit de cours<\/h1>\n\n\n\n<h2 class=\"wp-block-heading\">Vue d&#8217;ensemble<\/h2>\n\n\n\n<p>La page <strong>vue d&#8217;ensemble<\/strong> est la premi\u00e8re chose que les \u00e9tudiants voient lorsqu&#8217;ils cliquent dans votre cours. L&#8217;objectif de cette page est de communiquer les \u00e9l\u00e9ments cl\u00e9s du cours et d&#8217;aider les \u00e9tudiants \u00e0 naviguer dans le cours.<\/p>\n\n\n<p><strong>\r\n    <div class=\"card some-class 4\">        \r\n        <div class=\"card-header\">\r\n          <a class=\"card-link\" data-toggle=\"collapse\" href=\"#4\">\r\n            Comment \u00e9diter la page Vue d&#039;ensemble (cliquer pour agrandir)          <\/a>\r\n        <\/div>\r\n        <div id=\"4\" class=\"collapse \">\r\n          <div class=\"card-body\">\r\n            <\/strong>Cliquez<strong> \u00e0 l&#8217;int\u00e9rieur de la page <\/strong>pour acc\u00e9der \u00e0 l&#8217;\u00e9diteur de texte. Vous verrez des options d&#8217;\u00e9dition en haut de la page (par exemple gras, italique, hyperliens, etc.)<\/p>\n<ul>\n<li>Mettez \u00e0 jour le message d&#8217;introduction au cours.<\/li>\n<li>Mettre \u00e0 jour vos coordonn\u00e9es ainsi que celles des AE.<\/li>\n<li>Cliquez sur Ajouter votre syllabus en pi\u00e8ce jointe en bas de la page (en pdf) si n\u00e9cessaire.<\/li>\n<\/ul>\n          <\/div>\r\n        <\/div>\r\n    <\/div>\r\n\r\n    \n\n\n\n<h2 class=\"wp-block-heading\">Module d&#8217;Introduction<\/h2>\n\n\n\n<p>Le but de ce module est de d\u00e9finir les attentes concernant le fonctionnement du cours. Le module Syllabus est compos\u00e9 de 4 pages :<\/p>\n\n\n\n<ul class=\"wp-block-list\">\n<li>Syllabus (PDF)<\/li>\n\n\n\n<li>\u00c0 propos du cours<\/li>\n\n\n\n<li>Politiques<\/li>\n\n\n\n<li>Ressources<\/li>\n<\/ul>\n\n\n<p><strong>\r\n    <div class=\"card some-class 6\">        \r\n        <div class=\"card-header\">\r\n          <a class=\"card-link\" data-toggle=\"collapse\" href=\"#6\">\r\n            Comment modifier le module Syllabus (cliquer pour agrandir)          <\/a>\r\n        <\/div>\r\n        <div id=\"6\" class=\"collapse \">\r\n          <div class=\"card-body\">\r\n            <\/strong>Dans le menu de gauche, cliquez sur Syllabus.  Cliquez <strong>dans la zone de description<\/strong> pour acc\u00e9der \u00e0 l&#8217;\u00e9diteur de texte. Vous verrez les options de l&#8217;\u00e9diteur de texte en haut de la page (par exemple, gras, italique, hyperliens, etc.).<\/p>\n<li>Incluez un message ou un court clip vid\u00e9o pour souhaiter la bienvenue \u00e0 vos \u00e9tudiants si vous le d\u00e9sirez. Ajoutez votre texte.<\/li>\n<li>Ajoutez une photo de profil. Utilisez <a href=\"https:\/\/crop-circle.imageonline.co\/\" target=\"_blank\" rel=\"noreferrer noopener\">https:\/\/crop-circle.imageonline.co\/<\/a> pour cr\u00e9er des images de profil circulaires.<\/li>\n<li>Ajoutez une courte introduction au cours.<\/li>\n<li>Cliquez sur <strong>Mettre \u00e0 jour pour enregistrer les changements<\/strong>.<\/li>\n<p>            <\/div>\r\n        <\/div>\r\n    <\/div>\r\n\r\n    \n\n\n<p><strong>\r\n    <div class=\"card some-class 7\">        \r\n        <div class=\"card-header\">\r\n          <a class=\"card-link\" data-toggle=\"collapse\" href=\"#7\">\r\n            Modifier la section Syllabus - PDF           <\/a>\r\n        <\/div>\r\n        <div id=\"7\" class=\"collapse \">\r\n          <div class=\"card-body\">\r\n            <\/strong>Dans le module Syllabus, cliquez sur le chevron \u00e0 droite du titre Syllabus PDF et choisissez <strong>Changer le fichier<\/strong>. Dans la page de t\u00e9l\u00e9versement de fichier, cliquez T\u00e9l\u00e9verser et ajoutez votre Syllabus en version PDF \u00e0 partir de votre ordinateur. <strong>Mettre \u00e0 jour<\/strong> pour enregistrer les changements.<br \/>\n           <\/div>\r\n        <\/div>\r\n    <\/div>\r\n\r\n    \n\n\n<p><strong>\r\n    <div class=\"card some-class 8\">        \r\n        <div class=\"card-header\">\r\n          <a class=\"card-link\" data-toggle=\"collapse\" href=\"#8\">\r\n            Modifier la page \u00c0 propos du cours (cliquer pour agrandir)          <\/a>\r\n        <\/div>\r\n        <div id=\"8\" class=\"collapse \">\r\n          <div class=\"card-body\">\r\n            <\/strong>Dans le module Syllabus, cliquez sur le chevron \u00e0 droite du titre \u00c0 propos du cours et choisissez <strong>Modifier le fichier HTML<\/strong> Dans la page de modification HTML, vous verrez les options d&#8217;\u00e9dition en haut de la page (par exemple, gras, italique, hyperliens, etc.). Cliquez sur le texte pour modifier le contenu et faire les changements n\u00e9cessaires. Pour terminer, cliquez <strong>Enregistrer et fermer <\/strong>pour sauvegarder vos changements.            <\/div>\r\n        <\/div>\r\n    <\/div>\r\n\r\n    \n\n\n\n<h2 class=\"wp-block-heading\">Modules de cours<\/h2>\n\n\n\n<p>Les <strong>modules<\/strong> visent \u00e0 aider les \u00e9tudiants \u00e0 acc\u00e9der facilement aux supports de cours et \u00e0 maintenir l&#8217;organisation du cours. Chaque module (par exemple le module 1, le module 2, le module 3, etc.) commence par un <strong>aper\u00e7u du module<\/strong> dans la zone de description en haut de la page, o\u00f9 vous pouvez le trouver :<\/p>\n\n\n\n<ul class=\"wp-block-list\">\n<li>Ajoutez une <strong>br\u00e8ve description<\/strong> du module (ou un court clip vid\u00e9o).<\/li>\n\n\n\n<li>Ajouter les <strong>objectifs d&#8217;apprentissage<\/strong> pour le module.<\/li>\n\n\n\n<li>Ajouter une <strong>liste de choses \u00e0 faire <\/strong>(checklist) pour le module (par exemple, des activit\u00e9s et des \u00e9valuations).<\/li>\n<\/ul>\n\n\n\n<p>Vous pouvez ensuite t\u00e9l\u00e9charger des <strong>fichiers<\/strong>, ajouter des <strong>liens<\/strong>, cr\u00e9er des pages pour partager le mat\u00e9riel de cours avec les \u00e9tudiants (par exemple, des diapositives PPT, des \u00e9tudes de cas, des enregistrements vid\u00e9o, des documents) de chaque semaine. Vous pouvez \u00e9galement ajouter des liens vers les <strong>activit\u00e9s et \u00e9valuations du cours<\/strong> (par exemple, des questionnaires, des devoirs, des discussions, etc.).<\/p>\n\n\n","protected":false},"excerpt":{"rendered":"<p>L&#8217;\u00e9cole de gestion Telfer a d\u00e9velopp\u00e9 un mod\u00e8le de cours Brightspace pour les professeurs de Telfer. Les mod\u00e8les ont \u00e9t\u00e9 con\u00e7us de mani\u00e8re simple et offrent une personnalisation limit\u00e9e afin de maintenir la coh\u00e9rence entre les cours. En adoptant ce mod\u00e8le, vous contribuerez \u00e0 cr\u00e9er une coh\u00e9rence entre les cours en ligne de Telfer, ce [&hellip;]<\/p>\n","protected":false},"author":1,"featured_media":0,"parent":0,"menu_order":0,"comment_status":"closed","ping_status":"closed","template":"","meta":{"footnotes":""},"class_list":["post-1170","page","type-page","status-publish","hentry"],"_links":{"self":[{"href":"https:\/\/sites.telfer.uottawa.ca\/elearning\/fr\/wp-json\/wp\/v2\/pages\/1170","targetHints":{"allow":["GET"]}}],"collection":[{"href":"https:\/\/sites.telfer.uottawa.ca\/elearning\/fr\/wp-json\/wp\/v2\/pages"}],"about":[{"href":"https:\/\/sites.telfer.uottawa.ca\/elearning\/fr\/wp-json\/wp\/v2\/types\/page"}],"author":[{"embeddable":true,"href":"https:\/\/sites.telfer.uottawa.ca\/elearning\/fr\/wp-json\/wp\/v2\/users\/1"}],"replies":[{"embeddable":true,"href":"https:\/\/sites.telfer.uottawa.ca\/elearning\/fr\/wp-json\/wp\/v2\/comments?post=1170"}],"version-history":[{"count":23,"href":"https:\/\/sites.telfer.uottawa.ca\/elearning\/fr\/wp-json\/wp\/v2\/pages\/1170\/revisions"}],"predecessor-version":[{"id":2159,"href":"https:\/\/sites.telfer.uottawa.ca\/elearning\/fr\/wp-json\/wp\/v2\/pages\/1170\/revisions\/2159"}],"wp:attachment":[{"href":"https:\/\/sites.telfer.uottawa.ca\/elearning\/fr\/wp-json\/wp\/v2\/media?parent=1170"}],"curies":[{"name":"wp","href":"https:\/\/api.w.org\/{rel}","templated":true}]}}