{"id":1940,"date":"2021-11-03T10:04:58","date_gmt":"2021-11-03T14:04:58","guid":{"rendered":"https:\/\/sites.telfer.uottawa.ca\/elearning\/?page_id=1940"},"modified":"2023-09-06T15:12:50","modified_gmt":"2023-09-06T19:12:50","slug":"enseignement-bimodal","status":"publish","type":"page","link":"https:\/\/sites.telfer.uottawa.ca\/elearning\/fr\/enseignement-bimodal\/","title":{"rendered":"Enseignement bimodal: strat\u00e9gies efficaces"},"content":{"rendered":"\n<p>Vous vous pr\u00e9parez \u00e0 offrir un cours selon une approche bimodale pour la premi\u00e8re fois? Les id\u00e9es pr\u00e9sent\u00e9es dans cette vid\u00e9o vous permettront de passer en revue les \u00e9l\u00e9ments essentiels, de la planification de vos rencontres synchrone en passant par les composantes technologiques qui seront \u00e0 votre disposition. Nous proposerons \u00e9galement les strat\u00e9gies d\u2019enseignement les plus appropri\u00e9es pour offrir une exp\u00e9rience d\u2019apprentissage riche et stimulante pour l\u2019ensemble de vos \u00e9tudiantes et \u00e9tudiantes<\/p>\n\n\n\n<h5 class=\"wp-block-heading\">Nous proposons les outils suivants pour vous guider&nbsp;:&nbsp;<\/h5>\n\n\n\n<ul class=\"wp-block-list\">\n<li>Podium \u2013\u00a0<a href=\"https:\/\/sites.telfer.uottawa.ca\/elearning\/files\/2023\/03\/Guide_podium_FRA_VF.pdf\" target=\"_blank\" rel=\"noreferrer noopener\">Guide pour l\u2019enseignement bimodal<\/a><a rel=\"noreferrer noopener\" href=\"https:\/\/sites.telfer.uottawa.ca\/elearning\/files\/2023\/03\/Guide_podium_avance.pdf\" target=\"_blank\">\u00a0<\/a>(PDF)<\/li>\n\n\n\n<li>Podium \u2013&nbsp;<a href=\"https:\/\/sites.telfer.uottawa.ca\/elearning\/files\/2023\/03\/Guide_podium_avance.pdf\" data-type=\"URL\" data-id=\"https:\/\/sites.telfer.uottawa.ca\/elearning\/files\/2023\/03\/Guide_podium_avance.pdf\" target=\"_blank\" rel=\"noreferrer noopener\">Fonctionnalit\u00e9s avanc\u00e9es<\/a>&nbsp;(PDF)<\/li>\n\n\n\n<li>Webinaire :&nbsp;<a href=\"https:\/\/sites.telfer.uottawa.ca\/elearning\/files\/2023\/03\/Guide_podium_FRA_VF.pdf\" target=\"_blank\" rel=\"noreferrer noopener\">Diaporama du webinaire (PDF)<\/a><\/li>\n<\/ul>\n\n\n\n<p><strong>Webinaire:&nbsp;<\/strong>Animation p\u00e9dagogique dans un contexte bimodal : strat\u00e9gies efficaces<\/p>\n\n\n\n<figure class=\"wp-block-embed is-type-video is-provider-youtube wp-block-embed-youtube wp-embed-aspect-16-9 wp-has-aspect-ratio\"><div class=\"wp-block-embed__wrapper\">\n<iframe loading=\"lazy\" title=\"Contexte bimodal\" width=\"1170\" height=\"658\" src=\"https:\/\/www.youtube.com\/embed\/quJnH3jVZMU?feature=oembed\" frameborder=\"0\" allow=\"accelerometer; autoplay; clipboard-write; encrypted-media; gyroscope; picture-in-picture; web-share\" allowfullscreen><\/iframe>\n<\/div><\/figure>\n","protected":false},"excerpt":{"rendered":"<p>Vous vous pr\u00e9parez \u00e0 offrir un cours selon une approche bimodale pour la premi\u00e8re fois? Les id\u00e9es pr\u00e9sent\u00e9es dans cette vid\u00e9o vous permettront de passer en revue les \u00e9l\u00e9ments essentiels, de la planification de vos rencontres synchrone en passant par les composantes technologiques qui seront \u00e0 votre disposition. Nous proposerons \u00e9galement les strat\u00e9gies d\u2019enseignement les [&hellip;]<\/p>\n","protected":false},"author":39,"featured_media":0,"parent":0,"menu_order":0,"comment_status":"closed","ping_status":"closed","template":"","meta":{"footnotes":""},"class_list":["post-1940","page","type-page","status-publish","hentry"],"_links":{"self":[{"href":"https:\/\/sites.telfer.uottawa.ca\/elearning\/fr\/wp-json\/wp\/v2\/pages\/1940","targetHints":{"allow":["GET"]}}],"collection":[{"href":"https:\/\/sites.telfer.uottawa.ca\/elearning\/fr\/wp-json\/wp\/v2\/pages"}],"about":[{"href":"https:\/\/sites.telfer.uottawa.ca\/elearning\/fr\/wp-json\/wp\/v2\/types\/page"}],"author":[{"embeddable":true,"href":"https:\/\/sites.telfer.uottawa.ca\/elearning\/fr\/wp-json\/wp\/v2\/users\/39"}],"replies":[{"embeddable":true,"href":"https:\/\/sites.telfer.uottawa.ca\/elearning\/fr\/wp-json\/wp\/v2\/comments?post=1940"}],"version-history":[{"count":6,"href":"https:\/\/sites.telfer.uottawa.ca\/elearning\/fr\/wp-json\/wp\/v2\/pages\/1940\/revisions"}],"predecessor-version":[{"id":2161,"href":"https:\/\/sites.telfer.uottawa.ca\/elearning\/fr\/wp-json\/wp\/v2\/pages\/1940\/revisions\/2161"}],"wp:attachment":[{"href":"https:\/\/sites.telfer.uottawa.ca\/elearning\/fr\/wp-json\/wp\/v2\/media?parent=1940"}],"curies":[{"name":"wp","href":"https:\/\/api.w.org\/{rel}","templated":true}]}}