{"id":233,"date":"2017-09-06T15:45:17","date_gmt":"2017-09-06T19:45:17","guid":{"rendered":"http:\/\/sites.telfer.uottawa.ca\/elearning\/fr\/?page_id=233"},"modified":"2021-11-02T15:54:24","modified_gmt":"2021-11-02T19:54:24","slug":"appui-innovation-pedagogique","status":"publish","type":"page","link":"https:\/\/sites.telfer.uottawa.ca\/elearning\/fr\/appui-innovation-pedagogique\/","title":{"rendered":"Appui \u00e0 l&#8217;innovation p\u00e9dagogique"},"content":{"rendered":"<p><strong>Fonds d&#8217;innovation p\u00e9dagogique Telfer: Emmenez votre\u00a0 enseignement \u00e0 un niveau sup\u00e9rieur<\/strong><\/p>\n<p>Le Fonds d&#8217;innovation p\u00e9dagogique Telfer est disponible pour soutenir des changements positifs mesurables et durables dans l&#8217;enseignement et l&#8217;apprentissage. Le Fonds offre un soutien pour la cr\u00e9ation de cours innovants contribuant \u00e0 l&#8217;am\u00e9lioration des programmes dans des domaines tels que, sans toutefois s&#8217;y limiter:<\/p>\n<ul>\n<li>Apprentissage exp\u00e9rientiel<\/li>\n<li>Apprentissage optimal<\/li>\n<li>Apprentissage hybride<\/li>\n<li>Apprentissage en ligne<\/li>\n<\/ul>\n<p>Tous les membres du corps professoral \u00e0 temps plein et \u00e0 temps partiel peuvent pr\u00e9senter une demande au Fonds d&#8217;innovation p\u00e9dagogique Telfer. Pour soumettre une proposition, veuillez t\u00e9l\u00e9charger et remplir le formulaire ci-dessous.<\/p>\n<ul>\n<li><a href=\"https:\/\/sites.telfer.uottawa.ca\/elearning\/files\/2021\/11\/FR-Formulaire_Demande_2021_Final.pdf\">Formulaire de demande<\/a><\/li>\n<\/ul>\n","protected":false},"excerpt":{"rendered":"<p>Fonds d&#8217;innovation p\u00e9dagogique Telfer: Emmenez votre\u00a0 enseignement \u00e0 un niveau sup\u00e9rieur Le Fonds d&#8217;innovation p\u00e9dagogique Telfer est disponible pour soutenir des changements positifs mesurables et durables dans l&#8217;enseignement et l&#8217;apprentissage. Le Fonds offre un soutien pour la cr\u00e9ation de cours innovants contribuant \u00e0 l&#8217;am\u00e9lioration des programmes dans des domaines tels que, sans toutefois s&#8217;y limiter: [&hellip;]<\/p>\n","protected":false},"author":39,"featured_media":0,"parent":0,"menu_order":0,"comment_status":"closed","ping_status":"closed","template":"","meta":{"footnotes":""},"class_list":["post-233","page","type-page","status-publish","hentry"],"_links":{"self":[{"href":"https:\/\/sites.telfer.uottawa.ca\/elearning\/fr\/wp-json\/wp\/v2\/pages\/233","targetHints":{"allow":["GET"]}}],"collection":[{"href":"https:\/\/sites.telfer.uottawa.ca\/elearning\/fr\/wp-json\/wp\/v2\/pages"}],"about":[{"href":"https:\/\/sites.telfer.uottawa.ca\/elearning\/fr\/wp-json\/wp\/v2\/types\/page"}],"author":[{"embeddable":true,"href":"https:\/\/sites.telfer.uottawa.ca\/elearning\/fr\/wp-json\/wp\/v2\/users\/39"}],"replies":[{"embeddable":true,"href":"https:\/\/sites.telfer.uottawa.ca\/elearning\/fr\/wp-json\/wp\/v2\/comments?post=233"}],"version-history":[{"count":4,"href":"https:\/\/sites.telfer.uottawa.ca\/elearning\/fr\/wp-json\/wp\/v2\/pages\/233\/revisions"}],"predecessor-version":[{"id":1933,"href":"https:\/\/sites.telfer.uottawa.ca\/elearning\/fr\/wp-json\/wp\/v2\/pages\/233\/revisions\/1933"}],"wp:attachment":[{"href":"https:\/\/sites.telfer.uottawa.ca\/elearning\/fr\/wp-json\/wp\/v2\/media?parent=233"}],"curies":[{"name":"wp","href":"https:\/\/api.w.org\/{rel}","templated":true}]}}