{"id":238,"date":"2017-09-06T15:46:29","date_gmt":"2017-09-06T19:46:29","guid":{"rendered":"http:\/\/sites.telfer.uottawa.ca\/elearning\/fr\/?page_id=238"},"modified":"2021-02-15T20:50:27","modified_gmt":"2021-02-16T01:50:27","slug":"apprentissage-actif","status":"publish","type":"page","link":"https:\/\/sites.telfer.uottawa.ca\/elearning\/fr\/apprentissage-actif\/","title":{"rendered":"L&#8217; apprentissage actif"},"content":{"rendered":"\n<blockquote class=\"wp-block-quote is-layout-flow wp-block-quote-is-layout-flow\"><p>L&#8217;apprentissage actif implique que les \u00e9tudiants participent \u00e0 leur propre apprentissage. Les strat\u00e9gies d&#8217;apprentissage actif demandent aux \u00e9tudiants de faire autre chose que de prendre des notes ou de suivre des instructions\u2026 ils participent \u00e0 des activit\u00e9s\u2026 [pour] construire de nouvelles connaissances et acqu\u00e9rir de nouvelles comp\u00e9tences scientifiques.<\/p><cite>Handelsman et al., 2007 <\/cite><\/blockquote>\n\n\n\n<h2 class=\"wp-block-heading\">Qu&#8217;est-ce que c&#8217;est ?<\/h2>\n\n\n\n<p>Selon Bonwell et Eison (1991), l&#8217;apprentissage actif est \u00ab tout ce qui implique que les \u00e9tudiants font des choses et r\u00e9fl\u00e9chissent \u00e0 ce qu&#8217;ils font \u00bb. Il faut passer d&#8217;une approche centr\u00e9e sur l&#8217;instructeur \u00e0 une approche plus centr\u00e9e sur l&#8217;apprenant avec un accent particulier sur l&#8217;engagement des \u00e9tudiants.<\/p>\n\n\n\n<p>Weimer d\u00e9finit une approche centr\u00e9e sur l&#8217;apprenant comme suit :<\/p>\n\n\n\n<ol class=\"wp-block-list\"><li>Engage les \u00e9tudiants activement dans l&#8217;apprentissage. <\/li><li>Motive en partageant un peu de pouvoir et de contr\u00f4le. <\/li><li>Encourage la collaboration. <\/li><li>Comprend l&#8217;enseignement des comp\u00e9tences d&#8217;apprentissage (et d\u00e9montre des processus de r\u00e9flexion et d&#8217;analyse). <\/li><li>Permet aux \u00e9tudiants d&#8217;apprendre et de pratiquer la r\u00e9flexion sur la mani\u00e8re et ce qu&#8217;ils apprennent.<\/li><\/ol>\n\n\n\n<p>Weimer, M. (2013). <em>Learner-centered teaching: Five key changes to practice. <\/em>San Francisco: John Wiley &amp; Sons, Inc.&nbsp;<\/p>\n\n\n\n<h2 class=\"wp-block-heading\">Les strat\u00e9gies d&#8217;apprentissage actif<\/h2>\n\n\n\n<p>Vous trouverez ci-dessous quelques strat\u00e9gies d&#8217;apprentissage actif que vous pouvez mettre en \u0153uvre en classe ou en ligne. Certains n\u00e9cessitent plus de planification et de pr\u00e9paration, elles sont donc class\u00e9es de la plus simple \u00e0 la plus complexe.<\/p>\n\n\n<p><strong>\r\n    <div class=\"card some-class 1\">        \r\n        <div class=\"card-header\">\r\n          <a class=\"card-link\" data-toggle=\"collapse\" href=\"#1\">\r\n            Le papier-minute (cliquez pour agrandir)          <\/a>\r\n        <\/div>\r\n        <div id=\"1\" class=\"collapse \">\r\n          <div class=\"card-body\">\r\n            <\/strong>The instructor pauses and asks students to answer two questions: <\/p>\n<ul>\n<li>What was the most important thing you learned during this class?<\/li>\n<li>What important question remains unanswered? <\/li>\n<\/ul>\n<p>The questions can be presented on a PowerPoint slide or on the chat in a virtual session. The strategy can be used at any time in a lecture, but is particularly useful at the end of class to encourage students to summarize the day&#8217;s content (U of Minnesota 2008).          <\/div>\r\n        <\/div>\r\n    <\/div>\r\n\r\n    \n\n\n<p><strong>\r\n    <div class=\"card some-class 2\">        \r\n        <div class=\"card-header\">\r\n          <a class=\"card-link\" data-toggle=\"collapse\" href=\"#2\">\r\n            Muddiest Point (cliquez pour agrandir)          <\/a>\r\n        <\/div>\r\n        <div id=\"2\" class=\"collapse \">\r\n          <div class=\"card-body\">\r\n            <\/strong>Students respond to one or two questions at the end of the class:<\/p>\n<ul>\n<li>What was the muddiest point in this class?<\/li>\n<li>What did you struggle the most with?<\/li>\n<\/ul>\n<p>As above, the questions can be presented on a PowerPoint slide or on the chat in a virtual session.<br \/>\n          <\/div>\r\n        <\/div>\r\n    <\/div>\r\n\r\n    \n\n\n<p><strong>\r\n    <div class=\"card some-class 3\">        \r\n        <div class=\"card-header\">\r\n          <a class=\"card-link\" data-toggle=\"collapse\" href=\"#3\">\r\n            Pensez-Partagez-Pr\u00e9sentez (cliquez pour agrandir)          <\/a>\r\n        <\/div>\r\n        <div id=\"3\" class=\"collapse \">\r\n          <div class=\"card-body\">\r\n            <\/strong>L&#8217;activit\u00e9 Pensez-Partagez-Pr\u00e9sentez (Think-Pair-Share en anglais) est une activit\u00e9 qui se divise en trois \u00e9tapes :<\/p>\n<ol>\n<li>L&#8217;instructeur pose une question pr\u00e9par\u00e9e et demande aux \u00e9l\u00e8ves d&#8217;y r\u00e9fl\u00e9chir (ou d&#8217;\u00e9crire) individuellement.<\/li>\n<li>Avec leurs paires, les \u00e9tudiants partagent leurs r\u00e9ponses verbalement ou par \u00e9crit.<\/li>\n<li>Les \u00e9tudiants discutent de la question avec le reste de la classe.<\/li>\n<\/ol>\n<div style=\"padding: 12px 16px;background-color: #f5f5f5\"><strong>Remarque :<\/strong> Si elle est men\u00e9e en ligne pendant une session synchrone, cette activit\u00e9 pourrait \u00eatre renomm\u00e9e ainsi : \u00ab Pensez-Chattez-Pr\u00e9sentez \u00bb. Les \u00e9tudiants r\u00e9fl\u00e9chissent \u00e0 leur r\u00e9ponse individuellement, puis partagent leur r\u00e9ponse avec un pair dans le clavardage, et en discutent avec le reste de la classe. <\/div>\n<p>Lorsqu&#8217;elle est utilis\u00e9e au d\u00e9but d&#8217;une session synchrone, cette technique d&#8217;apprentissage actif peut aider les \u00e9tudiants \u00e0 organiser leurs connaissances ant\u00e9rieures et \u00e0 r\u00e9fl\u00e9chir \u00e0 des questions. Lorsqu&#8217;elle est utilis\u00e9e plus tard dans la session, la strat\u00e9gie peut aider les \u00e9tudiants \u00e0 r\u00e9sumer ce qu&#8217;ils ont appris, \u00e0 l&#8217;appliquer \u00e0 de nouvelles situations et \u00e0 int\u00e9grer de nouvelles informations \u00e0 ce qu&#8217;ils savent d\u00e9j\u00e0. La strat\u00e9gie fonctionne bien avec des groupes de diff\u00e9rentes tailles et peut \u00eatre r\u00e9alis\u00e9e en quatre ou cinq minutes, ce qui en fait une strat\u00e9gie d&#8217;apprentissage actif id\u00e9ale pour les classes dans lesquelles le cours magistral est la principale m\u00e9thode d&#8217;enseignement (Universit\u00e9 du Minnesota, 2008).<br \/>\n          <\/div>\r\n        <\/div>\r\n    <\/div>\r\n\r\n    \n\n\n<p><strong>\r\n    <div class=\"card some-class 4\">        \r\n        <div class=\"card-header\">\r\n          <a class=\"card-link\" data-toggle=\"collapse\" href=\"#4\">\r\n            Le travail de groupe (cliquez pour agrandir)          <\/a>\r\n        <\/div>\r\n        <div id=\"4\" class=\"collapse \">\r\n          <div class=\"card-body\">\r\n            <\/strong>Un groupe d&#8217;\u00e9tudiants qui se r\u00e9unissent pour r\u00e9aliser une t\u00e2che sp\u00e9cifique dans un d\u00e9lai pr\u00e9cis. Dans le travail de groupe, on suppose que l&#8217;instructeur a expliqu\u00e9 la t\u00e2che aux apprenants et leur a fourni les instructions n\u00e9cessaires pour organiser leur travail (temps allou\u00e9, restrictions, etc.). L&#8217;instructeur supervise l&#8217;activit\u00e9 en classe (ou en ligne), en se d\u00e9pla\u00e7ant d&#8217;un groupe \u00e0 l&#8217;autre pour faire face \u00e0 d&#8217;\u00e9ventuels probl\u00e8mes ou fournir des commentaires suppl\u00e9mentaires (Chamberland, 1995 pp. 103-104).          <\/div>\r\n        <\/div>\r\n    <\/div>\r\n\r\n    \n\n\n<p><strong>\r\n    <div class=\"card some-class 5\">        \r\n        <div class=\"card-header\">\r\n          <a class=\"card-link\" data-toggle=\"collapse\" href=\"#5\">\r\n            M\u00e9thode puzzle (cliquez pour agrandir)          <\/a>\r\n        <\/div>\r\n        <div id=\"5\" class=\"collapse \">\r\n          <div class=\"card-body\">\r\n            <\/strong>La m\u00e9thode puzzle (ou Jigsaw en anglais) est une activit\u00e9 d&#8217;apprentissage collaboratif est divis\u00e9e en deux \u00e9tapes. <\/p>\n<p><strong>\u00c9TAPE 1:<\/strong> Les \u00e9tudiants travaillent en groupes sur un sujet particulier (ou un petit probl\u00e8me) et deviennent des \u00ab experts \u00bb de ce sujet.  <\/p>\n<p><strong>\u00c9TAPE 2:<\/strong> Les \u00e9tudiants sont ensuite divis\u00e9s en diff\u00e9rents groupes avec un membre affect\u00e9 \u00e0 chaque sujet. Chaque membre du groupe doit enseigner le sujet aux autres. Cette strat\u00e9gie vous permet de couvrir diff\u00e9rents sujets en une seule activit\u00e9 et aide les \u00e9tudiants \u00e0 d\u00e9velopper leurs comp\u00e9tences en communication et\/ou en r\u00e9solution de probl\u00e8mes.<br \/>\n          <\/div>\r\n        <\/div>\r\n    <\/div>\r\n\r\n    \n\n\n\n<h2 class=\"wp-block-heading\" id=\"block-9877145b-4904-4b85-ab92-b3acf1899c6d\">Ressources<\/h2>\n\n\n\n<p id=\"block-f085cc81-244a-4d1c-9af9-996013a4a4d7\">Voici un recueil de ressources sur l&#8217;apprentissage actif et l&#8217;apprentissage coop\u00e9ratif.<\/p>\n\n\n\n<ul class=\"wp-block-list\" id=\"block-ae04cd35-8c6e-4463-bec7-00c40c3654bb\"><li><a href=\"http:\/\/www4.ncsu.edu\/unity\/lockers\/users\/f\/felder\/public\/Student-Centered.html#Websites\">http:\/\/www4.ncsu.edu\/unity\/lockers\/users\/f\/felder\/public\/Student-Centered.html#Websites<\/a><\/li><li>Navigating the Bumpy Road to Student-Centered Instruction (Felder, R.M., &amp; Brent, R., 1996).<\/li><li><a href=\"http:\/\/www4.ncsu.edu\/unity\/lockers\/users\/f\/felder\/public\/Papers\/Resist.html\">http:\/\/www4.ncsu.edu\/unity\/lockers\/users\/f\/felder\/public\/Papers\/Resist.html<\/a><\/li><\/ul>\n\n\n\n<h4 class=\"wp-block-heading\" id=\"block-142a7920-64dd-4249-bedb-36df5aef4f85\">Apprentissage actif<\/h4>\n\n\n\n<ul class=\"wp-block-list\" id=\"block-f2367cca-228c-42aa-909e-52ea5bf3b1ce\"><li>Active Learning: <a href=\"https:\/\/cei.umn.edu\/support-services\/tutorials\/active-learning-classrooms\">https:\/\/cei.umn.edu\/support-services\/tutorials\/active-learning-classrooms<\/a><\/li><\/ul>\n\n\n\n<h4 class=\"wp-block-heading\" id=\"block-0e5d8fc1-f9b5-4995-9657-864d3f1038e8\">Recherche sur l&#8217;apprentissage interactif<\/h4>\n\n\n\n<ul class=\"wp-block-list\" id=\"block-043f98fc-1eeb-4d48-94fe-18021892fabd\"><li><a href=\"https:\/\/www.theglobeandmail.com\/news\/national\/university-students-fare-better-with-interactive-learning-study-finds\/article2020684\">https:\/\/www.theglobeandmail.com\/news\/national\/university-students-fare-better-with-interactive-learning-study-finds\/article2020684<\/a>\/<\/li><\/ul>\n\n\n\n<h4 class=\"wp-block-heading\" id=\"block-b530a6d0-5aef-4000-a60b-beb838b6c632\">Vid\u00e9os<\/h4>\n\n\n\n<ul class=\"wp-block-list\" id=\"block-375a23f3-fed9-47d2-b90c-fbad9d3f6748\"><li>Steelcase Education. Steps on how to teach in an Active Learning Classroom <a href=\"https:\/\/www.youtube.com\/watch?v=RtoiCaOW5ho\">https:\/\/www.youtube.com\/watch?v=RtoiCaOW5ho<\/a><br>\ufeff<\/li><li>University of Minnesota. Inside Active Learning Classrooms <a href=\"https:\/\/www.youtube.com\/watch?v=lfT_hoiuY8w\">https:\/\/www.youtube.com\/watch?v=lfT_hoiuY8w<\/a><br>\ufeff<\/li><li>McGill University. Teaching and learning experiences in Active Learning Classrooms: Highlights <a href=\"https:\/\/youtu.be\/xFIDad64j8M\">https:\/\/youtu.be\/xFIDad64j8M<\/a><\/li><\/ul>\n\n\n\n<p id=\"block-ed4c7398-9a63-4d3b-b91c-ecb1d9001fde\">2019 \u00a9 Tous droits r\u00e9serv\u00e9s &#8211; Service d&#8217;appui \u00e0 l&#8217;enseignement et \u00e0 l&#8217;apprentissage, Universit\u00e9 d&#8217;Ottawa<\/p>\n","protected":false},"excerpt":{"rendered":"<p>L&#8217;apprentissage actif implique que les \u00e9tudiants participent \u00e0 leur propre apprentissage. Les strat\u00e9gies d&#8217;apprentissage actif demandent aux \u00e9tudiants de faire autre chose que de prendre des notes ou de suivre des instructions\u2026 ils participent \u00e0 des activit\u00e9s\u2026 [pour] construire de nouvelles connaissances et acqu\u00e9rir de nouvelles comp\u00e9tences scientifiques. Handelsman et al., 2007 Qu&#8217;est-ce que c&#8217;est [&hellip;]<\/p>\n","protected":false},"author":39,"featured_media":0,"parent":0,"menu_order":0,"comment_status":"closed","ping_status":"closed","template":"","meta":{"footnotes":""},"class_list":["post-238","page","type-page","status-publish","hentry"],"_links":{"self":[{"href":"https:\/\/sites.telfer.uottawa.ca\/elearning\/fr\/wp-json\/wp\/v2\/pages\/238","targetHints":{"allow":["GET"]}}],"collection":[{"href":"https:\/\/sites.telfer.uottawa.ca\/elearning\/fr\/wp-json\/wp\/v2\/pages"}],"about":[{"href":"https:\/\/sites.telfer.uottawa.ca\/elearning\/fr\/wp-json\/wp\/v2\/types\/page"}],"author":[{"embeddable":true,"href":"https:\/\/sites.telfer.uottawa.ca\/elearning\/fr\/wp-json\/wp\/v2\/users\/39"}],"replies":[{"embeddable":true,"href":"https:\/\/sites.telfer.uottawa.ca\/elearning\/fr\/wp-json\/wp\/v2\/comments?post=238"}],"version-history":[{"count":15,"href":"https:\/\/sites.telfer.uottawa.ca\/elearning\/fr\/wp-json\/wp\/v2\/pages\/238\/revisions"}],"predecessor-version":[{"id":1401,"href":"https:\/\/sites.telfer.uottawa.ca\/elearning\/fr\/wp-json\/wp\/v2\/pages\/238\/revisions\/1401"}],"wp:attachment":[{"href":"https:\/\/sites.telfer.uottawa.ca\/elearning\/fr\/wp-json\/wp\/v2\/media?parent=238"}],"curies":[{"name":"wp","href":"https:\/\/api.w.org\/{rel}","templated":true}]}}