{"id":419,"date":"2020-07-14T01:25:44","date_gmt":"2020-07-14T05:25:44","guid":{"rendered":"https:\/\/sites.telfer.uottawa.ca\/elearning\/?page_id=419"},"modified":"2021-11-17T12:04:05","modified_gmt":"2021-11-17T17:04:05","slug":"bienvenue","status":"publish","type":"page","link":"https:\/\/sites.telfer.uottawa.ca\/elearning\/fr\/","title":{"rendered":"Bienvenue"},"content":{"rendered":"\n<div class=\"wp-block-group\"><div class=\"wp-block-group__inner-container is-layout-flow wp-block-group-is-layout-flow\">\n<p class=\"has-white-background-color has-background\"><strong>L\u2019Ecole de gestion Telfer<\/strong> adopt\u00e9 un plan d\u2019action pour op\u00e9rationnaliser la transition vers l\u2019enseignement et l\u2019apprentissage en ligne.<br>Vous trouverez ici des strat\u00e9gies d\u2019enseignement ainsi que des ressources p\u00e9dagogiques pour offrir aux \u00e9tudiantes et \u00e9tudiants un apprentissage  de qualit\u00e9.<\/p>\n<\/div><\/div>\n\n\n\n<div class=\"wp-block-group\"><div class=\"wp-block-group__inner-container is-layout-flow wp-block-group-is-layout-flow\"><\/div><\/div>\n\n\n\n<div class=\"wp-block-group has-background\" style=\"background-color:#f2f2f2\"><div class=\"wp-block-group__inner-container is-layout-flow wp-block-group-is-layout-flow\">\n<div class=\"wp-block-group\"><div class=\"wp-block-group__inner-container is-layout-flow wp-block-group-is-layout-flow\">\n<h1 class=\"has-text-align-center wp-block-heading\">Pour commencer<\/h1>\n\n\n\n<p>Pour vous aider \u00e0 passer \u00e0 l&#8217;enseignement \u00e0 distance, l&#8217;\u00c9cole de gestion Telfer School a \u00e9labor\u00e9 des lignes directrices. Veuillez consulter les doucuments suivants:<\/p>\n<\/div><\/div>\n\n\n\n<ul class=\"wp-block-list\"><li><a rel=\"noreferrer noopener\" href=\"https:\/\/sites.telfer.uottawa.ca\/elearning\/files\/2021\/11\/Demarrage_rapide_Hiver2022_Telfer.pdf\" target=\"_blank\">D\u00e9marrage rapide<\/a> (PDF)<\/li><li><a rel=\"noreferrer noopener\" href=\"https:\/\/sites.telfer.uottawa.ca\/elearning\/files\/2021\/08\/FR_BCOM_Online_Syllabus_Template_Fall2021_final.docx\" target=\"_blank\">BCOM Gabarit Syllabus 2021<\/a> (WORD)<\/li><\/ul>\n\n\n<\/div><\/div>\n\n\n\n<div class=\"wp-block-group\"><div class=\"wp-block-group__inner-container is-layout-flow wp-block-group-is-layout-flow\">\n<div class=\"wp-block-group\"><div class=\"wp-block-group__inner-container is-layout-flow wp-block-group-is-layout-flow\">\n<h1 class=\"has-text-align-center has-white-background-color has-background wp-block-heading\">Aborder l&#8217;enseignement en ligne<\/h1>\n\n\n\n<div class=\"wp-block-columns is-layout-flex wp-container-core-columns-is-layout-9d6595d7 wp-block-columns-is-layout-flex\">\n<div class=\"wp-block-column is-layout-flow wp-block-column-is-layout-flow\">\n<h3 class=\"has-background wp-block-heading\" style=\"background-color:#f2f2f2\"><a rel=\"noreferrer noopener\" href=\"https:\/\/sites.telfer.uottawa.ca\/elearning\/fr\/planifier-lenseignement-en-ligne\/\" target=\"_blank\">Planifier l&#8217;enseignement en ligne<\/a><\/h3>\n\n\n\n<div class=\"wp-block-columns is-layout-flex wp-container-core-columns-is-layout-9d6595d7 wp-block-columns-is-layout-flex\">\n<div class=\"wp-block-column is-layout-flow wp-block-column-is-layout-flow\">\n<h3 class=\"has-background wp-block-heading\" style=\"background-color:#f2f2f2\"><a rel=\"noreferrer noopener\" href=\"https:\/\/sites.telfer.uottawa.ca\/elearning\/fr\/technologies-dapprentissage\/\" target=\"_blank\">Technologies de l&#8217;apprentissage<\/a><\/h3>\n<\/div>\n<\/div>\n<\/div>\n\n\n\n<div class=\"wp-block-column is-layout-flow wp-block-column-is-layout-flow\">\n<h3 class=\"has-background wp-block-heading\" style=\"background-color:#f2f2f2\"><a rel=\"noreferrer noopener\" href=\"https:\/\/sites.telfer.uottawa.ca\/elearning\/fr\/engager-les-etudiants-en-ligne\/\" target=\"_blank\">Engager les \u00e9tudiants en ligne<\/a><\/h3>\n\n\n\n<div class=\"wp-block-columns is-layout-flex wp-container-core-columns-is-layout-9d6595d7 wp-block-columns-is-layout-flex\">\n<div class=\"wp-block-column is-layout-flow wp-block-column-is-layout-flow\">\n<h3 class=\"has-background wp-block-heading\" style=\"background-color:#f2f2f2\"><a rel=\"noreferrer noopener\" href=\"https:\/\/sites.telfer.uottawa.ca\/elearning\/fr\/strategie-devaluation\/\" target=\"_blank\">Les strat\u00e9gies d&#8217;\u00e9valuation<\/a><\/h3>\n\n\n<\/div>\n<\/div>\n<\/div>\n<\/div>\n<\/div><\/div>\n<\/div><\/div>\n\n\n\n<div class=\"wp-block-group\"><div class=\"wp-block-group__inner-container is-layout-flow wp-block-group-is-layout-flow\">\n<div class=\"wp-block-group has-background\" style=\"background-color:#f2f2f2\"><div class=\"wp-block-group__inner-container is-layout-flow wp-block-group-is-layout-flow\">\n<div class=\"wp-block-group\"><div class=\"wp-block-group__inner-container is-layout-flow wp-block-group-is-layout-flow\">\n<div class=\"wp-block-group\"><div class=\"wp-block-group__inner-container is-layout-flow wp-block-group-is-layout-flow\">\n<div class=\"wp-block-group\"><div class=\"wp-block-group__inner-container is-layout-flow wp-block-group-is-layout-flow\">\n<div class=\"wp-block-group\"><div class=\"wp-block-group__inner-container is-layout-flow wp-block-group-is-layout-flow\">\n<div class=\"wp-block-group\"><div class=\"wp-block-group__inner-container is-layout-flow wp-block-group-is-layout-flow\">\n<div class=\"wp-block-group\"><div class=\"wp-block-group__inner-container is-layout-flow wp-block-group-is-layout-flow\">\n<div class=\"wp-block-group\"><div class=\"wp-block-group__inner-container is-layout-flow wp-block-group-is-layout-flow\">\n<h1 class=\"has-text-align-center has-background wp-block-heading\" style=\"background-color:#f2f2f2\">Bimodal: strat\u00e9gies efficaces<\/h1>\n\n\n\n<p>Vous vous pr\u00e9parez \u00e0 offrir un cours selon une approche bimodale pour la premi\u00e8re fois? Les id\u00e9es pr\u00e9sent\u00e9es dans cette vid\u00e9o vous permettront de passer en revue les \u00e9l\u00e9ments essentiels, de la planification de vos rencontres synchrone en passant par les composantes technologiques qui seront \u00e0 votre disposition. Nous proposerons \u00e9galement les strat\u00e9gies d\u2019enseignement les plus appropri\u00e9es pour offrir une exp\u00e9rience d\u2019apprentissage riche et stimulante pour l\u2019ensemble de vos \u00e9tudiantes et \u00e9tudiantes<\/p>\n\n\n\n<h5 class=\"wp-block-heading\">Ressources :<\/h5>\n\n\n\n<p>Nous proposons les outils suivants pour vous guider&nbsp;:&nbsp;<\/p>\n\n\n\n<ul class=\"wp-block-list\"><li>Podium \u2013&nbsp;<a href=\"https:\/\/uottawa.saea-tlss.ca\/images\/Guide_podium_FRA_VF.PDF\">Guide pour l\u2019enseignement bimodal&nbsp;<\/a>(PDF)<\/li><li>Podium \u2013&nbsp;<a href=\"https:\/\/uottawa.saea-tlss.ca\/images\/Guide_podium_avance.pdf\">Fonctionnalit\u00e9s avanc\u00e9es<\/a>&nbsp;(PDF)<\/li><li>Webinaire : <a href=\"https:\/\/uottawa.saea-tlss.ca\/images\/Diaporama_W3.pdf\">Diaporama du webinaire (PDF)<\/a><\/li><\/ul>\n\n\n\n<p><strong>Webinaire: <\/strong>Animation p\u00e9dagogique dans un contexte bimodal : strat\u00e9gies efficaces<\/p>\n\n\n\n<figure class=\"wp-block-embed is-type-video is-provider-youtube wp-block-embed-youtube wp-embed-aspect-16-9 wp-has-aspect-ratio\"><div class=\"wp-block-embed__wrapper\">\n<iframe loading=\"lazy\" title=\"Contexte bimodal\" width=\"1170\" height=\"658\" src=\"https:\/\/www.youtube.com\/embed\/quJnH3jVZMU?feature=oembed\" frameborder=\"0\" allow=\"accelerometer; autoplay; clipboard-write; encrypted-media; gyroscope; picture-in-picture\" allowfullscreen><\/iframe>\n<\/div><\/figure>\n\n\n\n<p><\/p>\n\n\n\n<h1 class=\"has-text-align-center has-background wp-block-heading\" style=\"background-color:#f2f2f2\">Gabarits<\/h1>\n\n\n\n<p>En adoptant ce mod\u00e8le, vous contribuerez \u00e0 cr\u00e9er une coh\u00e9rence entre les cours en ligne de Telfer, ce qui permettra aux \u00e9tudiants de trouver plus facilement des informations importantes dans des endroits pr\u00e9visibles. Le mod\u00e8le peut \u00eatre import\u00e9 en partie ou en totalit\u00e9. Vous trouverez ci-dessous les instructions pour importer le mod\u00e8le. <a rel=\"noreferrer noopener\" href=\"https:\/\/sites.telfer.uottawa.ca\/elearning\/fr\/gabarit-de-cours-telfer\/\" target=\"_blank\">Plus de d\u00e9tails<\/a>.<\/p>\n\n\n\n<ul class=\"wp-block-list\"><li><a href=\"https:\/\/uottawa-my.sharepoint.com\/personal\/akan3_uottawa_ca\/_layouts\/15\/guestaccess.aspx?guestaccesstoken=3eHGK5MRko8AvDcGxekv%2FKdQV5VquExbC%2F9iJ5%2B2SRE%3D&amp;folderid=2_06e89ff97668f43049e423c63d9bc876d&amp;rev=1&amp;e=oKQ41q\">T\u00e9l\u00e9charger le Gabarit.<\/a> (Sur OneDrive avec votre identifiant <a href=\"https:\/\/ti.uottawa.ca\/uoacces\">Uoacc\u00e8s<\/a>)<\/li><\/ul>\n<\/div><\/div>\n<\/div><\/div>\n<\/div><\/div>\n<\/div><\/div>\n<\/div><\/div>\n<\/div><\/div>\n<\/div><\/div>\n<\/div><\/div>\n\n\n\n<div class=\"wp-block-group\"><div class=\"wp-block-group__inner-container is-layout-flow wp-block-group-is-layout-flow\">\n<div class=\"wp-block-group\"><div class=\"wp-block-group__inner-container is-layout-flow wp-block-group-is-layout-flow\">\n<div class=\"wp-block-group\"><div class=\"wp-block-group__inner-container is-layout-flow wp-block-group-is-layout-flow\">\n<div class=\"wp-block-group is-layout-flow wp-block-group-is-layout-flow\"><div class=\"wp-block-group__inner-container\"><\/div><\/div>\n\n\n\n<div class=\"wp-block-group\"><div class=\"wp-block-group__inner-container is-layout-flow wp-block-group-is-layout-flow\">\n<div class=\"wp-block-group\"><div class=\"wp-block-group__inner-container is-layout-flow wp-block-group-is-layout-flow\">\n<h1 class=\"has-text-align-center wp-block-heading\">Formation et soutien<\/h1>\n\n\n\n<div class=\"wp-block-columns is-layout-flex wp-container-core-columns-is-layout-9d6595d7 wp-block-columns-is-layout-flex\">\n<div class=\"wp-block-column is-layout-flow wp-block-column-is-layout-flow\">\n<h3 class=\"has-background wp-block-heading\" style=\"background-color:#f2f2f2\"><a href=\"https:\/\/sites.telfer.uottawa.ca\/elearning\/fr\/tutoriels-2\/\" target=\"_blank\" rel=\"noreferrer noopener\">Tutoriels<\/a><\/h3>\n<\/div>\n\n\n\n<div class=\"wp-block-column is-layout-flow wp-block-column-is-layout-flow\">\n<h3 class=\"has-background wp-block-heading\" style=\"background-color:#f2f2f2\"><a href=\"https:\/\/sites.telfer.uottawa.ca\/elearning\/fr\/cours-hybrides\/\" target=\"_blank\" rel=\"noreferrer noopener\">Formation et Ev\u00e8nements<\/a><\/h3>\n<\/div>\n<\/div>\n<\/div><\/div>\n<\/div><\/div>\n<\/div><\/div>\n<\/div><\/div>\n<\/div><\/div>\n<\/div><\/div>\n\n\n","protected":false},"excerpt":{"rendered":"<p>L\u2019Ecole de gestion Telfer adopt\u00e9 un plan d\u2019action pour op\u00e9rationnaliser la transition vers l\u2019enseignement et l\u2019apprentissage en ligne.Vous trouverez ici des strat\u00e9gies d\u2019enseignement ainsi que des ressources p\u00e9dagogiques pour offrir aux \u00e9tudiantes et \u00e9tudiants un apprentissage de qualit\u00e9. Pour commencer Pour vous aider \u00e0 passer \u00e0 l&#8217;enseignement \u00e0 distance, l&#8217;\u00c9cole de gestion Telfer School a [&hellip;]<\/p>\n","protected":false},"author":39,"featured_media":417,"parent":0,"menu_order":0,"comment_status":"closed","ping_status":"closed","template":"","meta":{"footnotes":""},"class_list":["post-419","page","type-page","status-publish","has-post-thumbnail","hentry"],"_links":{"self":[{"href":"https:\/\/sites.telfer.uottawa.ca\/elearning\/fr\/wp-json\/wp\/v2\/pages\/419","targetHints":{"allow":["GET"]}}],"collection":[{"href":"https:\/\/sites.telfer.uottawa.ca\/elearning\/fr\/wp-json\/wp\/v2\/pages"}],"about":[{"href":"https:\/\/sites.telfer.uottawa.ca\/elearning\/fr\/wp-json\/wp\/v2\/types\/page"}],"author":[{"embeddable":true,"href":"https:\/\/sites.telfer.uottawa.ca\/elearning\/fr\/wp-json\/wp\/v2\/users\/39"}],"replies":[{"embeddable":true,"href":"https:\/\/sites.telfer.uottawa.ca\/elearning\/fr\/wp-json\/wp\/v2\/comments?post=419"}],"version-history":[{"count":30,"href":"https:\/\/sites.telfer.uottawa.ca\/elearning\/fr\/wp-json\/wp\/v2\/pages\/419\/revisions"}],"predecessor-version":[{"id":1956,"href":"https:\/\/sites.telfer.uottawa.ca\/elearning\/fr\/wp-json\/wp\/v2\/pages\/419\/revisions\/1956"}],"wp:featuredmedia":[{"embeddable":true,"href":"https:\/\/sites.telfer.uottawa.ca\/elearning\/fr\/wp-json\/wp\/v2\/media\/417"}],"wp:attachment":[{"href":"https:\/\/sites.telfer.uottawa.ca\/elearning\/fr\/wp-json\/wp\/v2\/media?parent=419"}],"curies":[{"name":"wp","href":"https:\/\/api.w.org\/{rel}","templated":true}]}}