{"id":181,"date":"2014-03-19T10:08:58","date_gmt":"2014-03-19T14:08:58","guid":{"rendered":"http:\/\/sites.telfer.uottawa.ca\/itsupport\/?page_id=181"},"modified":"2024-05-15T10:00:56","modified_gmt":"2024-05-15T14:00:56","slug":"support-informatique-telfer","status":"publish","type":"page","link":"https:\/\/sites.telfer.uottawa.ca\/itsupport\/fr\/","title":{"rendered":"Soutien informatique Telfer"},"content":{"rendered":"<div class=\"row\">\n<div class=\"col-md-4\">\n<p><a href=\"http:\/\/sites.telfer.uottawa.ca\/itsupport\/students\/\"><img loading=\"lazy\" decoding=\"async\" class=\"w-100 img-polaroid alignnone size-full img-force img-responsive wp-image-31\" src=\"http:\/\/sites.telfer.uottawa.ca\/itsupport\/files\/2013\/08\/Student-Picture-Tarek3-1-300x233.jpg\" alt=\"students\" width=\"490\" height=\"174\" \/><\/a><\/p>\n<h2>Population \u00e9tudiante<\/h2>\n<\/div>\n<div class=\"col-md-4\">\n<p><a href=\"http:\/\/sites.telfer.uottawa.ca\/itsupport\/fr\/corps-professoral\/\"><img loading=\"lazy\" decoding=\"async\" width=\"232\" height=\"174\" class=\"w-100 img-polaroid alignnone size-full img-force img-responsive wp-image-31\" src=\"http:\/\/sites.telfer.uottawa.ca\/itsupport\/files\/2013\/08\/faculty.jpg\" alt=\"faculty\" \/><\/a><\/p>\n<h2>Corps professoral<\/h2>\n<\/div>\n<div class=\"col-md-4\">\n<p><a href=\"http:\/\/sites.telfer.uottawa.ca\/itsupport\/fr\/personnel-2\/\"><img loading=\"lazy\" decoding=\"async\" width=\"232\" height=\"174\" class=\"w-100 img-polaroid alignnone size-full img-force img-responsive wp-image-32\" src=\"http:\/\/sites.telfer.uottawa.ca\/itsupport\/files\/2013\/08\/staff.jpg\" alt=\"staff\" \/><\/a><\/p>\n<h2>Personnel<\/h2>\n<\/div>\n<\/div>\n<div class=\"well\">\n<h3>Renseignements utiles<\/h3>\n<p><a href=\"http:\/\/sites.telfer.uottawa.ca\/itsupport\/fr\/demande-daide\/\">Envoyer-nous votre demande<\/a><\/p>\n<p><a href=\"https:\/\/uolaboplus.uottawa.ca\/portal\/webclient\/index.html\">Portail uoLaboplus<\/a><\/p>\n<p>Acc\u00e8s \u00e0 un logiciel <a href=\"http:\/\/ti.uottawa.ca\/logiciels\/antivirus\">antivirus.<\/a><\/p>\n<p><a title=\"Heures de bureau du soutien informatique.\" href=\"http:\/\/sites.telfer.uottawa.ca\/itsupport\/fr\/heures-douverture\/\">Heures de bureau du soutien informatique.<\/a><\/p>\n<p>T\u00e9l\u00e9charger un logiciel de la <a href=\"https:\/\/www.uottawa.ca\/notre-universite\/technologies-information\/services\/logiciels\">zone de t\u00e9l\u00e9chargement<\/a> et de <a href=\"http:\/\/e5.onthehub.com\/WebStore\/ProductsByMajorVersionList.aspx?ws=476ed261-b08b-e011-969d-0030487d8897&amp;vsro=8&amp;JSEnabled=1\">DreamSpark.<\/a><\/p>\n<p><a href=\"https:\/\/sites.telfer.uottawa.ca\/itsupport\/fr\/microsoft-teams-pour-leducation-a-distance\/\">Microsoft Teams pour l\u2019\u00e9ducation \u00e0 distance<\/a><\/p>\n<p><em>\u00a0 \u00a0 \u00a0Documents \u00e0 t\u00e9l\u00e9charger<\/em><\/p>\n<ul>\n<li><a href=\"https:\/\/sites.telfer.uottawa.ca\/itsupport\/files\/2020\/09\/FRWeb-Microsoft-Teams-for-Education-v4.1.docx\">Microsoft Teams pour le corps professoral<\/a> (.docx)<\/li>\n<li><a href=\"https:\/\/sites.telfer.uottawa.ca\/itsupport\/files\/2020\/07\/FRWeb-Microsoft-Teams-for-Students-v3-Final.docx\">Microsoft Teams pour les \u00e9tudiantes et \u00e9tudiants<\/a> (.docx)<\/li>\n<\/ul>\n<\/div>\n\n\n<p><\/p>\n","protected":false},"excerpt":{"rendered":"<p>Population \u00e9tudiante Corps professoral Personnel Renseignements utiles Envoyer-nous votre demande Portail uoLaboplus Acc\u00e8s \u00e0 un logiciel antivirus. Heures de bureau du soutien informatique. T\u00e9l\u00e9charger un logiciel de la zone de t\u00e9l\u00e9chargement et de DreamSpark. Microsoft Teams pour l\u2019\u00e9ducation \u00e0 distance \u00a0 \u00a0 \u00a0Documents \u00e0 t\u00e9l\u00e9charger Microsoft Teams pour le corps professoral (.docx) Microsoft Teams pour [&hellip;]<\/p>\n","protected":false},"author":1,"featured_media":0,"parent":0,"menu_order":0,"comment_status":"closed","ping_status":"closed","template":"","meta":{"footnotes":""},"class_list":["post-181","page","type-page","status-publish","hentry"],"_links":{"self":[{"href":"https:\/\/sites.telfer.uottawa.ca\/itsupport\/fr\/wp-json\/wp\/v2\/pages\/181","targetHints":{"allow":["GET"]}}],"collection":[{"href":"https:\/\/sites.telfer.uottawa.ca\/itsupport\/fr\/wp-json\/wp\/v2\/pages"}],"about":[{"href":"https:\/\/sites.telfer.uottawa.ca\/itsupport\/fr\/wp-json\/wp\/v2\/types\/page"}],"author":[{"embeddable":true,"href":"https:\/\/sites.telfer.uottawa.ca\/itsupport\/fr\/wp-json\/wp\/v2\/users\/1"}],"replies":[{"embeddable":true,"href":"https:\/\/sites.telfer.uottawa.ca\/itsupport\/fr\/wp-json\/wp\/v2\/comments?post=181"}],"version-history":[{"count":23,"href":"https:\/\/sites.telfer.uottawa.ca\/itsupport\/fr\/wp-json\/wp\/v2\/pages\/181\/revisions"}],"predecessor-version":[{"id":1236,"href":"https:\/\/sites.telfer.uottawa.ca\/itsupport\/fr\/wp-json\/wp\/v2\/pages\/181\/revisions\/1236"}],"wp:attachment":[{"href":"https:\/\/sites.telfer.uottawa.ca\/itsupport\/fr\/wp-json\/wp\/v2\/media?parent=181"}],"curies":[{"name":"wp","href":"https:\/\/api.w.org\/{rel}","templated":true}]}}