{"id":183,"date":"2014-03-19T10:20:47","date_gmt":"2014-03-19T14:20:47","guid":{"rendered":"http:\/\/sites.telfer.uottawa.ca\/itsupport\/?page_id=183"},"modified":"2025-02-05T16:51:05","modified_gmt":"2025-02-05T21:51:05","slug":"etudiants-2","status":"publish","type":"page","link":"https:\/\/sites.telfer.uottawa.ca\/itsupport\/fr\/etudiants-2\/","title":{"rendered":"\u00c9tudiantes et \u00c9tudiants"},"content":{"rendered":"<div class=\"row\">\n<div class=\"col-md-4\">\n<h3>Liens utiles<\/h3>\n<ul>\n<li><a href=\"https:\/\/www.uottawa.ca\/notre-universite\/technologies-information\/services\/internet\">Comment acc\u00e9der au r\u00e9seau sans fil sur le campus<\/a><\/li>\n<li><a href=\"https:\/\/www.uottawa.ca\/notre-universite\/technologies-information\/services\/impression\/imprimantes\/depuis-votre-appareil\">Imprimer \u00e0 partir de votre ordinateur portable<\/a><\/li>\n<li><a href=\"https:\/\/www.uottawa.ca\/notre-universite\/technologies-information\/services\/impression\/imprimantes\">Emplacements des imprimantes<\/a><\/li>\n<li><a href=\"https:\/\/uozone2.uottawa.ca\/?language=fr\">uoZone<\/a><\/li>\n<\/ul>\n<\/div>\n<div class=\"col-md-4\">\n<h3>Logiciels<\/h3>\n<ul>\n<li><a href=\"https:\/\/telfer.onthehub.com\/WebStore\/Security\/Signin.aspx?rurl=%2fWebStore%2fProductsByMajorVersionList.aspx%3fJSEnabled%3d1\">DreamSpark<\/a><\/li>\n<li><a href=\"https:\/\/www.uottawa.ca\/notre-universite\/technologies-information\/services\/logiciels\">Logiciels \u00e0 t\u00e9l\u00e9charger et \u00e0 acheter<\/a><\/li>\n<\/ul>\n<\/div>\n<p><!--\n\n\n<div class=\"col-md-4\">[labstats]<\/div>\n\n\n--><\/div>\n<div class=\"row\">\n<div class=\"col-md-4\">\n<h3>Outils et services<\/h3>\n<ul>\n<li><a href=\"https:\/\/uottawa.libguides.com\/labofinance\/descriptiondesressources#s-lg-box-wrapper-19512693\">Bloomberg<\/a><\/li>\n<li><a href=\"https:\/\/uottawa.brightspace.com\/d2l\/home\">Blackboard<\/a><\/li>\n<li><a href=\"https:\/\/saea-tlss.uottawa.ca\/fr\/accueil\/etudiant\/campus-virtuel-brightspace-pour-les-etudiants\">Forum de soutien<\/a> de Brightspace<\/li>\n<li><a title=\"Labs\" href=\"http:\/\/sites.telfer.uottawa.ca\/itsupport\/labs\/\">Laboratoires et services<\/a><\/li>\n<li><a href=\"https:\/\/telfer.uottawa.ca\/fr\/bibliotheque-de-gestion\/\">Biblioth\u00e8que de gestion<\/a><\/li>\n<li><a href=\"https:\/\/www.uottawa.ca\/bibliotheque\/\">Biblioth\u00e8que uOttawa<\/a><\/li>\n<\/ul>\n<\/div>\n<div class=\"col-md-4\">\n<h3>\u00c0 savoir<\/h3>\n<ul>\n<li><a href=\"https:\/\/www.uottawa.ca\/notre-universite\/politiques-reglements\/reglement-116-utilisation-et-securite-des-biens-de-technologies-de-linformation\">Code de conduite pour l&#8217;utilisation des ressources informatiques<\/a><\/li>\n<li><a href=\"https:\/\/www.uottawa.ca\/notre-universite\/technologies-information\/services\/securite\">S\u00e9curit\u00e9 informatique<\/a><\/li>\n<\/ul>\n<\/div>\n<\/div>\n","protected":false},"excerpt":{"rendered":"<p>Liens utiles Comment acc\u00e9der au r\u00e9seau sans fil sur le campus Imprimer \u00e0 partir de votre ordinateur portable Emplacements des imprimantes uoZone Logiciels DreamSpark Logiciels \u00e0 t\u00e9l\u00e9charger et \u00e0 acheter Outils et services Bloomberg Blackboard Forum de soutien de Brightspace Laboratoires et services Biblioth\u00e8que de gestion Biblioth\u00e8que uOttawa \u00c0 savoir Code de conduite pour l&#8217;utilisation [&hellip;]<\/p>\n","protected":false},"author":1,"featured_media":0,"parent":0,"menu_order":0,"comment_status":"closed","ping_status":"open","template":"","meta":{"footnotes":""},"class_list":["post-183","page","type-page","status-publish","hentry"],"_links":{"self":[{"href":"https:\/\/sites.telfer.uottawa.ca\/itsupport\/fr\/wp-json\/wp\/v2\/pages\/183","targetHints":{"allow":["GET"]}}],"collection":[{"href":"https:\/\/sites.telfer.uottawa.ca\/itsupport\/fr\/wp-json\/wp\/v2\/pages"}],"about":[{"href":"https:\/\/sites.telfer.uottawa.ca\/itsupport\/fr\/wp-json\/wp\/v2\/types\/page"}],"author":[{"embeddable":true,"href":"https:\/\/sites.telfer.uottawa.ca\/itsupport\/fr\/wp-json\/wp\/v2\/users\/1"}],"replies":[{"embeddable":true,"href":"https:\/\/sites.telfer.uottawa.ca\/itsupport\/fr\/wp-json\/wp\/v2\/comments?post=183"}],"version-history":[{"count":17,"href":"https:\/\/sites.telfer.uottawa.ca\/itsupport\/fr\/wp-json\/wp\/v2\/pages\/183\/revisions"}],"predecessor-version":[{"id":1248,"href":"https:\/\/sites.telfer.uottawa.ca\/itsupport\/fr\/wp-json\/wp\/v2\/pages\/183\/revisions\/1248"}],"wp:attachment":[{"href":"https:\/\/sites.telfer.uottawa.ca\/itsupport\/fr\/wp-json\/wp\/v2\/media?parent=183"}],"curies":[{"name":"wp","href":"https:\/\/api.w.org\/{rel}","templated":true}]}}