{"id":185,"date":"2014-03-19T10:38:55","date_gmt":"2014-03-19T14:38:55","guid":{"rendered":"http:\/\/sites.telfer.uottawa.ca\/itsupport\/?page_id=185"},"modified":"2021-09-13T09:05:24","modified_gmt":"2021-09-13T13:05:24","slug":"personnel-2","status":"publish","type":"page","link":"https:\/\/sites.telfer.uottawa.ca\/itsupport\/fr\/personnel-2\/","title":{"rendered":"Personnel"},"content":{"rendered":"<div class=\"row\">\n<div class=\"col-md-6\">\n<h3>Liens utiles<\/h3>\n<ul>\n<li><a href=\"http:\/\/www.uottawa.ca\/support\/fr\/internet\/wireless-campus\">Comment acc\u00e9der au r\u00e9seau sans fil sur le campus<\/a><\/li>\n<li><a href=\"http:\/\/www.uottawa.ca\/support\/fr\/internet\/uottawa-network-home\">Acc\u00e8s au r\u00e9seau de l\u2019Universit\u00e9 d\u2019Ottawa \u00e0 partir de la maison<\/a><\/li>\n<li><a href=\"mailto:support@telfer.uottawa.ca\">Demande d&#8217;aide<\/a> pour imprimer sans fil<\/li>\n<li>Outlook <a href=\"https:\/\/outlook.office.com\/\">Web Access<\/a><\/li>\n<li><a href=\"http:\/\/www.uottawa.ca\/support\/fr\/internet\/wireless-bb\">R\u00e9seau sans fil pour BlackBerry<\/a><\/li>\n<li><a href=\"http:\/\/www.uottawa.ca\/support\/fr\/internet\/wireless-ios\">R\u00e9seau sans fil pour iPhone et iPad<\/a><\/li>\n<li><a href=\"http:\/\/www.uottawa.ca\/fr\/employes\">VirtuO<\/a><\/li>\n<\/ul>\n<\/div>\n<div class=\"col-md-6\">\n<h3>Logiciels<\/h3>\n<ul>\n<li><a href=\"http:\/\/telfer.onthehub.com\/WebStore\/ProductsByMajorVersionList.aspx?JSEnabled=1\">DreamSpark<\/a><\/li>\n<li>T\u00e9l\u00e9charger le <a href=\"http:\/\/ti.uottawa.ca\/logiciels\/rpv\">client RPV<\/a><\/li>\n<li><a href=\"http:\/\/www.uottawa.ca\/support\/fr\/logiciels\/index.html\">Logiciels \u00e0 t\u00e9l\u00e9charger et \u00e0 acheter<\/a><\/li>\n<\/ul>\n<\/div>\n<\/div>\n<div class=\"row\">\n<div class=\"col-md-6\">\n<h3>Outils et services<\/h3>\n<ul>\n<li><a href=\"mailto:SUPPORT@telfer.uottawa.ca\">Demandes<\/a> de compte Telfer<\/li>\n<li><a href=\"http:\/\/www.uottawa.ca\/support\/fr\/accounts\/sponsored-account\">Comptes et mots de passe<\/a> temporaires<\/li>\n<li><a href=\"http:\/\/www.uottawa.ca\/support\/fr\/comptes\/mots-de-passe.html\">Outil de gestion des mots de passe<\/a><\/li>\n<\/ul>\n<\/div>\n<div class=\"col-md-6\">\n<h3>\u00c0 savoir<\/h3>\n<ul>\n<li><a href=\"http:\/\/www.sic.uottawa.ca\/apropos\/reglements\/code.html\">Code de conduite pour l&#8217;utilisation des ressources informatiques<\/a><\/li>\n<li><a href=\"http:\/\/www.sic.uottawa.ca\/securite\/\">S\u00e9curit\u00e9 informatique<\/a><\/li>\n<li><a href=\"http:\/\/www.sic.uottawa.ca\/interne\/trucsvert.html\">Conseils pour \u00e9conomiser l&#8217;\u00e9nergie<\/a><\/li>\n<\/ul>\n<\/div>\n<\/div>\n","protected":false},"excerpt":{"rendered":"<p>Liens utiles Comment acc\u00e9der au r\u00e9seau sans fil sur le campus Acc\u00e8s au r\u00e9seau de l\u2019Universit\u00e9 d\u2019Ottawa \u00e0 partir de la maison Demande d&#8217;aide pour imprimer sans fil Outlook Web Access R\u00e9seau sans fil pour BlackBerry R\u00e9seau sans fil pour iPhone et iPad VirtuO Logiciels DreamSpark T\u00e9l\u00e9charger le client RPV Logiciels \u00e0 t\u00e9l\u00e9charger et \u00e0 [&hellip;]<\/p>\n","protected":false},"author":1,"featured_media":0,"parent":0,"menu_order":0,"comment_status":"closed","ping_status":"open","template":"","meta":{"footnotes":""},"class_list":["post-185","page","type-page","status-publish","hentry"],"_links":{"self":[{"href":"https:\/\/sites.telfer.uottawa.ca\/itsupport\/fr\/wp-json\/wp\/v2\/pages\/185","targetHints":{"allow":["GET"]}}],"collection":[{"href":"https:\/\/sites.telfer.uottawa.ca\/itsupport\/fr\/wp-json\/wp\/v2\/pages"}],"about":[{"href":"https:\/\/sites.telfer.uottawa.ca\/itsupport\/fr\/wp-json\/wp\/v2\/types\/page"}],"author":[{"embeddable":true,"href":"https:\/\/sites.telfer.uottawa.ca\/itsupport\/fr\/wp-json\/wp\/v2\/users\/1"}],"replies":[{"embeddable":true,"href":"https:\/\/sites.telfer.uottawa.ca\/itsupport\/fr\/wp-json\/wp\/v2\/comments?post=185"}],"version-history":[{"count":8,"href":"https:\/\/sites.telfer.uottawa.ca\/itsupport\/fr\/wp-json\/wp\/v2\/pages\/185\/revisions"}],"predecessor-version":[{"id":1015,"href":"https:\/\/sites.telfer.uottawa.ca\/itsupport\/fr\/wp-json\/wp\/v2\/pages\/185\/revisions\/1015"}],"wp:attachment":[{"href":"https:\/\/sites.telfer.uottawa.ca\/itsupport\/fr\/wp-json\/wp\/v2\/media?parent=185"}],"curies":[{"name":"wp","href":"https:\/\/api.w.org\/{rel}","templated":true}]}}