{"id":191,"date":"2014-03-19T11:17:11","date_gmt":"2014-03-19T15:17:11","guid":{"rendered":"http:\/\/sites.telfer.uottawa.ca\/itsupport\/?page_id=191"},"modified":"2025-02-05T16:50:51","modified_gmt":"2025-02-05T21:50:51","slug":"laboratoires","status":"publish","type":"page","link":"https:\/\/sites.telfer.uottawa.ca\/itsupport\/fr\/laboratoires\/","title":{"rendered":"Nos laboratoires"},"content":{"rendered":"<ul id=\"myTab\" class=\"nav nav-tabs\" data-tabs=\"tabs\">\n<li class=\"nav-item\"><a class=\"nav-link active\" href=\"#dms2130\" data-toggle=\"tab\">DMS 2130<\/a><\/li>\n<li class=\"nav-item\"><a class=\"nav-link\" href=\"#dms2150\" data-toggle=\"tab\">DMS 2150<\/a><\/li>\n<li class=\"nav-item\"><a class=\"nav-link\" href=\"#dms2186\" data-toggle=\"tab\">Bloomberg (DMS 2186)<\/a><\/li>\n<\/ul>\n<div class=\"tab-content\">\n<div id=\"dms2130\" class=\"tab-pane active\">\n<h2><a href=\"http:\/\/sites.telfer.uottawa.ca\/itsupport\/files\/2014\/01\/DMS-2130-2.jpg\"><img loading=\"lazy\" decoding=\"async\" class=\"alignright size-medium wp-image-164\" src=\"http:\/\/sites.telfer.uottawa.ca\/itsupport\/files\/2014\/01\/DMS-2130-2-300x200.jpg\" alt=\"DMS 2130\" width=\"300\" height=\"200\" srcset=\"https:\/\/sites.telfer.uottawa.ca\/itsupport\/files\/2014\/01\/DMS-2130-2-300x200.jpg 300w, https:\/\/sites.telfer.uottawa.ca\/itsupport\/files\/2014\/01\/DMS-2130-2-1024x682.jpg 1024w, https:\/\/sites.telfer.uottawa.ca\/itsupport\/files\/2014\/01\/DMS-2130-2.jpg 1920w\" sizes=\"auto, (max-width: 300px) 100vw, 300px\" \/><\/a>DMS 2130<\/h2>\n<div class=\"alert alert-warning w-50\">\n<p><strong>Avis<\/strong><\/p>\n<p>Vous pouvez acc\u00e9der \u00e0 certains logiciels du laboratoire \u00e0 distance en visitant <a href=\"https:\/\/uolaboplus.uottawa.ca\/portal\/webclient\/index.html\">https:\/\/uolaboplus.uottawa.ca<\/a><\/p>\n<\/div>\n<p><!--\n\n\n<div class=\"float-right mb-4 mt-4 ml-4\" style=\"clear: right; width: 300px; margin-top: 20px;\">[labstats \"DMS 2130\"]<\/div>\n\n\n--><\/p>\n<ul>\n<li>Contient 40 postes de travail. Vous pouvez en faire un laboratoire de 80 postes de travail en r\u00e9servant la sale DMS 2140. Dell OptiPlex 3060 , processeur Intel Core i5-3240 CPU @ 3.40 GHz 16.00 Go.<\/li>\n<li>Une tour OptiPlex 5080, processeur Intel Core i5 &#8211; 4690 CPU @ 3.50 GHz 16.00 Go<\/li>\n<\/ul>\n<h3>Logiciels disponibles :<\/h3>\n<div class=\"row\">\n<div class=\"col-md-6\">\n<ul>\n<li>Windows 10 64bit<\/li>\n<li>MS Defender<\/li>\n<li>MS Office 2021 Fr<\/li>\n<li>MS Project 2013<\/li>\n<li>MS Visio 2013<\/li>\n<li>MS OneDrive<\/li>\n<li>MS Edge<\/li>\n<li>SPSS 28<\/li>\n<li>SPSS Modeler 18<\/li>\n<li>SPSS Amos 23<\/li>\n<li>Arena 15<\/li>\n<\/ul>\n<\/div>\n<div class=\"col-md-6\">\n<ul>\n<li>StatsPlus (add-in)<\/li>\n<li>Antidote<\/li>\n<li>TCP3270<\/li>\n<li>Adobe Reader<\/li>\n<li>Ztree<\/li>\n<li>WRDS<\/li>\n<li>Thinkorswim<\/li>\n<li>Haver<\/li>\n<li>RIT<\/li>\n<li>FactSet<\/li>\n<\/ul>\n<\/div>\n<\/div>\n<p><a class=\"btn primary\" href=\"http:\/\/sites.telfer.uottawa.ca\/itsupport\/fr\/reservations-de-laboratoire\/\">R\u00e9server ce laboratoire<\/a><\/p>\n<\/div>\n<div id=\"dms2150\" class=\"tab-pane\">\n<h2><a href=\"http:\/\/sites.telfer.uottawa.ca\/itsupport\/files\/2014\/01\/DMS-2150.jpg\"><img loading=\"lazy\" decoding=\"async\" class=\"alignright size-medium wp-image-166\" src=\"http:\/\/sites.telfer.uottawa.ca\/itsupport\/files\/2014\/01\/DMS-2150-300x200.jpg\" alt=\"DMS 2150\" width=\"300\" height=\"200\" srcset=\"https:\/\/sites.telfer.uottawa.ca\/itsupport\/files\/2014\/01\/DMS-2150-300x200.jpg 300w, https:\/\/sites.telfer.uottawa.ca\/itsupport\/files\/2014\/01\/DMS-2150-1024x682.jpg 1024w, https:\/\/sites.telfer.uottawa.ca\/itsupport\/files\/2014\/01\/DMS-2150.jpg 1920w\" sizes=\"auto, (max-width: 300px) 100vw, 300px\" \/><\/a>DMS 2150<\/h2>\n<div class=\"alert alert-warning w-50\">\n<p><strong>Avis<\/strong><\/p>\n<p>Vous pouvez acc\u00e9der \u00e0 certains logiciels du laboratoire \u00e0 distance en visitant <a href=\"https:\/\/uolaboplus.uottawa.ca\/portal\/webclient\/index.html\">https:\/\/uolaboplus.uottawa.ca<\/a><\/p>\n<\/div>\n<p><!--\n\n\n<div class=\"float-right mb-4 mt-4 ml-4\" style=\"clear: right;\">[labstats \"DMS 2150\"]<\/div>\n\n\n--><\/p>\n<ul>\n<li>Contient 40 poste de travail, OptiPlex 3060, processeur Intel core I5-2120 CPU @3.30 GHz, 16 Go<\/li>\n<li>Une tour OptiPlex 3060, processeur Intel Core i5 &#8211; 4690 CPU @ 3.50 GHz 16.00 Go<\/li>\n<\/ul>\n<h3>Logiciels disponibles :<\/h3>\n<div class=\"row\">\n<div class=\"col-md-6\">\n<ul>\n<li>Windows 10 64bit<\/li>\n<li>MS Defender<\/li>\n<li>MS Office 2021 Fr<\/li>\n<li>MS Project 2013<\/li>\n<li>MS Visio 2013<\/li>\n<li>MS OneDrive<\/li>\n<li>MS Edge<\/li>\n<li>SPSS 29<\/li>\n<li>SPSS Modeler 18<\/li>\n<li>SPSS Amos 23<\/li>\n<li>Arena 15<\/li>\n<\/ul>\n<\/div>\n<div class=\"col-md-6\">\n<ul>\n<li>StatsPlus (add-in)<\/li>\n<li>Antidote<\/li>\n<li>Adobe Reader<\/li>\n<li>Ztree<\/li>\n<li>WRDS<\/li>\n<li>Thinkorswim<\/li>\n<li>Haver<\/li>\n<li>RIT<\/li>\n<li>FactSet<\/li>\n<\/ul>\n<\/div>\n<\/div>\n<p><a class=\"btn primary\" href=\"http:\/\/sites.telfer.uottawa.ca\/itsupport\/fr\/reservations-de-laboratoire\/\">R\u00e9server ce laboratoire<\/a><\/p>\n<\/div>\n<div id=\"dms2186\" class=\"tab-pane\">\n<h2><img decoding=\"async\" class=\"alignright size-medium wp-image-167\" style=\"width: 300px; min-width: 300px;\" src=\"http:\/\/www.telfer.uottawa.ca\/assets\/images\/2014\/finance-lab\/DSC_1009.jpg\" alt=\"DMS 2186\" \/>Laboratoire de recherche et d\u2019apprentissage en finance<\/h2>\n<div class=\"alert alert-warning w-50\">\n<p>Vous pouvez acc\u00e9der \u00e0 certains logiciels du laboratoire de recherche et d&#8217;apprentissage en finance \u00e0 distance en visitant <a href=\"https:\/\/uolaboplus.uottawa.ca\/portal\/webclient\/index.html\">https:\/\/uolaboplus.uottawa.ca<\/a><\/p>\n<p>Pour plus d\u2019informations, veuillez contacter <a href=\"mailto:finlab@uOttawa.ca\">finlab@uOttawa.ca<\/a><\/p>\n<\/div>\n<p><!--\n\n\n<div class=\"float-right mb-4 mt-4 ml-4\" style=\"clear: right;\">[labstats \"Financial Research and Learning Lab\"]<\/div>\n\n\n-->Le Laboratoire de recherche et d\u2019apprentissage en finance offre un environnement d\u2019apprentissage de haute qualit\u00e9 et un centre de donn\u00e9es qui soutiennent la recherche et l\u2019apprentissage exp\u00e9rientiel \u00e0 l\u2019Universit\u00e9 d\u2019Ottawa. Le laboratoire est con\u00e7u de fa\u00e7on \u00e0 simuler un milieu professionnel d\u2019\u00e9changes sur les march\u00e9s financiers; on y trouve des outils en temps r\u00e9el conformes aux normes de l\u2019industrie et utilis\u00e9s dans les milieux financiers publics et priv\u00e9s. Il s\u2019agit donc d\u2019un milieu d\u2019apprentissage et de rencontre dynamique pour les \u00e9tudiantes et \u00e9tudiants qui souhaitent appliquer la th\u00e9orie apprise en classe et acqu\u00e9rir des comp\u00e9tences pratiques dont ils pourront tirer profit tout au long de leur carri\u00e8re en services financiers. Le laboratoire donne \u00e9galement acc\u00e8s \u00e0 toute une gamme de donn\u00e9es relatives aux transactions en cours sur les march\u00e9s financiers. Toutes les activit\u00e9s de formation, d\u2019enseignement et de recherche du laboratoire sont assur\u00e9es par le ou la gestionnaire, avec l&#8217;aide d&#8217;une \u00e9quipe d&#8217;\u00e9tudiantes et d&#8217;\u00e9tudiants.<\/p>\n<h3>Logiciels disponibles :<\/h3>\n<div class=\"row\">\n<div class=\"col-md-6\">\n<ul>\n<li>Bloomberg (on dedicated stations)<\/li>\n<li>Datastream (on dedicated station)<\/li>\n<li>Factset<\/li>\n<li>CHASS<\/li>\n<li>Haver Analytics<\/li>\n<li>Rotman Interactive Trader<\/li>\n<li>Thinkorswim<\/li>\n<\/ul>\n<\/div>\n<div class=\"col-md-6\">\n<ul>\n<li>WRDS<\/li>\n<li>SAS University<\/li>\n<li>Stata<\/li>\n<li>SPSS 29<\/li>\n<li>Eviews 14<\/li>\n<li>MS Office 2021 Fr<\/li>\n<li>RIT<\/li>\n<\/ul>\n<\/div>\n<\/div>\n<p><a href=\"https:\/\/uottawa.libguides.com\/labofinance\/\">Laboratoire de recherche et d&#8217;apprentissage en finance<\/a><br \/>\nPavillion Desmarais<br \/>\nPi\u00e8ce 2186<br \/>\n55 Laurier Ave. E.<br \/>\nOttawa ON K1N 6N5<br \/>\nTel: 613-562-5800 (7183)<\/p>\n<\/div>\n<\/div>\n","protected":false},"excerpt":{"rendered":"<p>DMS 2130 DMS 2150 Bloomberg (DMS 2186) DMS 2130 Avis Vous pouvez acc\u00e9der \u00e0 certains logiciels du laboratoire \u00e0 distance en visitant https:\/\/uolaboplus.uottawa.ca Contient 40 postes de travail. Vous pouvez en faire un laboratoire de 80 postes de travail en r\u00e9servant la sale DMS 2140. Dell OptiPlex 3060 , processeur Intel Core i5-3240 CPU @ [&hellip;]<\/p>\n","protected":false},"author":1,"featured_media":0,"parent":0,"menu_order":0,"comment_status":"closed","ping_status":"open","template":"","meta":{"footnotes":""},"class_list":["post-191","page","type-page","status-publish","hentry"],"_links":{"self":[{"href":"https:\/\/sites.telfer.uottawa.ca\/itsupport\/fr\/wp-json\/wp\/v2\/pages\/191","targetHints":{"allow":["GET"]}}],"collection":[{"href":"https:\/\/sites.telfer.uottawa.ca\/itsupport\/fr\/wp-json\/wp\/v2\/pages"}],"about":[{"href":"https:\/\/sites.telfer.uottawa.ca\/itsupport\/fr\/wp-json\/wp\/v2\/types\/page"}],"author":[{"embeddable":true,"href":"https:\/\/sites.telfer.uottawa.ca\/itsupport\/fr\/wp-json\/wp\/v2\/users\/1"}],"replies":[{"embeddable":true,"href":"https:\/\/sites.telfer.uottawa.ca\/itsupport\/fr\/wp-json\/wp\/v2\/comments?post=191"}],"version-history":[{"count":24,"href":"https:\/\/sites.telfer.uottawa.ca\/itsupport\/fr\/wp-json\/wp\/v2\/pages\/191\/revisions"}],"predecessor-version":[{"id":1247,"href":"https:\/\/sites.telfer.uottawa.ca\/itsupport\/fr\/wp-json\/wp\/v2\/pages\/191\/revisions\/1247"}],"wp:attachment":[{"href":"https:\/\/sites.telfer.uottawa.ca\/itsupport\/fr\/wp-json\/wp\/v2\/media?parent=191"}],"curies":[{"name":"wp","href":"https:\/\/api.w.org\/{rel}","templated":true}]}}