{"id":199,"date":"2014-03-19T11:29:50","date_gmt":"2014-03-19T15:29:50","guid":{"rendered":"http:\/\/sites.telfer.uottawa.ca\/itsupport\/?page_id=199"},"modified":"2025-09-08T14:04:46","modified_gmt":"2025-09-08T18:04:46","slug":"heures-douverture","status":"publish","type":"page","link":"https:\/\/sites.telfer.uottawa.ca\/itsupport\/fr\/heures-douverture\/","title":{"rendered":"Heures d&#8217;ouverture"},"content":{"rendered":"<h2><a href=\"http:\/\/sites.telfer.uottawa.ca\/itsupport\/files\/2014\/01\/telfer-support.jpg\"><img loading=\"lazy\" decoding=\"async\" class=\"alignright size-medium wp-image-168\" src=\"http:\/\/sites.telfer.uottawa.ca\/itsupport\/files\/2014\/01\/telfer-support-300x200.jpg\" alt=\"Telfer Support\" width=\"300\" height=\"200\" srcset=\"https:\/\/sites.telfer.uottawa.ca\/itsupport\/files\/2014\/01\/telfer-support-300x200.jpg 300w, https:\/\/sites.telfer.uottawa.ca\/itsupport\/files\/2014\/01\/telfer-support-1024x682.jpg 1024w, https:\/\/sites.telfer.uottawa.ca\/itsupport\/files\/2014\/01\/telfer-support.jpg 1920w\" sizes=\"auto, (max-width: 300px) 100vw, 300px\" \/><\/a>Heures d&#8217;ouverture des laboratoires<\/h2>\n<ul>\n<li>DMS 2130 : Du lundi au dimanche, de 7 h 30 \u00e0 22 h 30<\/li>\n<li>DMS 2150 : Du lundi au dimanche, de 7 h 30 \u00e0 22 h 30<\/li>\n<\/ul>\n<h2>Heures de bureau des consultants en informatique des laboratoires<\/h2>\n<p>Au cours des semestres d&#8217;automne et d&#8217;hiver<\/p>\n<ul>\n<li>Du lundi au vendredi : 8 h \u00e0 16 h<\/li>\n<li>Samedi : ferm\u00e9<\/li>\n<li>Dimanche\u00a0: ferm\u00e9<\/li>\n<\/ul>\n<p>Le soutien informatique Telfer sera ferm\u00e9 pour les journ\u00e9es f\u00e9ri\u00e9es suivantes :<\/p>\n<ul>\n<li>Action de gr\u00e2ces (13 octobre)<\/li>\n<li>Jour de No\u00ebl (25 d\u00e9cembre)<\/li>\n<li>Boxing Day (26 d\u00e9cembre<\/li>\n<li>Jour de l&#8217;An (1er janvier)<\/li>\n<li>F\u00eate de la famille (16 f\u00e9vrier)<\/li>\n<li>Cong\u00e9 de P\u00e2ques : (3-6 avril)<\/li>\n<\/ul>\n<p>Cong\u00e9 des f\u00eates : \u00e0 partir de 17 h le 22 d\u00e9cembre 2025 \u00e0 8 h 45 le 5 janvier 2026<\/p>\n\n\n<h2>Heures d&#8217;ouverture du Laboratoire de FINANCE (DMS 2186)<\/h2>\n<p>Veuillez consulter le site suivant : <a href=\"https:\/\/uottawa.libguides.com\/financelab\">https:\/\/uottawa.libguides.com\/financelab<\/a><\/p>\n","protected":false},"excerpt":{"rendered":"<p>Heures d&#8217;ouverture des laboratoires DMS 2130 : Du lundi au dimanche, de 7 h 30 \u00e0 22 h 30 DMS 2150 : Du lundi au dimanche, de 7 h 30 \u00e0 22 h 30 Heures de bureau des consultants en informatique des laboratoires Au cours des semestres d&#8217;automne et d&#8217;hiver Du lundi au vendredi : [&hellip;]<\/p>\n","protected":false},"author":1,"featured_media":0,"parent":0,"menu_order":0,"comment_status":"closed","ping_status":"open","template":"","meta":{"footnotes":""},"class_list":["post-199","page","type-page","status-publish","hentry"],"_links":{"self":[{"href":"https:\/\/sites.telfer.uottawa.ca\/itsupport\/fr\/wp-json\/wp\/v2\/pages\/199","targetHints":{"allow":["GET"]}}],"collection":[{"href":"https:\/\/sites.telfer.uottawa.ca\/itsupport\/fr\/wp-json\/wp\/v2\/pages"}],"about":[{"href":"https:\/\/sites.telfer.uottawa.ca\/itsupport\/fr\/wp-json\/wp\/v2\/types\/page"}],"author":[{"embeddable":true,"href":"https:\/\/sites.telfer.uottawa.ca\/itsupport\/fr\/wp-json\/wp\/v2\/users\/1"}],"replies":[{"embeddable":true,"href":"https:\/\/sites.telfer.uottawa.ca\/itsupport\/fr\/wp-json\/wp\/v2\/comments?post=199"}],"version-history":[{"count":13,"href":"https:\/\/sites.telfer.uottawa.ca\/itsupport\/fr\/wp-json\/wp\/v2\/pages\/199\/revisions"}],"predecessor-version":[{"id":1262,"href":"https:\/\/sites.telfer.uottawa.ca\/itsupport\/fr\/wp-json\/wp\/v2\/pages\/199\/revisions\/1262"}],"wp:attachment":[{"href":"https:\/\/sites.telfer.uottawa.ca\/itsupport\/fr\/wp-json\/wp\/v2\/media?parent=199"}],"curies":[{"name":"wp","href":"https:\/\/api.w.org\/{rel}","templated":true}]}}