{"id":169,"date":"2021-11-09T22:46:09","date_gmt":"2021-11-10T03:46:09","guid":{"rendered":"https:\/\/sites.telfer.uottawa.ca\/lysannelessard\/?page_id=169"},"modified":"2021-11-17T12:41:17","modified_gmt":"2021-11-17T17:41:17","slug":"etudiants-potentiels","status":"publish","type":"page","link":"https:\/\/sites.telfer.uottawa.ca\/lysannelessard\/fr\/home\/etudiants-potentiels\/","title":{"rendered":"\u00c9tudiants potentiels"},"content":{"rendered":"\n<div class=\"wp-block-columns is-layout-flex wp-container-core-columns-is-layout-9d6595d7 wp-block-columns-is-layout-flex\">\n<div class=\"wp-block-column is-layout-flow wp-block-column-is-layout-flow\" style=\"flex-basis:100%\">\n<div class=\"wp-block-columns is-layout-flex wp-container-core-columns-is-layout-9d6595d7 wp-block-columns-is-layout-flex\">\n<div class=\"wp-block-column is-layout-flow wp-block-column-is-layout-flow\" style=\"flex-basis:100%\">\n<p><em>Si vous \u00eates int\u00e9ress\u00e9 \u00e0 poursuivre vos \u00e9tudes sup\u00e9rieures sous ma supervision, veuillez lire les informations suivantes.<\/em><\/p>\n<p><strong>Je supervise des \u00e9tudiants dans les programmes suivants :<\/strong><\/p>\n<ul>\n<li><a href=\"https:\/\/telfer.uottawa.ca\/fr\/phd\/champs-d-etudes\/systemes-de-sante\/\">Doctorat en gestion, domaine des syst\u00e8mes de sant\u00e9<\/a><\/li>\n<li><a href=\"https:\/\/telfer.uottawa.ca\/fr\/mschs\/\">Ma\u00eetrise \u00e8s Science en syst\u00e8mes de sant\u00e9<\/a><\/li>\n<li><a href=\"https:\/\/catalogue.uottawa.ca\/fr\/etudes-sup\/doctorat-philosophie-innovation-transformation-numerique\/\">Doctorat en philosophie, innovation et transformation num\u00e9rique<\/a><\/li>\n<li><a href=\"https:\/\/catalogue.uottawa.ca\/fr\/etudes-sup\/maitrise-science-innovation-transformation-numerique\/\">Ma\u00eetrise \u00e8s Science, innovation et transformation num\u00e9rique<\/a><\/li>\n<\/ul>\n<p>Les <a href=\"https:\/\/sites.telfer.uottawa.ca\/lysannelessard\/fr\/home\/etudiants-supervises\/\">\u00e9tudiants que je supervise<\/a> dans ces programmes poursuivent des recherches qui s&#8217;inscrivent dans l&#8217;un de mes <a href=\"https:\/\/sites.telfer.uottawa.ca\/lysannelessard\/fr\/home\/projets-de-recherche\/\">projets de recherche financ\u00e9s<\/a> et qui correspondent \u00e0 mes <a href=\"https:\/\/sites.telfer.uottawa.ca\/lysannelessard\/fr\/\">int\u00e9r\u00eats de recherche<\/a>.<\/p>\n<p>Si vous \u00eates int\u00e9ress\u00e9 \u00e0 poursuivre des \u00e9tudes sup\u00e9rieures sous ma supervision, veuillez garder \u00e0 l&#8217;esprit que mon expertise est ancr\u00e9e dans l&#8217;analyse et la conception de syst\u00e8mes d&#8217;information, en particulier en ce qui concerne les approches et les sujets suivants :<\/p>\n<ul>\n<li><a href=\"https:\/\/www.researchgate.net\/publication\/282451372_Modeling_Value_Cocreation_Processes_and_Outcomes_in_Knowledge-Intensive_Business_Services_Engagements\">Mod\u00e9lisation conceptuelle<\/a><\/li>\n<li><a href=\"https:\/\/cora.ucc.ie\/handle\/10468\/2564\">Recherche en science de la conception<\/a><\/li>\n<li><a href=\"https:\/\/link.springer.com%2farticle%2f10.1007%2fs00766-019-00322-z\">Syst\u00e8mes de services<\/a><\/li>\n<li><a href=\"https:\/\/www.ncbi.nlm.nih.gov%2fpmc%2farticles%2fPMC5481948%2f\">Syst\u00e8mes de sant\u00e9 apprenants<\/a><\/li>\n<\/ul>\n<p><strong>Si vous me contactez pour exprimer votre int\u00e9r\u00eat<\/strong>, veillez \u00e0 inclure les informations suivantes :<\/p>\n<ul>\n<li style=\"list-style-type: none\">\n<ul>\n<li>Le programme qui vous int\u00e9resse.\n<ul>\n<li>Assurez-vous de consulter les conditions d&#8217;admission de ce programme pour voir si vous \u00eates admissible.<\/li>\n<\/ul>\n<\/li>\n<li>Le type de recherche qui vous int\u00e9resse.\n<ul>\n<li>Assurez-vous de regarder la description de mes projets de recherche actuellement financ\u00e9s, de mes int\u00e9r\u00eats de recherche et de mes publications pour \u00e9valuer si nos int\u00e9r\u00eats correspondent et si mon expertise est en phase avec les m\u00e9thodes, concepts ou th\u00e9ories qui vous int\u00e9ressent.<\/li>\n<\/ul>\n<\/li>\n<li>Les raisons pour lesquelles vous pensez que votre formation, vos int\u00e9r\u00eats ou vos r\u00e9alisations vous rendent apte \u00e0 poursuivre des recherches avec moi.\n<ul>\n<li>Pour les futurs \u00e9tudiants en doctorat, veuillez noter que je favorise les candidats poss\u00e9dant de l&#8217;exp\u00e9rience de recherche et ayant publi\u00e9s.<\/li>\n<\/ul>\n<\/li>\n<\/ul>\n<\/li>\n<\/ul>\n<\/div>\n<\/div>\n<\/div>\n<\/div>\n","protected":false},"excerpt":{"rendered":"<p>Si vous \u00eates int\u00e9ress\u00e9 \u00e0 poursuivre vos \u00e9tudes sup\u00e9rieures sous ma supervision, veuillez lire les informations suivantes. Je supervise des \u00e9tudiants dans les programmes suivants : Doctorat en gestion, domaine des syst\u00e8mes de sant\u00e9 Ma\u00eetrise \u00e8s Science en syst\u00e8mes de sant\u00e9 Doctorat en philosophie, innovation et transformation num\u00e9rique Ma\u00eetrise \u00e8s Science, innovation et transformation num\u00e9rique [&hellip;]<\/p>\n","protected":false},"author":44,"featured_media":0,"parent":24,"menu_order":3,"comment_status":"closed","ping_status":"closed","template":"","meta":{"footnotes":""},"class_list":["post-169","page","type-page","status-publish","hentry"],"_links":{"self":[{"href":"https:\/\/sites.telfer.uottawa.ca\/lysannelessard\/fr\/wp-json\/wp\/v2\/pages\/169","targetHints":{"allow":["GET"]}}],"collection":[{"href":"https:\/\/sites.telfer.uottawa.ca\/lysannelessard\/fr\/wp-json\/wp\/v2\/pages"}],"about":[{"href":"https:\/\/sites.telfer.uottawa.ca\/lysannelessard\/fr\/wp-json\/wp\/v2\/types\/page"}],"author":[{"embeddable":true,"href":"https:\/\/sites.telfer.uottawa.ca\/lysannelessard\/fr\/wp-json\/wp\/v2\/users\/44"}],"replies":[{"embeddable":true,"href":"https:\/\/sites.telfer.uottawa.ca\/lysannelessard\/fr\/wp-json\/wp\/v2\/comments?post=169"}],"version-history":[{"count":3,"href":"https:\/\/sites.telfer.uottawa.ca\/lysannelessard\/fr\/wp-json\/wp\/v2\/pages\/169\/revisions"}],"predecessor-version":[{"id":179,"href":"https:\/\/sites.telfer.uottawa.ca\/lysannelessard\/fr\/wp-json\/wp\/v2\/pages\/169\/revisions\/179"}],"up":[{"embeddable":true,"href":"https:\/\/sites.telfer.uottawa.ca\/lysannelessard\/fr\/wp-json\/wp\/v2\/pages\/24"}],"wp:attachment":[{"href":"https:\/\/sites.telfer.uottawa.ca\/lysannelessard\/fr\/wp-json\/wp\/v2\/media?parent=169"}],"curies":[{"name":"wp","href":"https:\/\/api.w.org\/{rel}","templated":true}]}}