{"id":24,"date":"2015-10-03T19:00:32","date_gmt":"2015-10-03T23:00:32","guid":{"rendered":"http:\/\/sites.telfer.uottawa.ca\/lysannelessard\/fr\/sample-page\/"},"modified":"2021-12-06T09:48:20","modified_gmt":"2021-12-06T14:48:20","slug":"home","status":"publish","type":"page","link":"https:\/\/sites.telfer.uottawa.ca\/lysannelessard\/fr\/","title":{"rendered":"Int\u00e9r\u00eats de recherche"},"content":{"rendered":"<ul>\n<li>Syst\u00e8mes de service ax\u00e9 sur le savoir<img loading=\"lazy\" decoding=\"async\" class=\"alignright wp-image-10 size-medium\" src=\"http:\/\/sites.telfer.uottawa.ca\/lysannelessard\/files\/2015\/11\/portrait2-web-300x204.jpeg\" alt=\"Portrait Lysanne Lessard\" width=\"300\" height=\"204\" srcset=\"https:\/\/sites.telfer.uottawa.ca\/lysannelessard\/files\/2015\/11\/portrait2-web-300x204.jpeg 300w, https:\/\/sites.telfer.uottawa.ca\/lysannelessard\/files\/2015\/11\/portrait2-web.jpeg 568w\" sizes=\"auto, (max-width: 300px) 100vw, 300px\" \/><\/li>\n<li>Syst\u00e8mes de sant\u00e9<\/li>\n<li>Conception et ing\u00e9nierie des syst\u00e8mes de service<\/li>\n<li>Mod\u00e9lisation conceptuelle<\/li>\n<li>Analyse des exigences<\/li>\n<li>Design Science Research<\/li>\n<\/ul>\n<p><a href=\"http:\/\/www.telfer.uottawa.ca\/fr\/repertoire\/professeurs\/lessard-lysanne\" target=\"_blank\" rel=\"noopener\">Je suis professeure adjointe \u00e0 l&#8217;\u00c9cole de Gestion Telfer<\/a> de l&#8217;Universit\u00e9 d&#8217;Ottawa.\u00a0Ma recherche se situe dans le domaine des <strong>syst\u00e8mes d&#8217;information<\/strong>, plus sp\u00e9cifiquement en <strong>analyse et conception de syst\u00e8mes<\/strong>.<\/p>\n<p>Mon programme de recherche est ax\u00e9 sur la <strong>conception de services num\u00e9riques<\/strong>. Parmi ces services figurent les services de t\u00e9l\u00e9sant\u00e9, les services fournis par des plateformes num\u00e9riques et d&#8217;autres services qui tirent parti des progr\u00e8s des technologies de l&#8217;information et de la communication (TIC). L&#8217;objectif principal des services num\u00e9riques est de r\u00e9pondre aux besoins humains, ce qui n\u00e9cessite des interactions entre humains et machines ou des interactions entre humains m\u00e9di\u00e9es par les TIC. Compte tenu de leur nature, les services num\u00e9riques peuvent \u00eatre consid\u00e9r\u00e9s comme des syst\u00e8mes de services, une perspective qui permet de comprendre les services comme des arrangements collaboratifs et sociotechniques organis\u00e9s pour cr\u00e9er de la valeur.<\/p>\n<p>Mon programme de recherche se concentre sur trois aspects cl\u00e9s de la conception des services \u00e0 commande num\u00e9rique : la n\u00e9cessit\u00e9 d&#8217;am\u00e9liorer les <strong>mod\u00e8les et les techniques de mod\u00e9lisation<\/strong> pour l&#8217;analyse et la conception de ces syst\u00e8mes ; la n\u00e9cessit\u00e9 d&#8217;articuler leurs a<strong>rchitectures sociotechniques<\/strong>\u00a0et la n\u00e9cessit\u00e9 d&#8217;ancrer la <strong>conception des TIC int\u00e9gr\u00e9es dans ces syst\u00e8mes<\/strong> \u00e0 la fois dans des th\u00e9ories pertinentes et dans une compr\u00e9hension approfondie des besoins des multiples parties prenantes.<\/p>\n<p>Les principaux sous-domaines dans lesquels s&#8217;inscrit cette recherche sont la <strong>science des services<\/strong>, ax\u00e9e sur les cadres et les mises en \u0153uvre des syst\u00e8mes de services, et la <strong>science de la conception<\/strong>, ax\u00e9e sur les th\u00e9ories et les m\u00e9thodologies de conception des syst\u00e8mes d&#8217;information. Les domaines \u00e9troitement li\u00e9s \u00e0 cette recherche sont l&#8217;<strong>ing\u00e9nierie des exigences<\/strong>, un sous-domaine de l&#8217;ing\u00e9nierie des logiciels et des syst\u00e8mes, et l&#8217;<strong>informatique de sant\u00e9<\/strong>, car une partie importante de ma recherche est appliqu\u00e9e au domaine de la sant\u00e9.<\/p>\n[<a href=\"https:\/\/scholar.google.fr\/citations?user=gJQeVXMAAAAJ&amp;hl=en\" target=\"_blank\" rel=\"noopener\">Publications sur Google Scholar<\/a>] [<a href=\"http:\/\/dblp.uni-trier.de\/pers\/hd\/l\/Lessard:Lysanne\" target=\"_blank\" rel=\"noopener\">Publications sur dblp<\/a>]\u00a0[<a href=\"https:\/\/www.researchgate.net\/profile\/Lysanne_Lessard\" target=\"_blank\" rel=\"noopener\">Profil sur Research Gate<\/a>]\n","protected":false},"excerpt":{"rendered":"<p>Syst\u00e8mes de service ax\u00e9 sur le savoir Syst\u00e8mes de sant\u00e9 Conception et ing\u00e9nierie des syst\u00e8mes de service Mod\u00e9lisation conceptuelle Analyse des exigences Design Science Research Je suis professeure adjointe \u00e0 l&#8217;\u00c9cole de Gestion Telfer de l&#8217;Universit\u00e9 d&#8217;Ottawa.\u00a0Ma recherche se situe dans le domaine des syst\u00e8mes d&#8217;information, plus sp\u00e9cifiquement en analyse et conception de syst\u00e8mes. Mon [&hellip;]<\/p>\n","protected":false},"author":44,"featured_media":0,"parent":0,"menu_order":0,"comment_status":"closed","ping_status":"closed","template":"","meta":{"footnotes":""},"class_list":["post-24","page","type-page","status-publish","hentry"],"_links":{"self":[{"href":"https:\/\/sites.telfer.uottawa.ca\/lysannelessard\/fr\/wp-json\/wp\/v2\/pages\/24","targetHints":{"allow":["GET"]}}],"collection":[{"href":"https:\/\/sites.telfer.uottawa.ca\/lysannelessard\/fr\/wp-json\/wp\/v2\/pages"}],"about":[{"href":"https:\/\/sites.telfer.uottawa.ca\/lysannelessard\/fr\/wp-json\/wp\/v2\/types\/page"}],"author":[{"embeddable":true,"href":"https:\/\/sites.telfer.uottawa.ca\/lysannelessard\/fr\/wp-json\/wp\/v2\/users\/44"}],"replies":[{"embeddable":true,"href":"https:\/\/sites.telfer.uottawa.ca\/lysannelessard\/fr\/wp-json\/wp\/v2\/comments?post=24"}],"version-history":[{"count":14,"href":"https:\/\/sites.telfer.uottawa.ca\/lysannelessard\/fr\/wp-json\/wp\/v2\/pages\/24\/revisions"}],"predecessor-version":[{"id":187,"href":"https:\/\/sites.telfer.uottawa.ca\/lysannelessard\/fr\/wp-json\/wp\/v2\/pages\/24\/revisions\/187"}],"wp:attachment":[{"href":"https:\/\/sites.telfer.uottawa.ca\/lysannelessard\/fr\/wp-json\/wp\/v2\/media?parent=24"}],"curies":[{"name":"wp","href":"https:\/\/api.w.org\/{rel}","templated":true}]}}