{"id":77,"date":"2017-01-04T14:33:32","date_gmt":"2017-01-04T19:33:32","guid":{"rendered":"http:\/\/sites.telfer.uottawa.ca\/lysannelessard\/fr\/?page_id=77"},"modified":"2017-01-04T14:44:47","modified_gmt":"2017-01-04T19:44:47","slug":"projets-de-recherche","status":"publish","type":"page","link":"https:\/\/sites.telfer.uottawa.ca\/lysannelessard\/fr\/home\/projets-de-recherche\/","title":{"rendered":"Projets de recherche"},"content":{"rendered":"<p>Veuillez vous r\u00e9f\u00e9rer \u00e0 la <a href=\"http:\/\/sites.telfer.uottawa.ca\/lysannelessard\/home\/research-projects\/\">description de mes projets de recherche\u00a0en anglais<\/a>.<\/p>\n","protected":false},"excerpt":{"rendered":"<p>Veuillez vous r\u00e9f\u00e9rer \u00e0 la description de mes projets de recherche\u00a0en anglais.<\/p>\n","protected":false},"author":1,"featured_media":0,"parent":24,"menu_order":1,"comment_status":"closed","ping_status":"closed","template":"","meta":{"footnotes":""},"class_list":["post-77","page","type-page","status-publish","hentry"],"_links":{"self":[{"href":"https:\/\/sites.telfer.uottawa.ca\/lysannelessard\/fr\/wp-json\/wp\/v2\/pages\/77","targetHints":{"allow":["GET"]}}],"collection":[{"href":"https:\/\/sites.telfer.uottawa.ca\/lysannelessard\/fr\/wp-json\/wp\/v2\/pages"}],"about":[{"href":"https:\/\/sites.telfer.uottawa.ca\/lysannelessard\/fr\/wp-json\/wp\/v2\/types\/page"}],"author":[{"embeddable":true,"href":"https:\/\/sites.telfer.uottawa.ca\/lysannelessard\/fr\/wp-json\/wp\/v2\/users\/1"}],"replies":[{"embeddable":true,"href":"https:\/\/sites.telfer.uottawa.ca\/lysannelessard\/fr\/wp-json\/wp\/v2\/comments?post=77"}],"version-history":[{"count":2,"href":"https:\/\/sites.telfer.uottawa.ca\/lysannelessard\/fr\/wp-json\/wp\/v2\/pages\/77\/revisions"}],"predecessor-version":[{"id":89,"href":"https:\/\/sites.telfer.uottawa.ca\/lysannelessard\/fr\/wp-json\/wp\/v2\/pages\/77\/revisions\/89"}],"up":[{"embeddable":true,"href":"https:\/\/sites.telfer.uottawa.ca\/lysannelessard\/fr\/wp-json\/wp\/v2\/pages\/24"}],"wp:attachment":[{"href":"https:\/\/sites.telfer.uottawa.ca\/lysannelessard\/fr\/wp-json\/wp\/v2\/media?parent=77"}],"curies":[{"name":"wp","href":"https:\/\/api.w.org\/{rel}","templated":true}]}}