{"id":79,"date":"2017-01-04T14:33:57","date_gmt":"2017-01-04T19:33:57","guid":{"rendered":"http:\/\/sites.telfer.uottawa.ca\/lysannelessard\/fr\/?page_id=79"},"modified":"2017-01-04T14:46:35","modified_gmt":"2017-01-04T19:46:35","slug":"etudiants-supervises","status":"publish","type":"page","link":"https:\/\/sites.telfer.uottawa.ca\/lysannelessard\/fr\/home\/etudiants-supervises\/","title":{"rendered":"\u00c9tudiants supervis\u00e9s"},"content":{"rendered":"<p>Veuillez vous r\u00e9f\u00e9rer \u00e0 la <a href=\"http:\/\/sites.telfer.uottawa.ca\/lysannelessard\/home\/supervised-students\/\">liste en anglais des \u00e9tudiants que je supervise<\/a>.<\/p>\n","protected":false},"excerpt":{"rendered":"<p>Veuillez vous r\u00e9f\u00e9rer \u00e0 la liste en anglais des \u00e9tudiants que je supervise.<\/p>\n","protected":false},"author":1,"featured_media":0,"parent":24,"menu_order":2,"comment_status":"closed","ping_status":"closed","template":"","meta":{"footnotes":""},"class_list":["post-79","page","type-page","status-publish","hentry"],"_links":{"self":[{"href":"https:\/\/sites.telfer.uottawa.ca\/lysannelessard\/fr\/wp-json\/wp\/v2\/pages\/79","targetHints":{"allow":["GET"]}}],"collection":[{"href":"https:\/\/sites.telfer.uottawa.ca\/lysannelessard\/fr\/wp-json\/wp\/v2\/pages"}],"about":[{"href":"https:\/\/sites.telfer.uottawa.ca\/lysannelessard\/fr\/wp-json\/wp\/v2\/types\/page"}],"author":[{"embeddable":true,"href":"https:\/\/sites.telfer.uottawa.ca\/lysannelessard\/fr\/wp-json\/wp\/v2\/users\/1"}],"replies":[{"embeddable":true,"href":"https:\/\/sites.telfer.uottawa.ca\/lysannelessard\/fr\/wp-json\/wp\/v2\/comments?post=79"}],"version-history":[{"count":3,"href":"https:\/\/sites.telfer.uottawa.ca\/lysannelessard\/fr\/wp-json\/wp\/v2\/pages\/79\/revisions"}],"predecessor-version":[{"id":93,"href":"https:\/\/sites.telfer.uottawa.ca\/lysannelessard\/fr\/wp-json\/wp\/v2\/pages\/79\/revisions\/93"}],"up":[{"embeddable":true,"href":"https:\/\/sites.telfer.uottawa.ca\/lysannelessard\/fr\/wp-json\/wp\/v2\/pages\/24"}],"wp:attachment":[{"href":"https:\/\/sites.telfer.uottawa.ca\/lysannelessard\/fr\/wp-json\/wp\/v2\/media?parent=79"}],"curies":[{"name":"wp","href":"https:\/\/api.w.org\/{rel}","templated":true}]}}