{"id":199,"date":"2014-06-09T13:43:55","date_gmt":"2014-06-09T17:43:55","guid":{"rendered":"http:\/\/sites.telfer.uottawa.ca\/mbaaa\/?page_id=199"},"modified":"2014-06-09T13:52:53","modified_gmt":"2014-06-09T17:52:53","slug":"cafe-mba-professeur-stephen-daze","status":"publish","type":"page","link":"https:\/\/sites.telfer.uottawa.ca\/mbaaa\/fr\/cafe-mba-professeur-stephen-daze\/","title":{"rendered":"Caf\u00e9 MBA &#8211; professeur Stephen Daze"},"content":{"rendered":"<p>Les commentaires recueillis suite \u00e0 notre Caf\u00e9 MBA en novembre dernier, nous ont permis de d\u00e9couvrir un sujet d\u2019int\u00e9r\u00eat des anciens du MBA Telfer : l\u2019entreprenariat.<\/p>\n<p>C\u2019est dans cet ordre d\u2019id\u00e9e que le professeur Daze pr\u00e9sentera les aspects importants du processus d\u2019entreprenariat, de la phase initiale du d\u00e9veloppement de produits et d\u2019identification de march\u00e9s, au d\u00e9veloppement d\u2019un plan d\u2019affaires.<\/p>\n<p>Stephen Daze s&#8217;est joint \u00e0 titre d&#8217;entrepreneur en r\u00e9sidence, en 2012, \u00e0 l&#8217;\u00c9cole de gestion Telfer o\u00f9 il enseigne l&#8217;entreprenariat. Il est par ailleurs responsable de la strat\u00e9gie d&#8217;entreprenariat et de la planification de programmes. Il apporte en outre soutien et conseil aux \u00e9tudiants et \u00e0 la facult\u00e9 en mati\u00e8re de planification des affaires et de questions li\u00e9es au lancement d&#8217;entreprises, tout en travaillant avec la communaut\u00e9 pour appuyer les activit\u00e9s d&#8217;entreprenariat de l&#8217;\u00c9cole.<\/p>\n<p>Il est le fondateur de l&#8217;Agawa Entrepreneurship Development Corporation et l&#8217;ancien directeur g\u00e9n\u00e9ral des activit\u00e9s d&#8217;entreprenariat et de talents du Centre d\u2019innovation r\u00e9gional d\u2019Ottawa. Il est \u00e9galement le fondateur de Coach my start-up , ce qui lui permet de travailler avec des entrepreneurs au stage de d\u00e9marrage de leur entreprise, de les aider \u00e0 la b\u00e2tir tout en faisant cro\u00eetre rapidement leur profitabilit\u00e9, en utilisant des m\u00e9thodes qui ont \u00e9t\u00e9 prouv\u00e9es efficaces par le pass\u00e9. M. Daze poss\u00e8de aussi une grande exp\u00e9rience dans la gestion d&#8217;exploitation et le d\u00e9veloppement des commandites.<\/p>\n<p>Pour la pr\u00e9sentation MBA Cafe, s&#8217;il vous pla\u00eet visitez son <a class=\"ext\" href=\"http:\/\/www.agawacorp.com\/documents\" target=\"_blank\">site web<\/a>.<\/p>\n<p>Quelques photos de l&#8217;\u00e9v\u00e9nement sont ci-dessous. Pour plus de photos, visitez notre page Facebook.<\/p>\n<p><a href=\"http:\/\/sites.telfer.uottawa.ca\/mbaaa\/files\/2014\/06\/MBA-Cafe1.jpg\"><img loading=\"lazy\" decoding=\"async\" class=\"alignnone wp-image-200 size-full\" src=\"http:\/\/sites.telfer.uottawa.ca\/mbaaa\/files\/2014\/06\/MBA-Cafe1.jpg\" alt=\"MBA Cafe1\" width=\"500\" height=\"334\" srcset=\"https:\/\/sites.telfer.uottawa.ca\/mbaaa\/files\/2014\/06\/MBA-Cafe1.jpg 500w, https:\/\/sites.telfer.uottawa.ca\/mbaaa\/files\/2014\/06\/MBA-Cafe1-300x200.jpg 300w\" sizes=\"auto, (max-width: 500px) 100vw, 500px\" \/><\/a><\/p>\n<p><a href=\"http:\/\/sites.telfer.uottawa.ca\/mbaaa\/files\/2014\/06\/MBA-Cafe2.jpg\"><img loading=\"lazy\" decoding=\"async\" class=\"alignnone wp-image-201 size-full\" src=\"http:\/\/sites.telfer.uottawa.ca\/mbaaa\/files\/2014\/06\/MBA-Cafe2.jpg\" alt=\"MBA Cafe2\" width=\"500\" height=\"334\" srcset=\"https:\/\/sites.telfer.uottawa.ca\/mbaaa\/files\/2014\/06\/MBA-Cafe2.jpg 500w, https:\/\/sites.telfer.uottawa.ca\/mbaaa\/files\/2014\/06\/MBA-Cafe2-300x200.jpg 300w\" sizes=\"auto, (max-width: 500px) 100vw, 500px\" \/><\/a><\/p>\n<p><a href=\"http:\/\/sites.telfer.uottawa.ca\/mbaaa\/files\/2014\/06\/MBA-Cafe3.jpg\"><img loading=\"lazy\" decoding=\"async\" class=\"alignnone wp-image-202 size-full\" src=\"http:\/\/sites.telfer.uottawa.ca\/mbaaa\/files\/2014\/06\/MBA-Cafe3.jpg\" alt=\"MBA Cafe3\" width=\"500\" height=\"334\" srcset=\"https:\/\/sites.telfer.uottawa.ca\/mbaaa\/files\/2014\/06\/MBA-Cafe3.jpg 500w, https:\/\/sites.telfer.uottawa.ca\/mbaaa\/files\/2014\/06\/MBA-Cafe3-300x200.jpg 300w\" sizes=\"auto, (max-width: 500px) 100vw, 500px\" \/><\/a><\/p>\n<p><a href=\"http:\/\/sites.telfer.uottawa.ca\/mbaaa\/files\/2014\/06\/MBA-Cafe4.jpg\"><img loading=\"lazy\" decoding=\"async\" class=\"alignnone wp-image-203 size-full\" src=\"http:\/\/sites.telfer.uottawa.ca\/mbaaa\/files\/2014\/06\/MBA-Cafe4.jpg\" alt=\"MBA Cafe4\" width=\"500\" height=\"334\" srcset=\"https:\/\/sites.telfer.uottawa.ca\/mbaaa\/files\/2014\/06\/MBA-Cafe4.jpg 500w, https:\/\/sites.telfer.uottawa.ca\/mbaaa\/files\/2014\/06\/MBA-Cafe4-300x200.jpg 300w\" sizes=\"auto, (max-width: 500px) 100vw, 500px\" \/><\/a><\/p>\n","protected":false},"excerpt":{"rendered":"<p>Les commentaires recueillis suite \u00e0 notre Caf\u00e9 MBA en novembre dernier, nous ont permis de d\u00e9couvrir un sujet d\u2019int\u00e9r\u00eat des anciens du MBA Telfer : l\u2019entreprenariat. C\u2019est dans cet ordre d\u2019id\u00e9e que le professeur Daze pr\u00e9sentera les aspects importants du processus d\u2019entreprenariat, de la phase initiale du d\u00e9veloppement de produits et d\u2019identification de march\u00e9s, au [&hellip;]<\/p>\n","protected":false},"author":1,"featured_media":0,"parent":0,"menu_order":0,"comment_status":"closed","ping_status":"closed","template":"","meta":{"footnotes":""},"class_list":["post-199","page","type-page","status-publish","hentry"],"_links":{"self":[{"href":"https:\/\/sites.telfer.uottawa.ca\/mbaaa\/fr\/wp-json\/wp\/v2\/pages\/199","targetHints":{"allow":["GET"]}}],"collection":[{"href":"https:\/\/sites.telfer.uottawa.ca\/mbaaa\/fr\/wp-json\/wp\/v2\/pages"}],"about":[{"href":"https:\/\/sites.telfer.uottawa.ca\/mbaaa\/fr\/wp-json\/wp\/v2\/types\/page"}],"author":[{"embeddable":true,"href":"https:\/\/sites.telfer.uottawa.ca\/mbaaa\/fr\/wp-json\/wp\/v2\/users\/1"}],"replies":[{"embeddable":true,"href":"https:\/\/sites.telfer.uottawa.ca\/mbaaa\/fr\/wp-json\/wp\/v2\/comments?post=199"}],"version-history":[{"count":1,"href":"https:\/\/sites.telfer.uottawa.ca\/mbaaa\/fr\/wp-json\/wp\/v2\/pages\/199\/revisions"}],"predecessor-version":[{"id":204,"href":"https:\/\/sites.telfer.uottawa.ca\/mbaaa\/fr\/wp-json\/wp\/v2\/pages\/199\/revisions\/204"}],"wp:attachment":[{"href":"https:\/\/sites.telfer.uottawa.ca\/mbaaa\/fr\/wp-json\/wp\/v2\/media?parent=199"}],"curies":[{"name":"wp","href":"https:\/\/api.w.org\/{rel}","templated":true}]}}