{"id":88,"date":"2014-06-02T11:03:27","date_gmt":"2014-06-02T15:03:27","guid":{"rendered":"http:\/\/sites.telfer.uottawa.ca\/mbaaa\/career-centre-2\/"},"modified":"2016-11-10T11:50:13","modified_gmt":"2016-11-10T16:50:13","slug":"centre-des-carrieres","status":"publish","type":"page","link":"https:\/\/sites.telfer.uottawa.ca\/mbaaa\/fr\/centre-des-carrieres\/","title":{"rendered":"Centre des carri\u00e8res"},"content":{"rendered":"<p>Saviez-vous que vous avez acc\u00e8s au Navigateur de carri\u00e8re ? Le Navigateur de carri\u00e8re est un syst\u00e8me de gestion de postes en ligne qui appartient exclusivement \u00e0 l\u2019\u00c9cole de gestion<\/p>\n<ul>\n<li>Il permet aux \u00e9tudiants et anciens d\u2019afficher diff\u00e9rentes versions de leur CV, de consulter les annonces de postes en vigueur et les activit\u00e9s en cours \u00e0 l\u2019\u00c9cole de gestion, par exemple le R\u00e9seau des carri\u00e8res MBA, et, aussi, de consulter le centre de documentation du Centre des carri\u00e8res. Le Navigateur de carri\u00e8re est exclusif aux \u00e9tudiants et anciens de l\u2019\u00c9cole de gestion!<\/li>\n<\/ul>\n<ul>\n<li>Ce syst\u00e8me aide aussi les employeurs en facilitant le processus de recrutement. Il leur permet d\u2019afficher des offres d\u2019emploi, de pr\u00e9parer des entrevues, et de consulter la base de donn\u00e9es des curriculum vitae \u00e9tudiants pour effectuer leurs propres recherches. De plus, les employeurs peuvent y trouver de l\u2019information sur les activit\u00e9s et les \u00e9v\u00e9nements du Centre des carri\u00e8res.<\/li>\n<\/ul>\n<p>Pour les \u00e9tudiants et anciens : Pour acc\u00e9der au syst\u00e8me veuillez visiter votre compte\u00a0uoZone et cliquez sur \u00abservices\u00bb, ensuite s\u00e9lectionnez \u00abNavigateur de carri\u00e8re\u00bb. Pour les employeurs : Affichez une offre d\u2019emploi par le biais de notre syst\u00e8me Navigateur de carri\u00e8re, accessible par notre site \u00e0 l\u2019adresse suivante <a href=\"http:\/\/www.telfer.uottawa.ca\/careercentre\">www.telfer.uOttawa.ca\/centredescarrieres.<\/a> Pour de plus amples renseignements, veuillez communiquer avec nous au (613) 562-5656 ou <a href=\"mailto:careers@telfer.uOttawa.ca\">careers@telfer.uOttawa.ca<\/a><\/p>\n","protected":false},"excerpt":{"rendered":"<p>Saviez-vous que vous avez acc\u00e8s au Navigateur de carri\u00e8re ? Le Navigateur de carri\u00e8re est un syst\u00e8me de gestion de postes en ligne qui appartient exclusivement \u00e0 l\u2019\u00c9cole de gestion Il permet aux \u00e9tudiants et anciens d\u2019afficher diff\u00e9rentes versions de leur CV, de consulter les annonces de postes en vigueur et les activit\u00e9s en cours [&hellip;]<\/p>\n","protected":false},"author":1,"featured_media":0,"parent":0,"menu_order":0,"comment_status":"closed","ping_status":"closed","template":"","meta":{"footnotes":""},"class_list":["post-88","page","type-page","status-publish","hentry"],"_links":{"self":[{"href":"https:\/\/sites.telfer.uottawa.ca\/mbaaa\/fr\/wp-json\/wp\/v2\/pages\/88","targetHints":{"allow":["GET"]}}],"collection":[{"href":"https:\/\/sites.telfer.uottawa.ca\/mbaaa\/fr\/wp-json\/wp\/v2\/pages"}],"about":[{"href":"https:\/\/sites.telfer.uottawa.ca\/mbaaa\/fr\/wp-json\/wp\/v2\/types\/page"}],"author":[{"embeddable":true,"href":"https:\/\/sites.telfer.uottawa.ca\/mbaaa\/fr\/wp-json\/wp\/v2\/users\/1"}],"replies":[{"embeddable":true,"href":"https:\/\/sites.telfer.uottawa.ca\/mbaaa\/fr\/wp-json\/wp\/v2\/comments?post=88"}],"version-history":[{"count":4,"href":"https:\/\/sites.telfer.uottawa.ca\/mbaaa\/fr\/wp-json\/wp\/v2\/pages\/88\/revisions"}],"predecessor-version":[{"id":360,"href":"https:\/\/sites.telfer.uottawa.ca\/mbaaa\/fr\/wp-json\/wp\/v2\/pages\/88\/revisions\/360"}],"wp:attachment":[{"href":"https:\/\/sites.telfer.uottawa.ca\/mbaaa\/fr\/wp-json\/wp\/v2\/media?parent=88"}],"curies":[{"name":"wp","href":"https:\/\/api.w.org\/{rel}","templated":true}]}}