{"id":89,"date":"2014-06-02T11:01:05","date_gmt":"2014-06-02T15:01:05","guid":{"rendered":"http:\/\/sites.telfer.uottawa.ca\/mbaaa\/contact-us-2\/"},"modified":"2014-11-12T21:51:31","modified_gmt":"2014-11-13T02:51:31","slug":"nous-joindre","status":"publish","type":"page","link":"https:\/\/sites.telfer.uottawa.ca\/mbaaa\/fr\/nous-joindre\/","title":{"rendered":"Nous joindre"},"content":{"rendered":"<p><strong>Programme d\u2019Ambassadeurs de l&#8217;Association des anciens du MBA<\/strong><br \/> Dans le but de cultiver et de maintenir les liens d\u2019une mani\u00e8re plus personnel, l\u2019Association des anciens du MBA a mis sur pied un programme d\u2019ambassadeurs pour les promotions les plus r\u00e9centes pour les cohortes \u00e0 temps complet et \u00e0 temps partiel. Les responsabilit\u00e9s des ambassadeurs sont simples: rester en contact avec le plus possible de gens de votre promotion et leur faire parvenir les invitations des \u00e9v\u00e9nements MBA \u00e0 venir. La liste des ambassadeurs est :<\/p>\n<p><span style=\"text-decoration: underline\">Promotion MBA 2013:<\/span> Peggy Wang (TC), Ben de Groot (TP)<br \/> <span style=\"text-decoration: underline\">Promotion MBA 2012:<\/span> Ashley Walker<br \/> <span style=\"text-decoration: underline\">Promotion MBA 2011:<\/span> Chapman Swaine (TC), Duncan Filshie (TP)<br \/> <span style=\"text-decoration: underline\">Promotion MBA 2005:<\/span> Eric Cazeault, Christyne Auger<span style=\"text-decoration: underline\"><br \/><\/span><\/p>\n<p>Si vous \u00eates int\u00e9ress\u00e9 \u00e0 devenir un ambassadeur pour votre promotion, s.v.p. contacter l\u2019AAMBA par courriel \u00e0 (<a href=\"mailto:mbaaa@telfer.uOttawa.ca\">mbaaa@telfer.uOttawa.ca<\/a>).<\/p>\n<p>Si vous n\u2019avez pas eu de nouvelle r\u00e9cente de votre ambassadeur cit\u00e9 ci-dessus, prenez contact avec eux via LinkedIn, Facebook, courriel, etc. Vous pouvez \u00e9galement communiquer avec l\u2019AAMBA qui se fera un plaisir de vous mettre en contact.<\/p>\n<p><strong>Coordonn\u00e9es de l&#8217;Association des anciens du MBA<\/strong><br \/> Universit\u00e9 d&#8217;Ottawa, \u00c9cole de gestion Telfer<br \/> 55, ave Laurier Est<br \/> Ottawa ON K1N 6N5<br \/> Canada<br \/> <a href=\"mailto:mbaaa@telfer.uOttawa.ca\">mbaaa@telfer.uOttawa.ca<\/a><\/p>\n","protected":false},"excerpt":{"rendered":"<p>Programme d\u2019Ambassadeurs de l&#8217;Association des anciens du MBA Dans le but de cultiver et de maintenir les liens d\u2019une mani\u00e8re plus personnel, l\u2019Association des anciens du MBA a mis sur pied un programme d\u2019ambassadeurs pour les promotions les plus r\u00e9centes pour les cohortes \u00e0 temps complet et \u00e0 temps partiel. Les responsabilit\u00e9s des ambassadeurs sont [&hellip;]<\/p>\n","protected":false},"author":1,"featured_media":0,"parent":0,"menu_order":0,"comment_status":"closed","ping_status":"closed","template":"","meta":{"footnotes":""},"class_list":["post-89","page","type-page","status-publish","hentry"],"_links":{"self":[{"href":"https:\/\/sites.telfer.uottawa.ca\/mbaaa\/fr\/wp-json\/wp\/v2\/pages\/89","targetHints":{"allow":["GET"]}}],"collection":[{"href":"https:\/\/sites.telfer.uottawa.ca\/mbaaa\/fr\/wp-json\/wp\/v2\/pages"}],"about":[{"href":"https:\/\/sites.telfer.uottawa.ca\/mbaaa\/fr\/wp-json\/wp\/v2\/types\/page"}],"author":[{"embeddable":true,"href":"https:\/\/sites.telfer.uottawa.ca\/mbaaa\/fr\/wp-json\/wp\/v2\/users\/1"}],"replies":[{"embeddable":true,"href":"https:\/\/sites.telfer.uottawa.ca\/mbaaa\/fr\/wp-json\/wp\/v2\/comments?post=89"}],"version-history":[{"count":4,"href":"https:\/\/sites.telfer.uottawa.ca\/mbaaa\/fr\/wp-json\/wp\/v2\/pages\/89\/revisions"}],"predecessor-version":[{"id":256,"href":"https:\/\/sites.telfer.uottawa.ca\/mbaaa\/fr\/wp-json\/wp\/v2\/pages\/89\/revisions\/256"}],"wp:attachment":[{"href":"https:\/\/sites.telfer.uottawa.ca\/mbaaa\/fr\/wp-json\/wp\/v2\/media?parent=89"}],"curies":[{"name":"wp","href":"https:\/\/api.w.org\/{rel}","templated":true}]}}