{"id":90,"date":"2014-06-02T10:58:08","date_gmt":"2014-06-02T14:58:08","guid":{"rendered":"http:\/\/sites.telfer.uottawa.ca\/mbaaa\/excellence-award-2\/"},"modified":"2014-06-09T10:47:30","modified_gmt":"2014-06-09T14:47:30","slug":"prix-d-excellence","status":"publish","type":"page","link":"https:\/\/sites.telfer.uottawa.ca\/mbaaa\/fr\/prix-d-excellence\/","title":{"rendered":"Prix d\u2019excellence"},"content":{"rendered":"<p><strong>Prix d\u2019excellence de l\u2019Association des anciens du MBA<\/strong><\/p>\n<p>Dans le cadre de son nouveau plan strat\u00e9gique, l\u2019Association des anciens s\u2019est fix\u00e9e comme priorit\u00e9 de reconna\u00eetre l\u2019excellence en gestion. Pour cette raison, nous sommes heureux d\u2019annoncer la cr\u00e9ation d\u2019un nouveau fond pour un prix d\u2019excellence pour le programme de MBA Telfer.<\/p>\n<p>Le but de ce fond est de souligner le travail exceptionnel d\u2019un \u00e9tudiant MBA ou d\u2019un groupe d\u2019\u00e9tudiant faisant la promotion du th\u00e8me de la responsabilit\u00e9 sociale, du d\u00e9veloppement durable et des pratiques des entreprises, l\u2019innovation sociale ou encore de l\u2019\u00e9thique et de la gouvernance. Ce prix annuel de 1000 $ sera accord\u00e9 sur la base d\u2019un travail ou d\u2019un projet li\u00e9 \u00e0 un cours du programme de MBA.<\/p>\n<p>L\u2019objectif total fix\u00e9 pour le financement est de 35 000 $.<\/p>\n<p>En tant qu\u2019anciens, nous pouvons vraiment faire une diff\u00e9rence sur l\u2019exp\u00e9rience \u00e9tudiante de nos confr\u00e8res. Nous vous invitons \u00e0 nous aider \u00e0 atteindre notre objectif et \u00e0 promouvoir l\u2019excellence en gestion. Nous vous remercions \u00e0 l\u2019avance de votre support.<\/p>\n<p><a href=\"https:\/\/alumni.uottawa.ca\/sslpage.aspx?pid=775\">Pour faire un don au prix d\u2019excellence cliquez ici<\/a><\/p>\n<p><strong>T\u00e9moignages de laur\u00e9ats de bourses d&#8217;\u00e9tudes pass\u00e9es<\/strong><\/p>\n<p><em>Pendant mes \u00e9tudes, j\u2019ai \u00e9t\u00e9 tr\u00e8s engag\u00e9 avec l\u2019Association des \u00e9tudiants MBA, entre autres en participant \u00e0 autant d\u2019activit\u00e9s parascolaires que mon temps le permettait (je me suis m\u00eame donn\u00e9 le droit de parfois dormir en classe !). Je consid\u00e9rais qu\u2019il \u00e9tait important de conserver un \u00e9quilibre entre les \u00e9tudes (le travail) et les loisirs, c\u2019est pourquoi j\u2019essayais le plus souvent de socialiser avec mes coll\u00e8gues \u00e0 l\u2019ext\u00e9rieur des salles de classe.<br \/>\nLorsque j\u2019ai compl\u00e9t\u00e9 mon programme MBA, l\u2019\u00c9cole de gestion Telfer m\u2019a remis, \u00e0 ma plus grande surprise, un prix de leadership \u00e9tudiant pour avoir d\u00e9montr\u00e9 un tr\u00e8s grand nombre d\u2019initiatives. Je ne m\u2019attendais pas \u00e0 cette reconnaissance; ce fut pour moi la cerise sur la coupe glac\u00e9e ! J\u2019\u00e9tais tr\u00e8s content d\u2019\u00eatre reconnu pour les nombreux efforts que j\u2019ai faits tout au long de l\u2019ann\u00e9e. Je crois sinc\u00e8rement que nous r\u00e9coltons le fruit que nous semons\u2014 le MBA Telfer a surpass\u00e9 mes attentes \u00e0 tous les niveaux, c\u2019est pourquoi j\u2019\u00e9tais tr\u00e8s content de recevoir cette reconnaissance. Le prix d\u2019excellence a \u00e9t\u00e9 un superbe cadeau de d\u00e9part. Tout au long de ma carri\u00e8re, je vais continuer de redonner \u00e0 l\u2019\u00c9cole de gestion Telfer pour permettre \u00e0 d\u2019autres \u00e9tudiants d\u2019obtenir les m\u00eames occasions que j\u2019ai re\u00e7ues.<\/em><br \/>\n-r\u00e9cipiendaire 2012 de prix de leadership \u00e9tudiant<\/p>\n<p><em>&#8220;Bien qu\u2019inattendu, ce fut un grand honneur de recevoir une bourse d&#8217;\u00e9tudes \u00e0 la fin de mon ann\u00e9e \u00e0 Telfer. C&#8217;\u00e9tait vraiment g\u00e9nial de savoir que tout mon travail tout au long de l&#8217;ann\u00e9e a \u00e9t\u00e9 remarqu\u00e9 et estim\u00e9. De plus, ayant une jeune famille, je trouv\u00e9 l&#8217;argent vraiment utile pour aider \u00e0 combler la transition de l&#8217;\u00e9cole au retour au travail&#8221;.<\/em><br \/>\n-r\u00e9cipiendaire 2012 de la bourse Pierre Maurer<\/p>\n","protected":false},"excerpt":{"rendered":"<p>Prix d\u2019excellence de l\u2019Association des anciens du MBA Dans le cadre de son nouveau plan strat\u00e9gique, l\u2019Association des anciens s\u2019est fix\u00e9e comme priorit\u00e9 de reconna\u00eetre l\u2019excellence en gestion. Pour cette raison, nous sommes heureux d\u2019annoncer la cr\u00e9ation d\u2019un nouveau fond pour un prix d\u2019excellence pour le programme de MBA Telfer. Le but de ce fond [&hellip;]<\/p>\n","protected":false},"author":1,"featured_media":0,"parent":0,"menu_order":0,"comment_status":"closed","ping_status":"closed","template":"","meta":{"footnotes":""},"class_list":["post-90","page","type-page","status-publish","hentry"],"_links":{"self":[{"href":"https:\/\/sites.telfer.uottawa.ca\/mbaaa\/fr\/wp-json\/wp\/v2\/pages\/90","targetHints":{"allow":["GET"]}}],"collection":[{"href":"https:\/\/sites.telfer.uottawa.ca\/mbaaa\/fr\/wp-json\/wp\/v2\/pages"}],"about":[{"href":"https:\/\/sites.telfer.uottawa.ca\/mbaaa\/fr\/wp-json\/wp\/v2\/types\/page"}],"author":[{"embeddable":true,"href":"https:\/\/sites.telfer.uottawa.ca\/mbaaa\/fr\/wp-json\/wp\/v2\/users\/1"}],"replies":[{"embeddable":true,"href":"https:\/\/sites.telfer.uottawa.ca\/mbaaa\/fr\/wp-json\/wp\/v2\/comments?post=90"}],"version-history":[{"count":2,"href":"https:\/\/sites.telfer.uottawa.ca\/mbaaa\/fr\/wp-json\/wp\/v2\/pages\/90\/revisions"}],"predecessor-version":[{"id":106,"href":"https:\/\/sites.telfer.uottawa.ca\/mbaaa\/fr\/wp-json\/wp\/v2\/pages\/90\/revisions\/106"}],"wp:attachment":[{"href":"https:\/\/sites.telfer.uottawa.ca\/mbaaa\/fr\/wp-json\/wp\/v2\/media?parent=90"}],"curies":[{"name":"wp","href":"https:\/\/api.w.org\/{rel}","templated":true}]}}