{"id":93,"date":"2014-06-02T10:52:33","date_gmt":"2014-06-02T14:52:33","guid":{"rendered":"http:\/\/sites.telfer.uottawa.ca\/mbaaa\/getting-involved-2\/"},"modified":"2014-06-09T10:46:31","modified_gmt":"2014-06-09T14:46:31","slug":"comment-participer","status":"publish","type":"page","link":"https:\/\/sites.telfer.uottawa.ca\/mbaaa\/fr\/comment-participer\/","title":{"rendered":"Comment participer"},"content":{"rendered":"<ol>\n<li>En consultant r\u00e9guli\u00e8rement le site web de l\u2019AAMBA \/ Facebook, vous serez au courant des derni\u00e8res nouvelles concernant l&#8217;Association des anciens, l\u2019\u00c9cole de gestion Telfer et le programme MBA.<\/li>\n<li>Soyez l\u2019ambassadeur de votre ann\u00e9e de graduation. Nous sommes toujours \u00e0 la recherche d\u2019anciens qui sont rest\u00e9s en contact avec leurs coll\u00e8gues de classe pour nous aider \u00e0 transmettre l\u2019information concernant nos prochains \u00e9v\u00e9nements.<\/li>\n<li>Prendre part \u00e0 nos activit\u00e9s, c&#8217;est \u00e9largir son r\u00e9seau de contact, faire de nouvelles rencontres et en apprendre davantage sur le monde des affaires.<\/li>\n<li>Joignez vous \u00e0 notre \u00e9quipe.<\/li>\n<\/ol>\n<p>Faites nous part de vos suggestions et id\u00e9es.\u00a0 Si vous d\u00e9sirez jouer un r\u00f4le actif au sein de votre Association, veuillez communiquer par courrier \u00e9lectronique \u00e0 <a href=\"mailto:mbaaa@telfer.uOttawa.ca\">mbaaa@telfer.uOttawa.ca<\/a><\/p>\n","protected":false},"excerpt":{"rendered":"<p>En consultant r\u00e9guli\u00e8rement le site web de l\u2019AAMBA \/ Facebook, vous serez au courant des derni\u00e8res nouvelles concernant l&#8217;Association des anciens, l\u2019\u00c9cole de gestion Telfer et le programme MBA. Soyez l\u2019ambassadeur de votre ann\u00e9e de graduation. Nous sommes toujours \u00e0 la recherche d\u2019anciens qui sont rest\u00e9s en contact avec leurs coll\u00e8gues de classe pour nous [&hellip;]<\/p>\n","protected":false},"author":1,"featured_media":0,"parent":0,"menu_order":0,"comment_status":"closed","ping_status":"closed","template":"","meta":{"footnotes":""},"class_list":["post-93","page","type-page","status-publish","hentry"],"_links":{"self":[{"href":"https:\/\/sites.telfer.uottawa.ca\/mbaaa\/fr\/wp-json\/wp\/v2\/pages\/93","targetHints":{"allow":["GET"]}}],"collection":[{"href":"https:\/\/sites.telfer.uottawa.ca\/mbaaa\/fr\/wp-json\/wp\/v2\/pages"}],"about":[{"href":"https:\/\/sites.telfer.uottawa.ca\/mbaaa\/fr\/wp-json\/wp\/v2\/types\/page"}],"author":[{"embeddable":true,"href":"https:\/\/sites.telfer.uottawa.ca\/mbaaa\/fr\/wp-json\/wp\/v2\/users\/1"}],"replies":[{"embeddable":true,"href":"https:\/\/sites.telfer.uottawa.ca\/mbaaa\/fr\/wp-json\/wp\/v2\/comments?post=93"}],"version-history":[{"count":2,"href":"https:\/\/sites.telfer.uottawa.ca\/mbaaa\/fr\/wp-json\/wp\/v2\/pages\/93\/revisions"}],"predecessor-version":[{"id":108,"href":"https:\/\/sites.telfer.uottawa.ca\/mbaaa\/fr\/wp-json\/wp\/v2\/pages\/93\/revisions\/108"}],"wp:attachment":[{"href":"https:\/\/sites.telfer.uottawa.ca\/mbaaa\/fr\/wp-json\/wp\/v2\/media?parent=93"}],"curies":[{"name":"wp","href":"https:\/\/api.w.org\/{rel}","templated":true}]}}