{"id":94,"date":"2014-08-06T10:59:53","date_gmt":"2014-08-06T14:59:53","guid":{"rendered":"http:\/\/sites.telfer.uottawa.ca\/mbaaa\/sample-page-2\/"},"modified":"2022-02-02T17:41:28","modified_gmt":"2022-02-02T22:41:28","slug":"dernieres-nouvelles","status":"publish","type":"page","link":"https:\/\/sites.telfer.uottawa.ca\/mbaaa\/fr\/","title":{"rendered":"Accueil"},"content":{"rendered":"<\/p>\n<hr \/>\n<p><img decoding=\"async\" class=\"w-100\" src=\"http:\/\/sites.telfer.uottawa.ca\/mbaaa\/files\/2018\/07\/Update-your-contact-info.jpg\" alt=\"Mettre votre information \u00e0 jour\" \/><\/p>\n<h2 class=\"h4 mt-2\"><a href=\"https:\/\/web5.uottawa.ca\/anciens\/miseajour-personnelles.html\">Mettez \u00e0 jour vos coordonn\u00e9es<\/a><\/h2>\n<p>Gardez le contact. Mettez votre information \u00e0 jour pour rester inform\u00e9 au sujet des derni\u00e8res nouvelles \u00e0 l&#8217;\u00c9cole Telfer.<\/p>\n<p><img decoding=\"async\" class=\"w-100\" src=\"http:\/\/sites.telfer.uottawa.ca\/mbaaa\/files\/2018\/07\/Request-Transcript-1.jpg\" alt=\"Documents Scolaires\" \/><\/p>\n<h2 class=\"h4 mt-2\"><a href=\"https:\/\/www.uottawa.ca\/documents-scolaires\">Documents scolaires<\/a><\/h2>\n<p>Demande de relev\u00e9s de notes, de preuve d&#8217;\u00e9tudes ou d\u2019une copie de votre dipl\u00f4me.<\/p>\n<p><img decoding=\"async\" class=\"w-100\" src=\"http:\/\/sites.telfer.uottawa.ca\/mbaaa\/files\/2018\/07\/Discount-1.jpg\" alt=\"Rabais\" \/><\/p>\n<h2 class=\"h4 mt-2\"><a href=\"https:\/\/www.uottawa.ca\/diplomes\/avantages-services\">Rabais et les privil\u00e8ges<\/a><\/h2>\n<p>Profitez des nombreux avantages d\u2019\u00eatre dipl\u00f4m\u00e9 de l\u2019Universit\u00e9 d\u2019Ottawa! Des rabais sur les produits et services aux ateliers de formation continue en passant par des conseils pour propulser votre carri\u00e8re, nous offrons une gamme vari\u00e9e d\u2019avantages \u00e0 nos dipl\u00f4m\u00e9s.<\/p>\n<p><img decoding=\"async\" class=\"w-100\" src=\"http:\/\/sites.telfer.uottawa.ca\/mbaaa\/files\/2018\/07\/Telfer-Store-1.jpg\" alt=\"Sac de la boutique Telfer\" \/><\/p>\n<h2 class=\"h4 mt-2\"><a href=\"http:\/\/www.telfer.uottawa.ca\/fr\/la-boutique-telfer\">La boutique Telfer<\/a><\/h2>\n<p>D\u00e9montrez votre appartenance \u00e0 l&#8217;\u00c9cole Telfer en vous procurant des v\u00eatements Telfer en ligne.<\/p><\/p>\n","protected":false},"excerpt":{"rendered":"<p>Mettez \u00e0 jour vos coordonn\u00e9es Gardez le contact. Mettez votre information \u00e0 jour pour rester inform\u00e9 au sujet des derni\u00e8res nouvelles \u00e0 l&#8217;\u00c9cole Telfer. Documents scolaires Demande de relev\u00e9s de notes, de preuve d&#8217;\u00e9tudes ou d\u2019une copie de votre dipl\u00f4me. Rabais et les privil\u00e8ges Profitez des nombreux avantages d\u2019\u00eatre dipl\u00f4m\u00e9 de l\u2019Universit\u00e9 d\u2019Ottawa! Des rabais [&hellip;]<\/p>\n","protected":false},"author":1,"featured_media":0,"parent":0,"menu_order":0,"comment_status":"closed","ping_status":"closed","template":"","meta":{"footnotes":""},"class_list":["post-94","page","type-page","status-publish","hentry"],"_links":{"self":[{"href":"https:\/\/sites.telfer.uottawa.ca\/mbaaa\/fr\/wp-json\/wp\/v2\/pages\/94","targetHints":{"allow":["GET"]}}],"collection":[{"href":"https:\/\/sites.telfer.uottawa.ca\/mbaaa\/fr\/wp-json\/wp\/v2\/pages"}],"about":[{"href":"https:\/\/sites.telfer.uottawa.ca\/mbaaa\/fr\/wp-json\/wp\/v2\/types\/page"}],"author":[{"embeddable":true,"href":"https:\/\/sites.telfer.uottawa.ca\/mbaaa\/fr\/wp-json\/wp\/v2\/users\/1"}],"replies":[{"embeddable":true,"href":"https:\/\/sites.telfer.uottawa.ca\/mbaaa\/fr\/wp-json\/wp\/v2\/comments?post=94"}],"version-history":[{"count":50,"href":"https:\/\/sites.telfer.uottawa.ca\/mbaaa\/fr\/wp-json\/wp\/v2\/pages\/94\/revisions"}],"predecessor-version":[{"id":593,"href":"https:\/\/sites.telfer.uottawa.ca\/mbaaa\/fr\/wp-json\/wp\/v2\/pages\/94\/revisions\/593"}],"wp:attachment":[{"href":"https:\/\/sites.telfer.uottawa.ca\/mbaaa\/fr\/wp-json\/wp\/v2\/media?parent=94"}],"curies":[{"name":"wp","href":"https:\/\/api.w.org\/{rel}","templated":true}]}}