{"id":95,"date":"2014-06-02T10:55:18","date_gmt":"2014-06-02T14:55:18","guid":{"rendered":"http:\/\/sites.telfer.uottawa.ca\/mbaaa\/our-strategic-plan-2\/"},"modified":"2018-12-13T15:40:59","modified_gmt":"2018-12-13T20:40:59","slug":"objectifs-strategiques","status":"publish","type":"page","link":"https:\/\/sites.telfer.uottawa.ca\/mbaaa\/fr\/objectifs-strategiques\/","title":{"rendered":"Vision et mission"},"content":{"rendered":"<h4>Vision<\/h4>\n<p>\u00catre une organisation active et dynamique, principale source d\u2019engagement, de connectivit\u00e9 et de formation continue pour les dipl\u00f4m\u00e9s du MBA.<\/p>\n<h4>Mission<\/h4>\n<p>Inspirer passion, fiert\u00e9 et camaraderie au sein des dipl\u00f4m\u00e9s du MBA d\u2019aujourd\u2019hui et de demain et favoriser une relation symbiotique avec l\u2019\u00c9cole de gestion Telfer.<\/p>\n<h4>Valeurs<\/h4>\n<p>Communaut\u00e9, int\u00e9grit\u00e9, am\u00e9lioration continue et engagement.<\/p>\n","protected":false},"excerpt":{"rendered":"<p>Vision \u00catre une organisation active et dynamique, principale source d\u2019engagement, de connectivit\u00e9 et de formation continue pour les dipl\u00f4m\u00e9s du MBA. Mission Inspirer passion, fiert\u00e9 et camaraderie au sein des dipl\u00f4m\u00e9s du MBA d\u2019aujourd\u2019hui et de demain et favoriser une relation symbiotique avec l\u2019\u00c9cole de gestion Telfer. Valeurs Communaut\u00e9, int\u00e9grit\u00e9, am\u00e9lioration continue et engagement.<\/p>\n","protected":false},"author":1,"featured_media":0,"parent":0,"menu_order":0,"comment_status":"closed","ping_status":"closed","template":"","meta":{"footnotes":""},"class_list":["post-95","page","type-page","status-publish","hentry"],"_links":{"self":[{"href":"https:\/\/sites.telfer.uottawa.ca\/mbaaa\/fr\/wp-json\/wp\/v2\/pages\/95","targetHints":{"allow":["GET"]}}],"collection":[{"href":"https:\/\/sites.telfer.uottawa.ca\/mbaaa\/fr\/wp-json\/wp\/v2\/pages"}],"about":[{"href":"https:\/\/sites.telfer.uottawa.ca\/mbaaa\/fr\/wp-json\/wp\/v2\/types\/page"}],"author":[{"embeddable":true,"href":"https:\/\/sites.telfer.uottawa.ca\/mbaaa\/fr\/wp-json\/wp\/v2\/users\/1"}],"replies":[{"embeddable":true,"href":"https:\/\/sites.telfer.uottawa.ca\/mbaaa\/fr\/wp-json\/wp\/v2\/comments?post=95"}],"version-history":[{"count":9,"href":"https:\/\/sites.telfer.uottawa.ca\/mbaaa\/fr\/wp-json\/wp\/v2\/pages\/95\/revisions"}],"predecessor-version":[{"id":507,"href":"https:\/\/sites.telfer.uottawa.ca\/mbaaa\/fr\/wp-json\/wp\/v2\/pages\/95\/revisions\/507"}],"wp:attachment":[{"href":"https:\/\/sites.telfer.uottawa.ca\/mbaaa\/fr\/wp-json\/wp\/v2\/media?parent=95"}],"curies":[{"name":"wp","href":"https:\/\/api.w.org\/{rel}","templated":true}]}}