{"id":235,"date":"2019-02-19T00:14:23","date_gmt":"2019-02-19T00:14:23","guid":{"rendered":"http:\/\/sites.telfer.uottawa.ca\/mentalhealth\/?page_id=235"},"modified":"2019-02-19T01:43:51","modified_gmt":"2019-02-19T01:43:51","slug":"nos-partenaires-communautaires","status":"publish","type":"page","link":"https:\/\/sites.telfer.uottawa.ca\/mentalhealth\/fr\/nos-partenaires-communautaires\/","title":{"rendered":"Nos partenaires communautaires"},"content":{"rendered":"<p>&nbsp;<\/p>\n<p><img loading=\"lazy\" decoding=\"async\" class=\"alignnone size-medium wp-image-153\" src=\"http:\/\/sites.telfer.uottawa.ca\/mentalhealth\/files\/2019\/01\/PARTNERS-network-300x131.jpg\" alt=\"\" width=\"300\" height=\"131\" srcset=\"https:\/\/sites.telfer.uottawa.ca\/mentalhealth\/files\/2019\/01\/PARTNERS-network-300x131.jpg 300w, https:\/\/sites.telfer.uottawa.ca\/mentalhealth\/files\/2019\/01\/PARTNERS-network-768x336.jpg 768w, https:\/\/sites.telfer.uottawa.ca\/mentalhealth\/files\/2019\/01\/PARTNERS-network-1024x448.jpg 1024w, https:\/\/sites.telfer.uottawa.ca\/mentalhealth\/files\/2019\/01\/PARTNERS-network.jpg 1600w\" sizes=\"auto, (max-width: 300px) 100vw, 300px\" \/><\/p>\n<p>Les organisations suivantes contribuent au projet en aidant l&#8217;\u00e9quipe de chercheurs \u00e0 (1) identifier les questions de recherche les plus pertinentes, (2) recruter des participants pour les \u00e9tudes et\/ou (3) diffuser les connaissances acquises aussi efficacement que possible.<\/p>\n<ul>\n<li>Le bureau de l&#8217;Ombudsman de la sant\u00e9 mentale,\u00a0<a href=\"https:\/\/www.tpsgc-pwgsc.gc.ca\/comm\/index-fra.html\" target=\"_blank\" rel=\"noopener\">Services publics et Approvisionnement Canada<\/a><\/li>\n<li><a href=\"https:\/\/www.morneaushepell.com\/ca-fr\" target=\"_blank\" rel=\"noopener\">Morneau-Shepell<\/a><\/li>\n<li><a href=\"https:\/\/excellence.ca\/mental-health-at-work\/\" target=\"_blank\" rel=\"noopener\">Excellence-Canada<\/a><\/li>\n<li><a href=\"https:\/\/www.hrpa.ca\/\" target=\"_blank\" rel=\"noopener\">Human Resources Professionals Association (HRPA)<\/a><\/li>\n<li><a href=\"http:\/\/www.portailrh.org\/\" target=\"_blank\" rel=\"noopener\">L&#8217;Ordre des conseillers en ressources humaines agr\u00e9\u00e9s du Qu\u00e9bec (CRHA)<\/a><\/li>\n<li><a href=\"https:\/\/cpa.ca\/fr\/\" target=\"_blank\" rel=\"noopener\">La Soci\u00e9t\u00e9 canadienne de psychologie (SCP)<\/a><\/li>\n<\/ul>\n","protected":false},"excerpt":{"rendered":"<p>&nbsp; Les organisations suivantes contribuent au projet en aidant l&#8217;\u00e9quipe de chercheurs \u00e0 (1) identifier les questions de recherche les plus pertinentes, (2) recruter des participants pour les \u00e9tudes et\/ou (3) diffuser les connaissances acquises aussi efficacement que possible. Le bureau de l&#8217;Ombudsman de la sant\u00e9 mentale,\u00a0Services publics et Approvisionnement Canada Morneau-Shepell Excellence-Canada Human Resources [&hellip;]<\/p>\n","protected":false},"author":68,"featured_media":0,"parent":0,"menu_order":0,"comment_status":"closed","ping_status":"closed","template":"","meta":{"footnotes":""},"class_list":["post-235","page","type-page","status-publish","hentry"],"_links":{"self":[{"href":"https:\/\/sites.telfer.uottawa.ca\/mentalhealth\/fr\/wp-json\/wp\/v2\/pages\/235","targetHints":{"allow":["GET"]}}],"collection":[{"href":"https:\/\/sites.telfer.uottawa.ca\/mentalhealth\/fr\/wp-json\/wp\/v2\/pages"}],"about":[{"href":"https:\/\/sites.telfer.uottawa.ca\/mentalhealth\/fr\/wp-json\/wp\/v2\/types\/page"}],"author":[{"embeddable":true,"href":"https:\/\/sites.telfer.uottawa.ca\/mentalhealth\/fr\/wp-json\/wp\/v2\/users\/68"}],"replies":[{"embeddable":true,"href":"https:\/\/sites.telfer.uottawa.ca\/mentalhealth\/fr\/wp-json\/wp\/v2\/comments?post=235"}],"version-history":[{"count":4,"href":"https:\/\/sites.telfer.uottawa.ca\/mentalhealth\/fr\/wp-json\/wp\/v2\/pages\/235\/revisions"}],"predecessor-version":[{"id":259,"href":"https:\/\/sites.telfer.uottawa.ca\/mentalhealth\/fr\/wp-json\/wp\/v2\/pages\/235\/revisions\/259"}],"wp:attachment":[{"href":"https:\/\/sites.telfer.uottawa.ca\/mentalhealth\/fr\/wp-json\/wp\/v2\/media?parent=235"}],"curies":[{"name":"wp","href":"https:\/\/api.w.org\/{rel}","templated":true}]}}