{"id":237,"date":"2019-02-19T00:44:22","date_gmt":"2019-02-19T00:44:22","guid":{"rendered":"http:\/\/sites.telfer.uottawa.ca\/mentalhealth\/?page_id=237"},"modified":"2019-02-19T14:24:18","modified_gmt":"2019-02-19T14:24:18","slug":"project-phases","status":"publish","type":"page","link":"https:\/\/sites.telfer.uottawa.ca\/mentalhealth\/fr\/project-phases\/","title":{"rendered":"Les phases du projet"},"content":{"rendered":"<h1><span style=\"font-size: 18pt\">Phase 1<\/span><\/h1>\n<p>Le premier volet du projet servira \u00e0 mieux comprendre la processus de divulgation en puisant non seulement dans le v\u00e9cu d&#8217;employ\u00e9s vivant avec un trouble de sant\u00e9 mentale au travail, mais aussi dans celui de gestionnaires dont un employ\u00e9 leur aurait divulgu\u00e9 un tel trouble. Pour ce faire, une s\u00e9rie d&#8217;entrevues \u00e0 questions ouvertes sera men\u00e9e avec des individus travaillant \u00e0 temps plein (actuellement ou jusqu&#8217;\u00e0 r\u00e9cemment) qui vivent (ou ont r\u00e9cemment v\u00e9cu) avec un trouble de sant\u00e9 mentale, tel une d\u00e9pression ou un trouble anxieux. Par la suite, une autre s\u00e9rie d&#8217;entrevues sera men\u00e9e avec des gestionnaires dont au moins un employ\u00e9 leur aurait divulgu\u00e9 un tel trouble.<\/p>\n<h1><span style=\"font-size: 18pt\">Phase 2<\/span><\/h1>\n<p>Pour la deuxi\u00e8me \u00e9tape, des centaines de personnes travaillant \u00e0 temps plein dans une vari\u00e9t\u00e9 d&#8217;organisations seront sond\u00e9es par le biais de questionnaires en ligne anonymes. Le but sera de v\u00e9rifier de fa\u00e7on statistique si les facteurs contextuels et interpersonnels du contexte de travail identifi\u00e9s par les r\u00e9pondants de la premi\u00e8re phase (1) facilitent le divulgation volontaire d&#8217;un trouble de sant\u00e9 mentale \u00e0 son gestionnaire et (2) augmentent les chances qu&#8217;une telle divulgation ait des retomb\u00e9es positives, du moins pour l&#8217;employ\u00e9 concern\u00e9.<\/p>\n<h1><span style=\"font-size: 18pt\">Phase 3<\/span><\/h1>\n<p>Les r\u00e9sultats des deux premi\u00e8res phases guideront le d\u00e9veloppement d&#8217;un programme de formation en leadership. Celui-ci donnera aux gestionnaires les connaissances et habilet\u00e9s n\u00e9cessaires \u00e0 la cr\u00e9ation d&#8217;un environnement de travail propice \u00e0 la divulgation volontaire de troubles de sant\u00e9 mentale et dans lequel les employ\u00e9s concern\u00e9s recevraient un appui utile et raisonnable. Un plan de recherche exp\u00e9rimental sera suivi afin d&#8217;\u00e9valuer rigoureusement l&#8217;efficacit\u00e9 du programme.<\/p>\n","protected":false},"excerpt":{"rendered":"<p>Phase 1 Le premier volet du projet servira \u00e0 mieux comprendre la processus de divulgation en puisant non seulement dans le v\u00e9cu d&#8217;employ\u00e9s vivant avec un trouble de sant\u00e9 mentale au travail, mais aussi dans celui de gestionnaires dont un employ\u00e9 leur aurait divulgu\u00e9 un tel trouble. Pour ce faire, une s\u00e9rie d&#8217;entrevues \u00e0 questions [&hellip;]<\/p>\n","protected":false},"author":68,"featured_media":0,"parent":0,"menu_order":0,"comment_status":"closed","ping_status":"closed","template":"","meta":{"footnotes":""},"class_list":["post-237","page","type-page","status-publish","hentry"],"_links":{"self":[{"href":"https:\/\/sites.telfer.uottawa.ca\/mentalhealth\/fr\/wp-json\/wp\/v2\/pages\/237","targetHints":{"allow":["GET"]}}],"collection":[{"href":"https:\/\/sites.telfer.uottawa.ca\/mentalhealth\/fr\/wp-json\/wp\/v2\/pages"}],"about":[{"href":"https:\/\/sites.telfer.uottawa.ca\/mentalhealth\/fr\/wp-json\/wp\/v2\/types\/page"}],"author":[{"embeddable":true,"href":"https:\/\/sites.telfer.uottawa.ca\/mentalhealth\/fr\/wp-json\/wp\/v2\/users\/68"}],"replies":[{"embeddable":true,"href":"https:\/\/sites.telfer.uottawa.ca\/mentalhealth\/fr\/wp-json\/wp\/v2\/comments?post=237"}],"version-history":[{"count":7,"href":"https:\/\/sites.telfer.uottawa.ca\/mentalhealth\/fr\/wp-json\/wp\/v2\/pages\/237\/revisions"}],"predecessor-version":[{"id":278,"href":"https:\/\/sites.telfer.uottawa.ca\/mentalhealth\/fr\/wp-json\/wp\/v2\/pages\/237\/revisions\/278"}],"wp:attachment":[{"href":"https:\/\/sites.telfer.uottawa.ca\/mentalhealth\/fr\/wp-json\/wp\/v2\/media?parent=237"}],"curies":[{"name":"wp","href":"https:\/\/api.w.org\/{rel}","templated":true}]}}