{"id":19,"date":"2018-10-24T18:16:59","date_gmt":"2018-10-24T18:16:59","guid":{"rendered":"http:\/\/sites.telfer.uottawa.ca\/mentalhealth\/?page_id=19"},"modified":"2019-01-22T14:39:44","modified_gmt":"2019-01-22T14:39:44","slug":"community-partners","status":"publish","type":"page","link":"https:\/\/sites.telfer.uottawa.ca\/mentalhealth\/community-partners\/","title":{"rendered":"Community Partners"},"content":{"rendered":"<p>&nbsp;<\/p>\n<p><img loading=\"lazy\" decoding=\"async\" class=\"alignnone size-medium wp-image-153\" src=\"http:\/\/sites.telfer.uottawa.ca\/mentalhealth\/files\/2019\/01\/PARTNERS-network-300x131.jpg\" alt=\"\" width=\"300\" height=\"131\" srcset=\"https:\/\/sites.telfer.uottawa.ca\/mentalhealth\/files\/2019\/01\/PARTNERS-network-300x131.jpg 300w, https:\/\/sites.telfer.uottawa.ca\/mentalhealth\/files\/2019\/01\/PARTNERS-network-768x336.jpg 768w, https:\/\/sites.telfer.uottawa.ca\/mentalhealth\/files\/2019\/01\/PARTNERS-network-1024x448.jpg 1024w, https:\/\/sites.telfer.uottawa.ca\/mentalhealth\/files\/2019\/01\/PARTNERS-network.jpg 1600w\" sizes=\"auto, (max-width: 300px) 100vw, 300px\" \/><\/p>\n<p>The organizations listed below contribute to the project by helping the research team (1) identify the most important questions to answer, (2) recruit study participants, and\/or (3) share insights gained as broadly as possible.<\/p>\n<ul>\n<li>Office of the Mental Health Ombudsman at <a href=\"https:\/\/www.tpsgc-pwgsc.gc.ca\/comm\/index-eng.html\" target=\"_blank\" rel=\"noopener\">Public Services and Procurement Canada (PSPC)<\/a><\/li>\n<li><a href=\"https:\/\/www.morneaushepell.com\/ca-en\" target=\"_blank\" rel=\"noopener\">Morneau-Shepell<\/a><\/li>\n<li><a href=\"https:\/\/excellence.ca\/mental-health-at-work\/\" target=\"_blank\" rel=\"noopener\">Excellence-Canada<\/a><\/li>\n<li><a href=\"https:\/\/www.hrpa.ca\/\" target=\"_blank\" rel=\"noopener\">Human Resources Professionals Association (HRPA)<\/a><\/li>\n<li><a href=\"http:\/\/www.portailrh.org\/\" target=\"_blank\" rel=\"noopener\">L&#8217;Ordre des conseillers en ressources humaines agr\u00e9\u00e9s du Qu\u00e9bec (CRHA)<\/a><\/li>\n<li><a href=\"https:\/\/cpa.ca\/\" target=\"_blank\" rel=\"noopener\">Canadian Psychological Association (CPA)<\/a><\/li>\n<\/ul>\n","protected":false},"excerpt":{"rendered":"<p>&nbsp; The organizations listed below contribute to the project by helping the research team (1) identify the most important questions to answer, (2) recruit study participants, and\/or (3) share insights gained as broadly as possible. Office of the Mental Health Ombudsman at Public Services and Procurement Canada (PSPC) Morneau-Shepell Excellence-Canada Human Resources Professionals Association (HRPA) [&hellip;]<\/p>\n","protected":false},"author":1,"featured_media":0,"parent":0,"menu_order":0,"comment_status":"closed","ping_status":"closed","template":"","meta":{"footnotes":""},"class_list":["post-19","page","type-page","status-publish","hentry"],"_links":{"self":[{"href":"https:\/\/sites.telfer.uottawa.ca\/mentalhealth\/wp-json\/wp\/v2\/pages\/19","targetHints":{"allow":["GET"]}}],"collection":[{"href":"https:\/\/sites.telfer.uottawa.ca\/mentalhealth\/wp-json\/wp\/v2\/pages"}],"about":[{"href":"https:\/\/sites.telfer.uottawa.ca\/mentalhealth\/wp-json\/wp\/v2\/types\/page"}],"author":[{"embeddable":true,"href":"https:\/\/sites.telfer.uottawa.ca\/mentalhealth\/wp-json\/wp\/v2\/users\/1"}],"replies":[{"embeddable":true,"href":"https:\/\/sites.telfer.uottawa.ca\/mentalhealth\/wp-json\/wp\/v2\/comments?post=19"}],"version-history":[{"count":6,"href":"https:\/\/sites.telfer.uottawa.ca\/mentalhealth\/wp-json\/wp\/v2\/pages\/19\/revisions"}],"predecessor-version":[{"id":166,"href":"https:\/\/sites.telfer.uottawa.ca\/mentalhealth\/wp-json\/wp\/v2\/pages\/19\/revisions\/166"}],"wp:attachment":[{"href":"https:\/\/sites.telfer.uottawa.ca\/mentalhealth\/wp-json\/wp\/v2\/media?parent=19"}],"curies":[{"name":"wp","href":"https:\/\/api.w.org\/{rel}","templated":true}]}}