{"id":1004,"date":"2019-03-07T09:27:31","date_gmt":"2019-03-07T14:27:31","guid":{"rendered":"http:\/\/sites.telfer.uottawa.ca\/placealajeunesse\/?page_id=1004"},"modified":"2022-09-22T18:52:55","modified_gmt":"2022-09-22T23:52:55","slug":"bourses","status":"publish","type":"page","link":"https:\/\/sites.telfer.uottawa.ca\/placealajeunesse\/bourses\/","title":{"rendered":"Bourses"},"content":{"rendered":"<h2>D\u00e9tails au sujet des bourses<\/h2>\n<p>Les gagnants de chaque volet se m\u00e9ritent des bourses d\u2019\u00e9tude pour l\u2019Universit\u00e9 d\u2019Ottawa. Les montants de ces prix vont comme suit :<\/p>\n<table>\n<tbody>\n<tr>\n<td><strong>Premi\u00e8re place<\/strong><\/td>\n<td class=\"text-right\"><strong>5 000 $<\/strong>\u00a0pour chaque membre de l\u2019\u00e9quipe<\/td>\n<\/tr>\n<tr>\n<td><strong>Deuxi\u00e8me place<\/strong><\/td>\n<td class=\"text-right\"><strong>1 000 $<\/strong>\u00a0pour chaque membre de l\u2019\u00e9quipe<\/td>\n<\/tr>\n<tr>\n<td><strong>Troisi\u00e8me place<\/strong><\/td>\n<td class=\"text-right\"><strong>500 $<\/strong>\u00a0pour chaque membre de l\u2019\u00e9quipe<\/td>\n<\/tr>\n<tr>\n<td><strong>Prix d\u2019habilet\u00e9 en communication<\/strong><\/td>\n<td class=\"text-right\"><strong>1 000 $<\/strong>\u00a0pour un \u00e9l\u00e8ve de chaque volet<\/td>\n<\/tr>\n<\/tbody>\n<\/table>\n<hr \/>\n<p>En somme, 82 000$ seront distribu\u00e9s \u00e0 des \u00e9l\u00e8ves d\u2019\u00e9coles secondaires de l\u2019Ontario.<\/p>\n<p>Afin de recevoir la bourse l\u2019\u00e9l\u00e8ve gagnant doit :<\/p>\n<ul>\n<li>\u00eatre admis \u00e0 une des facult\u00e9s d\u2019accueil de l\u2019Universit\u00e9, dont l\u2019\u00c9cole de gestion Telfer,<\/li>\n<li>accepter l\u2019offre d\u2019admission, et<\/li>\n<li>s\u2019inscrire et d\u00e9buter ses \u00e9tudes \u00e0 temps complet la session d\u2019automne suivant l\u2019obtention du dipl\u00f4me d\u2019\u00e9tudes secondaires (ou dipl\u00f4me \u00e9quivalent rendant l\u2019\u00e9tudiant \u00e9ligible \u00e0 \u00eatre admis \u00e0 l\u2019Universit\u00e9 d\u2019Ottawa).<\/li>\n<li>Suivre au moins 60% de ses cours en fran\u00e7ais<\/li>\n<\/ul>\n<h2>Distribution des bourses une fois \u00e0 l\u2019Universit\u00e9<\/h2>\n<p>Les montants sont automatiquement appliqu\u00e9s aux frais de scolarit\u00e9 en deux versements \u00e9gaux lors des sessions d\u2019automne et d\u2019hiver.<\/p>\n<p><strong>Bourse de 5 000$<\/strong><\/p>\n<ul>\n<li>La bourse sera distribu\u00e9e sur une p\u00e9riode de 4 ans<\/li>\n<li>L\u2019\u00e9tudiant recevra annuellement 1 000$ au cours de ses deux premi\u00e8res ann\u00e9es d\u2019\u00e9tudes<\/li>\n<li>Lors de sa troisi\u00e8me ann\u00e9e il recevra un montant de 2 000$<\/li>\n<li>Il recevra le restant l\u2019ann\u00e9e suivante<\/li>\n<\/ul>\n<p><strong>Bourse de 1 000$ et 500$<\/strong><\/p>\n<ul>\n<li>La bourse sera vers\u00e9e en deux versements \u00e9gaux (session d\u2019automne et d\u2019hiver) au cours de sa premi\u00e8re ann\u00e9e \u00e0 l\u2019universit\u00e9 d\u2019Ottawa.<\/li>\n<\/ul>\n<hr \/>\n<p>Il est \u00e0 noter que si l\u2019\u00e9tudiant participe plus d\u2019une fois et gagne deux bourses acad\u00e9miques il gardera le montant le <strong>plus \u00e9lev\u00e9<\/strong>(Example 1). Cependant, s\u2019il participe plus qu\u2019une fois et gagne <strong>une bourse acad\u00e9mique<\/strong> et une <strong>bourse pour son habilet\u00e9 en communication<\/strong> (meilleur pr\u00e9sentateur pour son volet), le <strong>total des deux bourses<\/strong> lui sera accord\u00e9 (Example 2).<\/p>\n<h4>Exemple 1:<\/h4>\n<table>\n<tbody>\n<tr>\n<td>Ann\u00e9e 1<\/td>\n<td class=\"text-right\">Marketing 2<sup>e<\/sup> place \u00e0 1 000$<\/td>\n<\/tr>\n<tr>\n<td>Ann\u00e9e 2<\/td>\n<td class=\"text-right\">Comptabilit\u00e9 1<sup>e<\/sup> place \u00e0 5 000$<\/td>\n<\/tr>\n<tr>\n<td><strong>Montant accord\u00e9<\/strong><\/td>\n<td class=\"text-right\"><strong>5 000$<\/strong><\/td>\n<\/tr>\n<\/tbody>\n<\/table>\n<hr \/>\n<h4>Exemple 2:<\/h4>\n<table>\n<tbody>\n<tr>\n<td>Ann\u00e9e 1<\/td>\n<td class=\"text-right\">Entrepreneuriat \u2013 3<sup>e<\/sup> place \u00e0 500$<\/td>\n<\/tr>\n<tr>\n<td>Ann\u00e9e 2<\/td>\n<td class=\"text-right\">Meilleur pr\u00e9sentateur dans le volet de comptabilit\u00e9 \u00e0 1 000$<\/td>\n<\/tr>\n<tr>\n<td><strong>Montant accord\u00e9<\/strong><\/td>\n<td class=\"text-right\"><strong>1 500$<\/strong><\/td>\n<\/tr>\n<\/tbody>\n<\/table>\n","protected":false},"excerpt":{"rendered":"<p>D\u00e9tails au sujet des bourses Les gagnants de chaque volet se m\u00e9ritent des bourses d\u2019\u00e9tude pour l\u2019Universit\u00e9 d\u2019Ottawa. Les montants de ces prix vont comme suit : Premi\u00e8re place 5 000 $\u00a0pour chaque membre de l\u2019\u00e9quipe Deuxi\u00e8me place 1 000 $\u00a0pour chaque membre de l\u2019\u00e9quipe Troisi\u00e8me place 500 $\u00a0pour chaque membre de l\u2019\u00e9quipe Prix d\u2019habilet\u00e9 [&hellip;]<\/p>\n","protected":false},"author":64,"featured_media":1101,"parent":0,"menu_order":0,"comment_status":"closed","ping_status":"closed","template":"","meta":{"footnotes":""},"class_list":["post-1004","page","type-page","status-publish","has-post-thumbnail","hentry"],"_links":{"self":[{"href":"https:\/\/sites.telfer.uottawa.ca\/placealajeunesse\/wp-json\/wp\/v2\/pages\/1004","targetHints":{"allow":["GET"]}}],"collection":[{"href":"https:\/\/sites.telfer.uottawa.ca\/placealajeunesse\/wp-json\/wp\/v2\/pages"}],"about":[{"href":"https:\/\/sites.telfer.uottawa.ca\/placealajeunesse\/wp-json\/wp\/v2\/types\/page"}],"author":[{"embeddable":true,"href":"https:\/\/sites.telfer.uottawa.ca\/placealajeunesse\/wp-json\/wp\/v2\/users\/64"}],"replies":[{"embeddable":true,"href":"https:\/\/sites.telfer.uottawa.ca\/placealajeunesse\/wp-json\/wp\/v2\/comments?post=1004"}],"version-history":[{"count":25,"href":"https:\/\/sites.telfer.uottawa.ca\/placealajeunesse\/wp-json\/wp\/v2\/pages\/1004\/revisions"}],"predecessor-version":[{"id":1257,"href":"https:\/\/sites.telfer.uottawa.ca\/placealajeunesse\/wp-json\/wp\/v2\/pages\/1004\/revisions\/1257"}],"wp:featuredmedia":[{"embeddable":true,"href":"https:\/\/sites.telfer.uottawa.ca\/placealajeunesse\/wp-json\/wp\/v2\/media\/1101"}],"wp:attachment":[{"href":"https:\/\/sites.telfer.uottawa.ca\/placealajeunesse\/wp-json\/wp\/v2\/media?parent=1004"}],"curies":[{"name":"wp","href":"https:\/\/api.w.org\/{rel}","templated":true}]}}