{"id":15,"date":"2012-01-21T17:06:40","date_gmt":"2012-01-21T22:06:40","guid":{"rendered":"http:\/\/sites.telfer.uottawa.ca\/placealajeunesse\/?page_id=15"},"modified":"2019-09-03T11:04:18","modified_gmt":"2019-09-03T16:04:18","slug":"resources","status":"publish","type":"page","link":"https:\/\/sites.telfer.uottawa.ca\/placealajeunesse\/resources\/","title":{"rendered":"Ressources"},"content":{"rendered":"<h2>Guides<\/h2>\n<p>On recommande fortement aux \u00e9quipes de suivre nos guides pour se pr\u00e9parer \u00e0 la ronde pr\u00e9liminaire et la ronde finale.<\/p>\n<ul>\n<li><a href=\"http:\/\/sites.telfer.uottawa.ca\/placealajeunesse\/files\/2018\/10\/Guide-Re\u0301solution-de-cas-2018.pdf\">Guide Re\u0301solution de cas<\/a><\/li>\n<li><a href=\"http:\/\/sites.telfer.uottawa.ca\/placealajeunesse\/files\/2018\/10\/Guide-Analyse-FFOM-2018.pdf\">Guide Analyse FFOM<\/a><\/li>\n<li><a href=\"http:\/\/sites.telfer.uottawa.ca\/placealajeunesse\/files\/2018\/10\/Guide-De\u0301bats-oratoires-2018.pdf\">Guide De\u0301bats oratoires<\/a><\/li>\n<li><a href=\"http:\/\/sites.telfer.uottawa.ca\/placealajeunesse\/files\/2018\/10\/Guide-Comptabilite\u0301-2018.pdf\">Guide Comptabilite\u0301<\/a><\/li>\n<li><a href=\"http:\/\/sites.telfer.uottawa.ca\/placealajeunesse\/files\/2018\/10\/Guide-Marketing-2018.pdf\">Guide Marketing<\/a><\/li>\n<li><a href=\"http:\/\/sites.telfer.uottawa.ca\/placealajeunesse\/files\/2018\/10\/Guide-Entrepreneuriat-2018.pdf\">Guide Entrepreneuriat<\/a><\/li>\n<\/ul>\n<hr \/>\n<h2>Feuilles de route (ronde pr\u00e9liminaire)<\/h2>\n<p>Vous trouverez ici les feuilles de route qui pr\u00e9sentent toute l\u2019information li\u00e9e au d\u00e9roulement de la ronde pr\u00e9liminaire.<\/p>\n<ul>\n<li><a href=\"http:\/\/sites.telfer.uottawa.ca\/placealajeunesse\/files\/2019\/09\/Feuille-de-route-ronde-pre\u0301liminaire-De\u0301bat-oratoire-2019.docx\">Feuille de route ronde pre\u0301liminaire De\u0301bats oratoires<\/a><\/li>\n<li><a href=\"http:\/\/sites.telfer.uottawa.ca\/placealajeunesse\/files\/2019\/09\/Feuille-de-route-ronde-pre\u0301liminaire-comptabilite\u0301-2019.docx\">Feuille de route ronde pre\u0301liminaire Comptabilite\u0301<\/a><\/li>\n<li><a href=\"http:\/\/sites.telfer.uottawa.ca\/placealajeunesse\/files\/2019\/09\/Feuille-de-route-ronde-pre\u0301liminaire-marketing-2019.docx\">Feuille de route ronde pre\u0301liminaire Marketing<\/a><\/li>\n<li><a href=\"http:\/\/sites.telfer.uottawa.ca\/placealajeunesse\/files\/2019\/09\/Feuille-de-route-ronde-pre\u0301liminaire-entrepreneuriat-2019.doc\">Feuille de route ronde pre\u0301liminaire Entrepreneuriat<\/a><\/li>\n<\/ul>\n<hr \/>\n<h2>Grilles d&#8217;\u00e9valuations<\/h2>\n<p>Voici les grilles d\u2019\u00e9valuations pour chaque volet, utilis\u00e9es pour pond\u00e9rer les notes.<\/p>\n<ul>\n<li><a href=\"http:\/\/sites.telfer.uottawa.ca\/placealajeunesse\/files\/2018\/10\/Grille-De\u0301bat-RONDE-PRE\u0301LIMINAIRE-2018-.pdf\">Grille d&#8217;\u00e9valuation D\u00e9bats oratoires<\/a><\/li>\n<li><a href=\"http:\/\/sites.telfer.uottawa.ca\/placealajeunesse\/files\/2018\/10\/Grille-Comptabilite\u0301-RONDE-PRE\u0301LIMINAIRE-2018.pdf\">Grille d&#8217;\u00e9valuation Comptabilit\u00e9<\/a><\/li>\n<li><a href=\"http:\/\/sites.telfer.uottawa.ca\/placealajeunesse\/files\/2018\/10\/Grille-Marketing-RONDE-PRE\u0301LIMINAIRE-2018.pdf\">Grille d&#8217;\u00e9valuation Marketing<\/a><\/li>\n<li><a href=\"http:\/\/sites.telfer.uottawa.ca\/placealajeunesse\/files\/2018\/10\/Grille-Entrepreneuriat-RONDE-PRE\u0301LIMINAIRE-2018.pdf\">Grille d&#8217;\u00e9valuation Entrepreneuriat<\/a><\/li>\n<\/ul>\n","protected":false},"excerpt":{"rendered":"<p>Guides On recommande fortement aux \u00e9quipes de suivre nos guides pour se pr\u00e9parer \u00e0 la ronde pr\u00e9liminaire et la ronde finale. Guide Re\u0301solution de cas Guide Analyse FFOM Guide De\u0301bats oratoires Guide Comptabilite\u0301 Guide Marketing Guide Entrepreneuriat Feuilles de route (ronde pr\u00e9liminaire) Vous trouverez ici les feuilles de route qui pr\u00e9sentent toute l\u2019information li\u00e9e au [&hellip;]<\/p>\n","protected":false},"author":5,"featured_media":1116,"parent":0,"menu_order":0,"comment_status":"closed","ping_status":"closed","template":"","meta":{"footnotes":""},"class_list":["post-15","page","type-page","status-publish","has-post-thumbnail","hentry"],"_links":{"self":[{"href":"https:\/\/sites.telfer.uottawa.ca\/placealajeunesse\/wp-json\/wp\/v2\/pages\/15","targetHints":{"allow":["GET"]}}],"collection":[{"href":"https:\/\/sites.telfer.uottawa.ca\/placealajeunesse\/wp-json\/wp\/v2\/pages"}],"about":[{"href":"https:\/\/sites.telfer.uottawa.ca\/placealajeunesse\/wp-json\/wp\/v2\/types\/page"}],"author":[{"embeddable":true,"href":"https:\/\/sites.telfer.uottawa.ca\/placealajeunesse\/wp-json\/wp\/v2\/users\/5"}],"replies":[{"embeddable":true,"href":"https:\/\/sites.telfer.uottawa.ca\/placealajeunesse\/wp-json\/wp\/v2\/comments?post=15"}],"version-history":[{"count":29,"href":"https:\/\/sites.telfer.uottawa.ca\/placealajeunesse\/wp-json\/wp\/v2\/pages\/15\/revisions"}],"predecessor-version":[{"id":1258,"href":"https:\/\/sites.telfer.uottawa.ca\/placealajeunesse\/wp-json\/wp\/v2\/pages\/15\/revisions\/1258"}],"wp:featuredmedia":[{"embeddable":true,"href":"https:\/\/sites.telfer.uottawa.ca\/placealajeunesse\/wp-json\/wp\/v2\/media\/1116"}],"wp:attachment":[{"href":"https:\/\/sites.telfer.uottawa.ca\/placealajeunesse\/wp-json\/wp\/v2\/media?parent=15"}],"curies":[{"name":"wp","href":"https:\/\/api.w.org\/{rel}","templated":true}]}}