{"id":159,"date":"2012-04-06T05:38:57","date_gmt":"2012-04-06T10:38:57","guid":{"rendered":"http:\/\/sites.telfer.uottawa.ca\/placealajeunesse\/?page_id=159"},"modified":"2022-10-11T10:07:24","modified_gmt":"2022-10-11T15:07:24","slug":"etudes-de-cas","status":"publish","type":"page","link":"https:\/\/sites.telfer.uottawa.ca\/placealajeunesse\/resources\/etudes-de-cas\/","title":{"rendered":"\u00c9tudes de cas d&#8217;affaires (pratique)"},"content":{"rendered":"<p>Vous trouverez ici des exemples de cas utilis\u00e9s dans le pass\u00e9.<\/p>\n<h2>2021<\/h2>\n<ul>\n<li><a href=\"https:\/\/docs.google.com\/document\/d\/1wyRibQq0vK3GCxSSAwuQ-THT3YMP5IXZZ-J8_mVNuy4\/edit?usp=sharing\">Comptabilit\u00e9 ronde finale<\/a>\n<ul>\n<li><a href=\"https:\/\/docs.google.com\/spreadsheets\/d\/1eaUO6JMZr7Nirw59ELsJnte_xuuhBHEb\/edit?usp=sharing&amp;ouid=114416173745970499902&amp;rtpof=true&amp;sd=true\">Corrig\u00e9<\/a><\/li>\n<\/ul>\n<\/li>\n<li><a href=\"https:\/\/docs.google.com\/document\/d\/1p4AaHtmC56aoz6-8l_UKU7dfNS6mjl65Y6VfYWE50Aw\/edit?usp=sharing\">Entrepreneuriat ronde finale<\/a>\n<ul>\n<li><a href=\"https:\/\/docs.google.com\/spreadsheets\/d\/10-Skttf2YXu6xc0GGdQ1Kdft8xd7DzfOzAUbzS4urKQ\/edit?usp=sharing\">Corrig\u00e9<\/a><\/li>\n<\/ul>\n<\/li>\n<li><a href=\"https:\/\/drive.google.com\/file\/d\/1wNhHXgStB2l2ehiztFxAlMuekrlX3LY9\/view?usp=sharing\">Marketing ronde finale<\/a><\/li>\n<\/ul>\n<h2>2019<\/h2>\n<ul>\n<li><a href=\"https:\/\/drive.google.com\/file\/d\/1e67Q3fW7M9Q3obbnoj620pL1KAeioN8Y\/view?usp=sharing\">Comptabilit\u00e9 ronde finale<\/a>\n<ul>\n<li><a href=\"https:\/\/drive.google.com\/file\/d\/1QS9aIKDLWaHjamhMZVDvffPVgGzOpwrc\/view?usp=sharing\">Corrig\u00e9 du cas<\/a><\/li>\n<\/ul>\n<\/li>\n<li><a href=\"https:\/\/drive.google.com\/file\/d\/1FNWq5E2C0Y5m16p2S_gFWlB_Rted8EVi\/view?usp=sharing\">Entrepreneuriat ronde finale<\/a>\n<ul>\n<li><a href=\"https:\/\/drive.google.com\/file\/d\/1v8m-kYJA0HneoXiGXWiNsK_8D3-HtVBl\/view?usp=sharing\">Corrig\u00e9 du cas<\/a><\/li>\n<\/ul>\n<\/li>\n<li><a href=\"https:\/\/drive.google.com\/file\/d\/1Y-xD-9goaJik03RoLtSpgXd8uQ7EPuFH\/view?usp=sharing\">Marketing ronde finale<\/a><\/li>\n<li><a href=\"https:\/\/drive.google.com\/file\/d\/1A6T1QVYiSAY4JZzUgyDzXdrxHA1WtWBU\/view?usp=sharing\">D\u00e9bat &#8211; Ronde finale<\/a><\/li>\n<li><a href=\"https:\/\/drive.google.com\/file\/d\/1bTafYBuTGPoJUk_yDKxrY1yHjPrpl_du\/view?usp=sharing\">D\u00e9bat &#8211; Demi-finale<\/a><\/li>\n<li><a href=\"https:\/\/drive.google.com\/file\/d\/1CtuTq4oEDE8LqIL7NwE1V9dEKuQGqqmJ\/view?usp=sharing\">D\u00e9bat &#8211; Sujet A &#8211; Ronde pr\u00e9liminatoire<\/a><\/li>\n<li><a href=\"https:\/\/drive.google.com\/file\/d\/176Zq6KsrouMFqNw03Eio5uHYDXiKmssU\/view?usp=sharing\">D\u00e9bat &#8211; Sujet B &#8211; Ronde pr\u00e9liminatoire<\/a><\/li>\n<\/ul>\n<h2>2018<\/h2>\n<ul>\n<li><a href=\"https:\/\/drive.google.com\/file\/d\/1CFkpS0yBgAUTf1ptF0rEing2HOxRZlUb\/view\">Comptabilit\u00e9 ronde finale<\/a><\/li>\n<li><a href=\"https:\/\/drive.google.com\/file\/d\/1RTvOSoyqAMnIvRYOBMtErYYsvK_LWNvX\/view\">Entrepreneuriat ronde finale<\/a>\n<ul>\n<li><a href=\"http:\/\/sites.telfer.uottawa.ca\/placealajeunesse\/files\/2019\/11\/Simulation-Syste\u0301mo-version-pour-les-correcteurs.xlsx\">Simulation Syste\u0301mo &#8211; version pour les correcteurs<\/a><\/li>\n<li><a href=\"http:\/\/sites.telfer.uottawa.ca\/placealajeunesse\/files\/2019\/11\/Simulation-Syste\u0301mo.xlsx\">Simulation Syste\u0301mo<\/a><\/li>\n<\/ul>\n<\/li>\n<li><a href=\"https:\/\/drive.google.com\/file\/d\/1j_tl3Y69_jX_WQtG4rSH2tzhLzm0ElNg\/view\">Marketing ronde finale<\/a><\/li>\n<li><a href=\"https:\/\/drive.google.com\/file\/d\/1o6DqH75-zHpz3voPicThoxJhcNLJO57F\/view\">D\u00e9bat &#8211; Sujet A &#8211; Ronde pr\u00e9liminatoire<\/a><\/li>\n<li><a href=\"https:\/\/drive.google.com\/file\/d\/1t18K3fqYel7TCGwaOkEk1rofR3DkKoof\/view\">D\u00e9bat &#8211; Sujet B &#8211; Ronde pr\u00e9liminatoire<\/a><\/li>\n<li><a href=\"https:\/\/drive.google.com\/file\/d\/1gnvT8ejwC0JS1DD52VPq4QuJn_D-vx4q\/view\">D\u00e9bat &#8211; Demi &#8211; finale<\/a><\/li>\n<li><a href=\"https:\/\/drive.google.com\/file\/d\/1gchg--Ai2IGHniWsZ2GnSRQmNbz6TAzQ\/view\">D\u00e9bat &#8211; Ronde finale<\/a><\/li>\n<\/ul>\n<h2>2017<\/h2>\n<ul>\n<li><a href=\"http:\/\/sites.telfer.uottawa.ca\/placealajeunesse\/files\/2012\/01\/Cas-entrepreunariat.pdf\">Entrepreneuriat &#8211; Ronde finale<\/a><\/li>\n<li><a href=\"http:\/\/sites.telfer.uottawa.ca\/placealajeunesse\/files\/2012\/01\/35xSimulation-WooTech-pour-etudiants.pdf\">Entrepreneuriat (Simulation WooTech) &#8211; Ronde finale<\/a><\/li>\n<li><a href=\"http:\/\/sites.telfer.uottawa.ca\/placealajeunesse\/files\/2012\/01\/4xSimulation-WooTech-correction.pdf\">Entrepreneuriat (Simulation WooTech) &#8211; Solutionnaire ronde finale <\/a><\/li>\n<li><a href=\"http:\/\/sites.telfer.uottawa.ca\/placealajeunesse\/files\/2012\/01\/Cas-comptabilite\u0301.pdf\">Comptabilite\u0301 &#8211; Ronde finale<\/a><\/li>\n<li><a href=\"http:\/\/sites.telfer.uottawa.ca\/placealajeunesse\/files\/2012\/01\/Cas-marketing-2017.pdf\">Marketing &#8211; Ronde finale<\/a><\/li>\n<li><a href=\"http:\/\/sites.telfer.uottawa.ca\/placealajeunesse\/files\/2012\/01\/Sujet-A.pdf\">D\u00e9bats oratoires (Sujet A) &#8211; Ronde finale<\/a><\/li>\n<li><a href=\"http:\/\/sites.telfer.uottawa.ca\/placealajeunesse\/files\/2012\/01\/Sujet-B.pdf\">D\u00e9bats oratoires (Sujet B) &#8211; Ronde finale<\/a><\/li>\n<li><a href=\"http:\/\/sites.telfer.uottawa.ca\/placealajeunesse\/files\/2012\/01\/Demi-finales-.pdf\">D\u00e9bats oratoires (Demi-finales) &#8211; Ronde finale<\/a><\/li>\n<li><a href=\"http:\/\/sites.telfer.uottawa.ca\/placealajeunesse\/files\/2012\/01\/Finale-de-con.pdf\">D\u00e9bats oratoires (Finale de consolation) &#8211; Ronde finale<\/a><\/li>\n<li><a href=\"http:\/\/sites.telfer.uottawa.ca\/placealajeunesse\/files\/2012\/01\/Grande-Finale.pdf\">D\u00e9bats oratoires (Grande Finale) &#8211; Ronde finale<\/a><\/li>\n<\/ul>\n<h2>2016<\/h2>\n<ul>\n<li><a href=\"http:\/\/sites.telfer.uottawa.ca\/placealajeunesse\/files\/2012\/01\/Cas-Comptabilit\u00e9-x30.pdf\">Comptabilit\u00e9 &#8211; Ronde finale<\/a>\n<ul>\n<li><a href=\"https:\/\/docs.google.com\/spreadsheets\/d\/0B99w0J9SUtwGcUU1VVdwU1VzZFE\/edit?usp=sharing&amp;ouid=114416173745970499902&amp;resourcekey=0-z9fn03PhpyF5DUnqsLf-dw&amp;rtpof=true&amp;sd=true\">Corrig\u00e9<\/a><\/li>\n<\/ul>\n<\/li>\n<li><a href=\"http:\/\/sites.telfer.uottawa.ca\/placealajeunesse\/files\/2012\/01\/Entrepreunariat-x30.pdf\">Entrepreneuriat &#8211; Ronde finale<\/a><\/li>\n<li><a href=\"http:\/\/sites.telfer.uottawa.ca\/placealajeunesse\/files\/2012\/01\/Marketing-x30.pdf\">Marketing &#8211; Ronde finale<\/a><\/li>\n<li><a href=\"http:\/\/sites.telfer.uottawa.ca\/placealajeunesse\/files\/2012\/01\/Sujet-A-x28.pdf\">D\u00e9bats oratoires (Sujet A) &#8211; Ronde finale <\/a><\/li>\n<li><a href=\"http:\/\/sites.telfer.uottawa.ca\/placealajeunesse\/files\/2012\/01\/Sujet-B-x28.pdf\">D\u00e9bats oratoires (Sujet B) &#8211; Ronde finale <\/a><\/li>\n<li><a href=\"http:\/\/sites.telfer.uottawa.ca\/placealajeunesse\/files\/2012\/01\/Demi-finales-x10.pdf\">D\u00e9bats oratoires (Demi-finales) &#8211; Ronde finale <\/a><\/li>\n<li><a href=\"http:\/\/sites.telfer.uottawa.ca\/placealajeunesse\/files\/2012\/01\/Finale-de-con.-x10.pdf\">D\u00e9bats oratoires (Finale de consolation) &#8211; Ronde finale <\/a><\/li>\n<li><a href=\"http:\/\/sites.telfer.uottawa.ca\/placealajeunesse\/files\/2012\/01\/Grande-Finale-x10.pdf\">D\u00e9bats oratoires (Grande finale) &#8211; Ronde finale <\/a><\/li>\n<\/ul>\n<h2>2015<\/h2>\n<ul>\n<li><a href=\"http:\/\/sites.telfer.uottawa.ca\/placealajeunesse\/files\/2012\/01\/Un-plan-daffaires-rigoureux-entrepreneuriat.pdf\" rel=\"\">Entreprenariat &#8211; Ronde pr\u00e9liminaire<\/a><\/li>\n<li><a href=\"http:\/\/sites.telfer.uottawa.ca\/placealajeunesse\/files\/2012\/01\/Un-plan-daffaires-rigoureux-Solution.pdf\" rel=\"\">Entreprenariat &#8211; Ronde pr\u00e9liminaire &#8211; Solutionnaire<\/a><\/li>\n<li><a href=\"http:\/\/sites.telfer.uottawa.ca\/placealajeunesse\/files\/2012\/01\/Ronde-pre\u0301liminaire-marketing.pdf\" rel=\"\">Marketing &#8211; Ronde pr\u00e9liminaire<\/a><\/li>\n<li><a href=\"http:\/\/sites.telfer.uottawa.ca\/placealajeunesse\/files\/2012\/01\/Le-Dr-Martin-Martineau-Comptabilite\u0301.pdf\" rel=\"\">Comptabilit\u00e9 &#8211; Ronde pr\u00e9liminaire<\/a><\/li>\n<li><a href=\"http:\/\/sites.telfer.uottawa.ca\/placealajeunesse\/files\/2012\/01\/De\u0301bats-oratoires-sujet-1.pdf\" rel=\"\">D\u00e9bat &#8211; Sujet 1 &#8211; Ronde pr\u00e9liminaire<\/a><\/li>\n<li><a href=\"http:\/\/sites.telfer.uottawa.ca\/placealajeunesse\/files\/2012\/01\/Ronde-pre\u0301liminaire-de\u0301bat-2.pdf\" rel=\"\">D\u00e9bat &#8211; Sujet 2 &#8211; Ronde pr\u00e9liminaire<\/a><\/li>\n<li><a href=\"http:\/\/sites.telfer.uottawa.ca\/placealajeunesse\/files\/2012\/01\/Ronde-pre\u0301liminaire-de\u0301bat-3.pdf\" rel=\"\">D\u00e9bat &#8211; Sujet 3 &#8211; Ronde pr\u00e9liminaire<\/a><\/li>\n<\/ul>\n<h2>2014<\/h2>\n<ul>\n<li><a href=\"http:\/\/sites.telfer.uottawa.ca\/placealajeunesse\/files\/2012\/01\/Cas-entrepreneuriat.pdf\" rel=\"\">Entreprenariat &#8211; Ronde pr\u00e9liminaire<\/a><\/li>\n<li><a href=\"http:\/\/sites.telfer.uottawa.ca\/placealajeunesse\/files\/2012\/01\/Cas-marketing-ronde-pr\u00aeliminaire.pdf\" rel=\"\">Marketing &#8211; Ronde pr\u00e9liminaire<\/a><\/li>\n<li><a href=\"http:\/\/sites.telfer.uottawa.ca\/placealajeunesse\/files\/2012\/01\/Cas-marketing-ronde-pr\u00aeliminaire-solutionnaire.pdf\" rel=\"\">Marketing &#8211; Ronde pr\u00e9liminaire &#8211; Solutionnaire<\/a><\/li>\n<li><a href=\"http:\/\/sites.telfer.uottawa.ca\/placealajeunesse\/files\/2012\/01\/Cas-comptabilit\u00ae-ronde-pr\u00aeliminaire.pdf\" rel=\"\">Comptabilit\u00e9 &#8211; Ronde pr\u00e9liminaire<\/a><\/li>\n<li><a href=\"http:\/\/sites.telfer.uottawa.ca\/placealajeunesse\/files\/2012\/01\/Cas-d\u00aebats-sujet-1-ronde-pr\u00aeliminaire.pdf\" rel=\"\">D\u00e9bat &#8211; Sujet 1 &#8211; Ronde pr\u00e9liminaire<\/a><\/li>\n<li><a href=\"http:\/\/sites.telfer.uottawa.ca\/placealajeunesse\/files\/2012\/01\/Cas-d\u00aebats-sujet-2-ronde-pr\u00aeliminaire.pdf\" rel=\"\">D\u00e9bat &#8211; Sujet 2 &#8211; Ronde pr\u00e9liminaire<\/a><\/li>\n<li><a href=\"http:\/\/sites.telfer.uottawa.ca\/placealajeunesse\/files\/2012\/01\/Cas-d\u00aebats-sujet-3-ronde-pr\u00aeliminaire.pdf\" rel=\"\">D\u00e9bat &#8211; Sujet 3 &#8211; Ronde pr\u00e9liminaire<\/a><\/li>\n<\/ul>\n<h2>2013<\/h2>\n<ul>\n<li><a href=\"http:\/\/sites.telfer.uottawa.ca\/placealajeunesse\/files\/2012\/01\/Go\u0301teaux-de-Chlo\u00ae-1.pdf\" rel=\"\">Entreprenariat &#8211; Ronde pr\u00e9liminaire<\/a>\n<ul>\n<li><a href=\"http:\/\/sites.telfer.uottawa.ca\/placealajeunesse\/files\/2019\/11\/Go\u0301teau-de-Chlo\u00ae_Budget.pdf\">G\u00e2teau de Chlo\u00e9_Budget<\/a><\/li>\n<\/ul>\n<\/li>\n<li><a href=\"http:\/\/sites.telfer.uottawa.ca\/placealajeunesse\/files\/2012\/01\/Manucure-a\u0301-la-Mode-1.pdf\" rel=\"\">Marketing &#8211; Ronde pr\u00e9liminaire<\/a><\/li>\n<li><a href=\"http:\/\/sites.telfer.uottawa.ca\/placealajeunesse\/files\/2012\/01\/Festival-dOrl\u00aeans.pdf\" rel=\"\">Marketing &#8211; Ronde finale<\/a><\/li>\n<li><a href=\"http:\/\/sites.telfer.uottawa.ca\/placealajeunesse\/files\/2012\/01\/Ronde-Finale-Marketing-Solutionnaire.pdf\" rel=\"\">Marketing &#8211; Ronde finale &#8211; Solutionnaire<\/a><\/li>\n<li><a href=\"http:\/\/sites.telfer.uottawa.ca\/placealajeunesse\/files\/2012\/01\/Production-Papineau-INC.-1.pdf\" rel=\"\">Comptabilit\u00e9 &#8211; Ronde pr\u00e9liminaire<\/a><\/li>\n<li><a href=\"http:\/\/sites.telfer.uottawa.ca\/placealajeunesse\/files\/2012\/01\/Solutionnaire_Comptabilit\u00ae.pdf\" rel=\"\">Comptabilit\u00e9 &#8211; Ronde pr\u00e9liminaire &#8211; Solutionnaire<\/a><\/li>\n<li><a href=\"http:\/\/sites.telfer.uottawa.ca\/placealajeunesse\/files\/2012\/01\/Physio-Plus-inc.-2.pdf\" rel=\"\">Comptabilit\u00e9 &#8211; Ronde finale<\/a><\/li>\n<li><a href=\"http:\/\/sites.telfer.uottawa.ca\/placealajeunesse\/files\/2012\/01\/Ronde-\u00aeliminatoire-A.pdf\" rel=\"\">D\u00e9bat &#8211; Sujet 1 &#8211; Ronde pr\u00e9liminaire<\/a><\/li>\n<li><a href=\"http:\/\/sites.telfer.uottawa.ca\/placealajeunesse\/files\/2012\/01\/Ronde-\u00aeliminatoire-B.pdf\" rel=\"\">D\u00e9bat &#8211; Sujet 2 &#8211; Ronde pr\u00e9liminaire<\/a><\/li>\n<li><a href=\"http:\/\/sites.telfer.uottawa.ca\/placealajeunesse\/files\/2012\/01\/Ronde-\u00aeliminatoire-tous-les-sujets.pdf\" rel=\"\">D\u00e9bat &#8211; Sujet 3 &#8211; Ronde pr\u00e9liminaire<\/a><\/li>\n<li><a href=\"http:\/\/sites.telfer.uottawa.ca\/placealajeunesse\/files\/2012\/01\/Ronde-finale-de-consolation-2013.pdf\" rel=\"\">D\u00e9bat &#8211; Sujet 1 &#8211; Ronde finale<\/a><\/li>\n<li><a href=\"http:\/\/sites.telfer.uottawa.ca\/placealajeunesse\/files\/2012\/01\/Ronde-finale-finale-2013.pdf\" rel=\"\">D\u00e9bat &#8211; Sujet 2 &#8211; Ronde finale<\/a><\/li>\n<li><a href=\"http:\/\/sites.telfer.uottawa.ca\/placealajeunesse\/files\/2012\/01\/Ronde-Demi-Finale.pdf\" rel=\"\">D\u00e9bat &#8211; Sujet 3 &#8211; Ronde finale<\/a><\/li>\n<\/ul>\n","protected":false},"excerpt":{"rendered":"<p>Vous trouverez ici des exemples de cas utilis\u00e9s dans le pass\u00e9. 2021 Comptabilit\u00e9 ronde finale Corrig\u00e9 Entrepreneuriat ronde finale Corrig\u00e9 Marketing ronde finale 2019 Comptabilit\u00e9 ronde finale Corrig\u00e9 du cas Entrepreneuriat ronde finale Corrig\u00e9 du cas Marketing ronde finale D\u00e9bat &#8211; Ronde finale D\u00e9bat &#8211; Demi-finale D\u00e9bat &#8211; Sujet A &#8211; Ronde pr\u00e9liminatoire D\u00e9bat &#8211; [&hellip;]<\/p>\n","protected":false},"author":5,"featured_media":0,"parent":15,"menu_order":0,"comment_status":"closed","ping_status":"closed","template":"","meta":{"footnotes":""},"class_list":["post-159","page","type-page","status-publish","hentry"],"_links":{"self":[{"href":"https:\/\/sites.telfer.uottawa.ca\/placealajeunesse\/wp-json\/wp\/v2\/pages\/159","targetHints":{"allow":["GET"]}}],"collection":[{"href":"https:\/\/sites.telfer.uottawa.ca\/placealajeunesse\/wp-json\/wp\/v2\/pages"}],"about":[{"href":"https:\/\/sites.telfer.uottawa.ca\/placealajeunesse\/wp-json\/wp\/v2\/types\/page"}],"author":[{"embeddable":true,"href":"https:\/\/sites.telfer.uottawa.ca\/placealajeunesse\/wp-json\/wp\/v2\/users\/5"}],"replies":[{"embeddable":true,"href":"https:\/\/sites.telfer.uottawa.ca\/placealajeunesse\/wp-json\/wp\/v2\/comments?post=159"}],"version-history":[{"count":27,"href":"https:\/\/sites.telfer.uottawa.ca\/placealajeunesse\/wp-json\/wp\/v2\/pages\/159\/revisions"}],"predecessor-version":[{"id":1261,"href":"https:\/\/sites.telfer.uottawa.ca\/placealajeunesse\/wp-json\/wp\/v2\/pages\/159\/revisions\/1261"}],"up":[{"embeddable":true,"href":"https:\/\/sites.telfer.uottawa.ca\/placealajeunesse\/wp-json\/wp\/v2\/pages\/15"}],"wp:attachment":[{"href":"https:\/\/sites.telfer.uottawa.ca\/placealajeunesse\/wp-json\/wp\/v2\/media?parent=159"}],"curies":[{"name":"wp","href":"https:\/\/api.w.org\/{rel}","templated":true}]}}