{"id":989,"date":"2019-03-07T09:14:05","date_gmt":"2019-03-07T14:14:05","guid":{"rendered":"http:\/\/sites.telfer.uottawa.ca\/placealajeunesse\/?page_id=989"},"modified":"2022-09-16T14:09:22","modified_gmt":"2022-09-16T19:09:22","slug":"accueil","status":"publish","type":"page","link":"https:\/\/sites.telfer.uottawa.ca\/placealajeunesse\/","title":{"rendered":"Accueil"},"content":{"rendered":"<p>Place \u00e0 la jeunesse est une initiative des Jeux du commerce uOttawa, qui a vu le jour en 2004 dans la r\u00e9gion de la capitale. La formule est identique \u00e0 celle des Jeux du commerce, une comp\u00e9tition d\u2019\u00e9tudes de cas au niveau universitaire. L\u2019objectif de la comp\u00e9tition est d\u2019initier les jeunes du secondaire au monde des affaires en plus de promouvoir les \u00e9tudes postsecondaires francophones.<\/p>\n<p><!--\n\n\n<p class=\"text-center\"><a class=\"btn btn-lg btn-primary\" href=\"https:\/\/goo.gl\/forms\/TRNz3zcIPUCh2spk2\">Inscrivez-vous<\/a><\/p>\n\n\n\n--><\/p>\n<h2>Ronde pr\u00e9liminaire<\/h2>\n<p>90 \u00e9coles secondaires francophones de l\u2019Ontario sont invit\u00e9es \u00e0 participer \u00e0 la ronde pr\u00e9liminaire. Cette ronde pr\u00e9liminaire se fait par le biais de l\u2019internet, g\u00e9n\u00e9ralement durant le mois d\u2019octobre.<\/p>\n<p>\u00c0 noter que les <strong>\u00e9quipes finalistes<\/strong> ainsi que leurs accompagnateurs seront h\u00e9berg\u00e9s sans frais lors de leur s\u00e9jour \u00e0 Ottawa <strong>pour la ronde finale.<\/strong> De plus, les frais de transport leur seront rembours\u00e9s enti\u00e8rement. Plus d\u2019informations seront envoy\u00e9es aux \u00e9coles invit\u00e9es \u00e0 cet \u00e9v\u00e9nement une fois les \u00e9quipes finalistes choisies.<\/p>\n<h3>Cas acad\u00e9miques (Comptabilit\u00e9, Entrepreneuriat et Marketing)<\/h3>\n<p>Les \u00e9quipes participant aux volets de cas en marketing, en entrepreneuriat et en comptabilit\u00e9 devront r\u00e9soudre un cas acad\u00e9mique, semblable \u00e0 celui qu\u2019ils pourraient voir lors de la ronde finale. Apr\u00e8s les trois heures allou\u00e9es pour la r\u00e9solution du cas, le travail sera envoy\u00e9 au comit\u00e9 organisateur de Place \u00e0 la jeunesse avant 12h10 le jour m\u00eame. Un total de 24 \u00e9quipes s\u00e9lectionn\u00e9es seront invit\u00e9es \u00e0 la ronde finale, soit huit \u00e9quipes par cas acad\u00e9mique (Comptabilit\u00e9, Entrepreneuriat et Marketing).<\/p>\n<h3>D\u00e9bats oratoires<\/h3>\n<p>Pour le volet des d\u00e9bats oratoires, la ronde pr\u00e9liminaire sera effectu\u00e9e par le t\u00e9l\u00e9chargement de sujets \u00e0 intervalles d\u2019une heure, pour un total de trois sujets sur une p\u00e9riode de trois heures. Les \u00e9quipes auront 50 minutes pour lire le sujet et composer un maximum de 4 arguments pour les positions du Gouvernement et de l\u2019Opposition. Les 10 autres minutes seront d\u00e9di\u00e9es \u00e0 l\u2019envoi du document compl\u00e9t\u00e9. Six \u00e9quipes seront invit\u00e9es \u00e0 la ronde finale.<\/p>\n<h2>Ronde finale<\/h2>\n<h3>Cas acad\u00e9miques<\/h3>\n<p>Selon un format semblable \u00e0 celui des Jeux du Commerce, chaque \u00e9quipe d\u2019un m\u00eame volet recevra un cas identique, \u00e9labor\u00e9 en fonction d\u2019un probl\u00e8me r\u00e9el du monde des affaires. Les \u00e9l\u00e8ves auront trois heures pour analyser le cas et pr\u00e9parer des recommandations proposant des solutions. Ces recommandations devront figurer sur une pr\u00e9sentation visuel, pour \u00eatre ensuite pr\u00e9sent\u00e9es \u00e0 un panel de juges experts provenant du monde des affaires et du cadre acad\u00e9mique. La pr\u00e9sentation sera d\u2019une dur\u00e9e de 15 minutes, suivie des quelques minutes de questions de la part des juges.<\/p>\n<h3>D\u00e9bats oratoires<\/h3>\n<p>En ce qui concerne le volet des d\u00e9bats oratoires, chaque groupe devra affronter deux \u00e9quipes lors des rondes pr\u00e9liminaires en matin\u00e9e. Les \u00e9quipes seront jug\u00e9es selon une grille d\u2019\u00e9valuation, par rapport \u00e0 leur performance en pr\u00e9sentation orale et le poids et la logique de leur argumentation. Ce panel viendra du monde des affaires, du milieu politique, du secteur des communications, ainsi que du corps professionnel universitaire. Apr\u00e8s les deux premi\u00e8res rondes, les quatre \u00e9quipes ayant le plus haut score cumulatif avanceront \u00e0 la ronde demi-finale. Les gagnants de chacune de ces joutes s\u2019affronteront en ronde finale en apr\u00e8s-midi.<\/p>\n<p>La journ\u00e9e sera cl\u00f4tur\u00e9e par un cocktail-r\u00e9seautage et un gala o\u00f9 l\u2019on proc\u00e9dera \u00e0 la remise des prix.<\/p>\n<h2>Contact<\/h2>\n<p data-pm-slice=\"1 1 []\">Pour de plus amples renseignements ou pour vous inscrire, consultez la page <a class=\"ProsemirrorEditor-link\" href=\"https:\/\/www.placealajeunesse.ca\/\">Place \u00e0 la jeunesse<\/a> de 2022.<\/p>\n<hr \/>\n<h4 class=\"text-center\">Place \u00e0 la jeunesse est un \u00e9v\u00e9nement qui ne pourrait avoir lieu sans l\u2019aide de nos partenaires g\u00e9n\u00e9reux.<\/h4>\n<p><img loading=\"lazy\" decoding=\"async\" class=\"alignnone size-medium wp-image-1211\" src=\"http:\/\/sites.telfer.uottawa.ca\/placealajeunesse\/files\/2019\/11\/uottawa-300x80.png\" alt=\"\" width=\"300\" height=\"80\" srcset=\"https:\/\/sites.telfer.uottawa.ca\/placealajeunesse\/files\/2019\/11\/uottawa-300x80.png 300w, https:\/\/sites.telfer.uottawa.ca\/placealajeunesse\/files\/2019\/11\/uottawa.png 501w\" sizes=\"auto, (max-width: 300px) 100vw, 300px\" \/><\/p>\n<p><img loading=\"lazy\" decoding=\"async\" class=\"wp-image-1250 size-medium alignnone\" src=\"https:\/\/sites.telfer.uottawa.ca\/placealajeunesse\/files\/2022\/09\/LOGO_Telfer-BetterCanada-Black-Line_2020_F-300x158.png\" alt=\"\" width=\"300\" height=\"158\" srcset=\"https:\/\/sites.telfer.uottawa.ca\/placealajeunesse\/files\/2022\/09\/LOGO_Telfer-BetterCanada-Black-Line_2020_F-300x158.png 300w, https:\/\/sites.telfer.uottawa.ca\/placealajeunesse\/files\/2022\/09\/LOGO_Telfer-BetterCanada-Black-Line_2020_F-1024x541.png 1024w, https:\/\/sites.telfer.uottawa.ca\/placealajeunesse\/files\/2022\/09\/LOGO_Telfer-BetterCanada-Black-Line_2020_F-768x405.png 768w, https:\/\/sites.telfer.uottawa.ca\/placealajeunesse\/files\/2022\/09\/LOGO_Telfer-BetterCanada-Black-Line_2020_F-1536x811.png 1536w, https:\/\/sites.telfer.uottawa.ca\/placealajeunesse\/files\/2022\/09\/LOGO_Telfer-BetterCanada-Black-Line_2020_F-2048x1081.png 2048w\" sizes=\"auto, (max-width: 300px) 100vw, 300px\" \/><\/p>\n<p><img loading=\"lazy\" decoding=\"async\" class=\"alignnone size-medium wp-image-1193\" src=\"http:\/\/sites.telfer.uottawa.ca\/placealajeunesse\/files\/2019\/11\/CECCE.logo_-300x97.png\" alt=\"\" width=\"300\" height=\"97\" srcset=\"https:\/\/sites.telfer.uottawa.ca\/placealajeunesse\/files\/2019\/11\/CECCE.logo_-300x97.png 300w, https:\/\/sites.telfer.uottawa.ca\/placealajeunesse\/files\/2019\/11\/CECCE.logo_-768x249.png 768w, https:\/\/sites.telfer.uottawa.ca\/placealajeunesse\/files\/2019\/11\/CECCE.logo_-1024x332.png 1024w\" sizes=\"auto, (max-width: 300px) 100vw, 300px\" \/><\/p>\n<p><img loading=\"lazy\" decoding=\"async\" class=\"alignnone size-medium wp-image-1195\" src=\"http:\/\/sites.telfer.uottawa.ca\/placealajeunesse\/files\/2019\/11\/CEPEO.logo_-300x93.jpg\" alt=\"\" width=\"300\" height=\"93\" srcset=\"https:\/\/sites.telfer.uottawa.ca\/placealajeunesse\/files\/2019\/11\/CEPEO.logo_-300x93.jpg 300w, https:\/\/sites.telfer.uottawa.ca\/placealajeunesse\/files\/2019\/11\/CEPEO.logo_-768x237.jpg 768w, https:\/\/sites.telfer.uottawa.ca\/placealajeunesse\/files\/2019\/11\/CEPEO.logo_.jpg 800w\" sizes=\"auto, (max-width: 300px) 100vw, 300px\" \/><\/p>\n<p><img loading=\"lazy\" decoding=\"async\" class=\"alignnone size-medium wp-image-1201\" src=\"http:\/\/sites.telfer.uottawa.ca\/placealajeunesse\/files\/2019\/11\/LaCite.logo_-300x121.jpg\" alt=\"\" width=\"300\" height=\"121\" srcset=\"https:\/\/sites.telfer.uottawa.ca\/placealajeunesse\/files\/2019\/11\/LaCite.logo_-300x121.jpg 300w, https:\/\/sites.telfer.uottawa.ca\/placealajeunesse\/files\/2019\/11\/LaCite.logo_.jpg 750w\" sizes=\"auto, (max-width: 300px) 100vw, 300px\" \/><\/p>\n<p><img loading=\"lazy\" decoding=\"async\" class=\"alignnone size-medium wp-image-1197\" src=\"http:\/\/sites.telfer.uottawa.ca\/placealajeunesse\/files\/2019\/11\/Deloitte.logo_-300x204.png\" alt=\"\" width=\"300\" height=\"204\" srcset=\"https:\/\/sites.telfer.uottawa.ca\/placealajeunesse\/files\/2019\/11\/Deloitte.logo_-300x204.png 300w, https:\/\/sites.telfer.uottawa.ca\/placealajeunesse\/files\/2019\/11\/Deloitte.logo_-768x521.png 768w, https:\/\/sites.telfer.uottawa.ca\/placealajeunesse\/files\/2019\/11\/Deloitte.logo_-1024x695.png 1024w, https:\/\/sites.telfer.uottawa.ca\/placealajeunesse\/files\/2019\/11\/Deloitte.logo_.png 1920w\" sizes=\"auto, (max-width: 300px) 100vw, 300px\" \/><\/p>\n<p><img loading=\"lazy\" decoding=\"async\" class=\"alignnone size-medium wp-image-1203\" src=\"http:\/\/sites.telfer.uottawa.ca\/placealajeunesse\/files\/2019\/11\/MarcilLavallee.logo_-300x300.jpg\" alt=\"\" width=\"300\" height=\"300\" srcset=\"https:\/\/sites.telfer.uottawa.ca\/placealajeunesse\/files\/2019\/11\/MarcilLavallee.logo_-300x300.jpg 300w, https:\/\/sites.telfer.uottawa.ca\/placealajeunesse\/files\/2019\/11\/MarcilLavallee.logo_-150x150.jpg 150w, https:\/\/sites.telfer.uottawa.ca\/placealajeunesse\/files\/2019\/11\/MarcilLavallee.logo_.jpg 600w\" sizes=\"auto, (max-width: 300px) 100vw, 300px\" \/><\/p>\n<p><img loading=\"lazy\" decoding=\"async\" class=\"alignnone size-medium wp-image-1207\" src=\"http:\/\/sites.telfer.uottawa.ca\/placealajeunesse\/files\/2019\/11\/RCGT.logo_-300x98.png\" alt=\"\" width=\"300\" height=\"98\" srcset=\"https:\/\/sites.telfer.uottawa.ca\/placealajeunesse\/files\/2019\/11\/RCGT.logo_-300x98.png 300w, https:\/\/sites.telfer.uottawa.ca\/placealajeunesse\/files\/2019\/11\/RCGT.logo_-768x250.png 768w, https:\/\/sites.telfer.uottawa.ca\/placealajeunesse\/files\/2019\/11\/RCGT.logo_-1024x334.png 1024w\" sizes=\"auto, (max-width: 300px) 100vw, 300px\" \/><\/p>\n<p><img loading=\"lazy\" decoding=\"async\" class=\"alignnone size-medium wp-image-1199\" src=\"http:\/\/sites.telfer.uottawa.ca\/placealajeunesse\/files\/2019\/11\/FaskenMartineau_fond-blanc_Couleur-300x66.jpg\" alt=\"\" width=\"300\" height=\"66\" srcset=\"https:\/\/sites.telfer.uottawa.ca\/placealajeunesse\/files\/2019\/11\/FaskenMartineau_fond-blanc_Couleur-300x66.jpg 300w, https:\/\/sites.telfer.uottawa.ca\/placealajeunesse\/files\/2019\/11\/FaskenMartineau_fond-blanc_Couleur-768x169.jpg 768w, https:\/\/sites.telfer.uottawa.ca\/placealajeunesse\/files\/2019\/11\/FaskenMartineau_fond-blanc_Couleur-1024x225.jpg 1024w\" sizes=\"auto, (max-width: 300px) 100vw, 300px\" \/><\/p>\n<p><img loading=\"lazy\" decoding=\"async\" class=\"alignnone size-medium wp-image-1191\" src=\"http:\/\/sites.telfer.uottawa.ca\/placealajeunesse\/files\/2019\/11\/20170726143718_DUC_Logo_RGB-300x232.jpg\" alt=\"\" width=\"300\" height=\"232\" srcset=\"https:\/\/sites.telfer.uottawa.ca\/placealajeunesse\/files\/2019\/11\/20170726143718_DUC_Logo_RGB-300x232.jpg 300w, https:\/\/sites.telfer.uottawa.ca\/placealajeunesse\/files\/2019\/11\/20170726143718_DUC_Logo_RGB.jpg 496w\" sizes=\"auto, (max-width: 300px) 100vw, 300px\" \/><\/p>\n<p>\u00catre partenaire avec Place \u00e0 la jeunesse apporte une contribution importante \u00e0 la communaut\u00e9 francophone d\u2019Ottawa ainsi qu\u2019aux \u00e9tudiants et institutions postsecondaires en fran\u00e7ais. Ce faisant, nos partenaires ont la chance d\u2019am\u00e9liorer la visibilit\u00e9 de leur entreprise aupr\u00e8s d\u2019un march\u00e9 important. Si vous d\u00e9sirez devenir un partenaire de Place \u00e0 la jeunesse, veuillez communiquer avec nous!<\/p>\n","protected":false},"excerpt":{"rendered":"<p>Place \u00e0 la jeunesse est une initiative des Jeux du commerce uOttawa, qui a vu le jour en 2004 dans la r\u00e9gion de la capitale. La formule est identique \u00e0 celle des Jeux du commerce, une comp\u00e9tition d\u2019\u00e9tudes de cas au niveau universitaire. L\u2019objectif de la comp\u00e9tition est d\u2019initier les jeunes du secondaire au monde [&hellip;]<\/p>\n","protected":false},"author":64,"featured_media":1254,"parent":0,"menu_order":0,"comment_status":"closed","ping_status":"closed","template":"","meta":{"footnotes":""},"class_list":["post-989","page","type-page","status-publish","has-post-thumbnail","hentry"],"_links":{"self":[{"href":"https:\/\/sites.telfer.uottawa.ca\/placealajeunesse\/wp-json\/wp\/v2\/pages\/989","targetHints":{"allow":["GET"]}}],"collection":[{"href":"https:\/\/sites.telfer.uottawa.ca\/placealajeunesse\/wp-json\/wp\/v2\/pages"}],"about":[{"href":"https:\/\/sites.telfer.uottawa.ca\/placealajeunesse\/wp-json\/wp\/v2\/types\/page"}],"author":[{"embeddable":true,"href":"https:\/\/sites.telfer.uottawa.ca\/placealajeunesse\/wp-json\/wp\/v2\/users\/64"}],"replies":[{"embeddable":true,"href":"https:\/\/sites.telfer.uottawa.ca\/placealajeunesse\/wp-json\/wp\/v2\/comments?post=989"}],"version-history":[{"count":45,"href":"https:\/\/sites.telfer.uottawa.ca\/placealajeunesse\/wp-json\/wp\/v2\/pages\/989\/revisions"}],"predecessor-version":[{"id":1253,"href":"https:\/\/sites.telfer.uottawa.ca\/placealajeunesse\/wp-json\/wp\/v2\/pages\/989\/revisions\/1253"}],"wp:featuredmedia":[{"embeddable":true,"href":"https:\/\/sites.telfer.uottawa.ca\/placealajeunesse\/wp-json\/wp\/v2\/media\/1254"}],"wp:attachment":[{"href":"https:\/\/sites.telfer.uottawa.ca\/placealajeunesse\/wp-json\/wp\/v2\/media?parent=989"}],"curies":[{"name":"wp","href":"https:\/\/api.w.org\/{rel}","templated":true}]}}