{"id":10,"date":"2014-06-02T14:06:02","date_gmt":"2014-06-02T14:06:02","guid":{"rendered":"http:\/\/sites.telfer.uottawa.ca\/womensenterprise\/home-2\/"},"modified":"2014-06-02T15:23:56","modified_gmt":"2014-06-02T15:23:56","slug":"home","status":"publish","type":"page","link":"https:\/\/sites.telfer.uottawa.ca\/womensenterprise\/fr\/","title":{"rendered":"Strat\u00e9gies d\u2019action pour appuyer les femmes entrepreneures canadiennes"},"content":{"rendered":"<p><a href=\"http:\/\/sites.telfer.uottawa.ca\/womensenterprise\/files\/2014\/06\/main.jpg\"><img loading=\"lazy\" decoding=\"async\" class=\"alignleft wp-image-5 size-medium\" src=\"http:\/\/sites.telfer.uottawa.ca\/womensenterprise\/files\/2014\/06\/main-300x199.jpg\" alt=\"Business Women\" width=\"300\" height=\"199\" srcset=\"https:\/\/sites.telfer.uottawa.ca\/womensenterprise\/files\/2014\/06\/main-300x199.jpg 300w, https:\/\/sites.telfer.uottawa.ca\/womensenterprise\/files\/2014\/06\/main.jpg 425w\" sizes=\"auto, (max-width: 300px) 100vw, 300px\" \/><\/a><\/p>\n<p>Les femmes entrepreneures repr\u00e9sentent un potentiel inexploit\u00e9 qui peut donner un essor \u00e0 l&#8217;\u00e9conomie canadienne.<\/p>\n<p>Aujourd&#8217;hui, les femmes sont propri\u00e9taires de 47 % des 1,6 millions de petites et moyennes entreprises (PME) du Canada et ont des int\u00e9r\u00eats majoritaires dans 16 % des PME canadiennes (Industrie Canada, 2010).<\/p>\n<p>En 2010, les femmes repr\u00e9sentaient plus\u00a0de 900 000 des 2,6 millions de\u00a0travailleurs autonomes\u00a0au Canada (Statistique Canada, 2010).<\/p>\n<p>Les entreprises appartenant \u00e0 des femmes ont un besoin imm\u00e9diat de politiques actives et de programmes de soutien afin de r\u00e9aliser leur plein potentiel \u00e9conomique.<\/p>\n<p>&nbsp;<\/p>\n<div class=\"well well-small\"><span class=\"label label-warning\">NOUVEAU!<\/span> <a href=\"http:\/\/sites.telfer.uottawa.ca\/womensenterprise\/files\/2014\/06\/taskforce-report-2011-fr.pdf\"><strong>T\u00e9l\u00e9chargez la version PDF<\/strong><\/a> du rapport des recommendations r\u00e9sultant des tables rondes du groupe de travail. \u00ab Strat\u00e9gies visant \u00e0 appuyer le d\u00e9veloppement des entreprises appartenant \u00e0 des femmes \u00bb<\/div>\n<p><a href=\"http:\/\/sites.telfer.uottawa.ca\/womensenterprise\/files\/2014\/06\/Planpourlacroissance.pdf\"><strong>T\u00e9l\u00e9chargez la version PDF<\/strong><\/a> du Plan directeur pour la croissance \u00e9conomique.<\/p>\n","protected":false},"excerpt":{"rendered":"<p>Les femmes entrepreneures repr\u00e9sentent un potentiel inexploit\u00e9 qui peut donner un essor \u00e0 l&#8217;\u00e9conomie canadienne. Aujourd&#8217;hui, les femmes sont propri\u00e9taires de 47 % des 1,6 millions de petites et moyennes entreprises (PME) du Canada et ont des int\u00e9r\u00eats majoritaires dans 16 % des PME canadiennes (Industrie Canada, 2010). En 2010, les femmes repr\u00e9sentaient plus\u00a0de 900 [&hellip;]<\/p>\n","protected":false},"author":1,"featured_media":0,"parent":0,"menu_order":0,"comment_status":"closed","ping_status":"open","template":"","meta":{"footnotes":""},"class_list":["post-10","page","type-page","status-publish","hentry"],"_links":{"self":[{"href":"https:\/\/sites.telfer.uottawa.ca\/womensenterprise\/fr\/wp-json\/wp\/v2\/pages\/10","targetHints":{"allow":["GET"]}}],"collection":[{"href":"https:\/\/sites.telfer.uottawa.ca\/womensenterprise\/fr\/wp-json\/wp\/v2\/pages"}],"about":[{"href":"https:\/\/sites.telfer.uottawa.ca\/womensenterprise\/fr\/wp-json\/wp\/v2\/types\/page"}],"author":[{"embeddable":true,"href":"https:\/\/sites.telfer.uottawa.ca\/womensenterprise\/fr\/wp-json\/wp\/v2\/users\/1"}],"replies":[{"embeddable":true,"href":"https:\/\/sites.telfer.uottawa.ca\/womensenterprise\/fr\/wp-json\/wp\/v2\/comments?post=10"}],"version-history":[{"count":4,"href":"https:\/\/sites.telfer.uottawa.ca\/womensenterprise\/fr\/wp-json\/wp\/v2\/pages\/10\/revisions"}],"predecessor-version":[{"id":126,"href":"https:\/\/sites.telfer.uottawa.ca\/womensenterprise\/fr\/wp-json\/wp\/v2\/pages\/10\/revisions\/126"}],"wp:attachment":[{"href":"https:\/\/sites.telfer.uottawa.ca\/womensenterprise\/fr\/wp-json\/wp\/v2\/media?parent=10"}],"curies":[{"name":"wp","href":"https:\/\/api.w.org\/{rel}","templated":true}]}}