{"id":106,"date":"2014-06-02T15:18:25","date_gmt":"2014-06-02T15:18:25","guid":{"rendered":"http:\/\/sites.telfer.uottawa.ca\/womensenterprise\/?page_id=106"},"modified":"2014-06-02T15:18:25","modified_gmt":"2014-06-02T15:18:25","slug":"communiquez-avec-nous","status":"publish","type":"page","link":"https:\/\/sites.telfer.uottawa.ca\/womensenterprise\/fr\/communiquez-avec-nous\/","title":{"rendered":"Communiquez avec nous"},"content":{"rendered":"<div class=\"content\">\n<p>Pour plus de renseignements \u00e0 propos du <em>Plan directeur pour la croissance \u00e9conomique.<\/em><em>Strat\u00e9gies d&#8217;action pour soutenir les entreprises canadiennes appartenant \u00e0 des femmes<\/em>, communiquez avec\u00a0:<\/p>\n<p><strong>Barbara J. Orser, M.B.A., Ph.D.<\/strong><br \/>\nProfesseure Deloitte en gestion des entreprises de croissance<br \/>\n\u00c9cole de gestion Telfer<br \/>\nUniversit\u00e9 d\u2019Ottawa<br \/>\nPavillon Desmarais, bureau 6105<br \/>\n55, avenue Laurier Est<br \/>\nOttawa (Ontario)\u00a0 K1N 6N5<br \/>\nT\u00e9l. :\u00a0 613 562 5800 (4570)<br \/>\nT\u00e9lec. : 613 562 5164<br \/>\n<a class=\"mailto\" href=\"mailto:orser@telfer.uOttawa.ca\">orser@telfer.uOttawa.ca<\/a><br \/>\n<a href=\"http:\/\/www.telfer.uOttawa.ca\">www.telfer.uOttawa.ca<\/a><\/p>\n<\/div>\n","protected":false},"excerpt":{"rendered":"<p>Pour plus de renseignements \u00e0 propos du Plan directeur pour la croissance \u00e9conomique.Strat\u00e9gies d&#8217;action pour soutenir les entreprises canadiennes appartenant \u00e0 des femmes, communiquez avec\u00a0: Barbara J. Orser, M.B.A., Ph.D. Professeure Deloitte en gestion des entreprises de croissance \u00c9cole de gestion Telfer Universit\u00e9 d\u2019Ottawa Pavillon Desmarais, bureau 6105 55, avenue Laurier Est Ottawa (Ontario)\u00a0 K1N [&hellip;]<\/p>\n","protected":false},"author":1,"featured_media":0,"parent":0,"menu_order":0,"comment_status":"closed","ping_status":"open","template":"","meta":{"footnotes":""},"class_list":["post-106","page","type-page","status-publish","hentry"],"_links":{"self":[{"href":"https:\/\/sites.telfer.uottawa.ca\/womensenterprise\/fr\/wp-json\/wp\/v2\/pages\/106","targetHints":{"allow":["GET"]}}],"collection":[{"href":"https:\/\/sites.telfer.uottawa.ca\/womensenterprise\/fr\/wp-json\/wp\/v2\/pages"}],"about":[{"href":"https:\/\/sites.telfer.uottawa.ca\/womensenterprise\/fr\/wp-json\/wp\/v2\/types\/page"}],"author":[{"embeddable":true,"href":"https:\/\/sites.telfer.uottawa.ca\/womensenterprise\/fr\/wp-json\/wp\/v2\/users\/1"}],"replies":[{"embeddable":true,"href":"https:\/\/sites.telfer.uottawa.ca\/womensenterprise\/fr\/wp-json\/wp\/v2\/comments?post=106"}],"version-history":[{"count":1,"href":"https:\/\/sites.telfer.uottawa.ca\/womensenterprise\/fr\/wp-json\/wp\/v2\/pages\/106\/revisions"}],"predecessor-version":[{"id":107,"href":"https:\/\/sites.telfer.uottawa.ca\/womensenterprise\/fr\/wp-json\/wp\/v2\/pages\/106\/revisions\/107"}],"wp:attachment":[{"href":"https:\/\/sites.telfer.uottawa.ca\/womensenterprise\/fr\/wp-json\/wp\/v2\/media?parent=106"}],"curies":[{"name":"wp","href":"https:\/\/api.w.org\/{rel}","templated":true}]}}