{"id":25,"date":"2014-06-02T14:32:18","date_gmt":"2014-06-02T14:32:18","guid":{"rendered":"http:\/\/sites.telfer.uottawa.ca\/womensenterprise\/who-are-we-2\/"},"modified":"2014-06-02T14:38:25","modified_gmt":"2014-06-02T14:38:25","slug":"qui-sommes-nous","status":"publish","type":"page","link":"https:\/\/sites.telfer.uottawa.ca\/womensenterprise\/fr\/qui-sommes-nous\/","title":{"rendered":"Qui sommes-nous?"},"content":{"rendered":"<p><em>Le Taskforce for Women&#8217;s Business Growth (Groupe de travail pour la croissance des entreprises appartenant \u00e0 des femmes)<\/em> est un consortium national et impartial de femmes d&#8217;affaires, organismes de services aux PME, d&#8217;universitaires et d&#8217;associations sectorielles. Fond\u00e9 en 2009, le mandat de ce groupe de travail est de d\u00e9velopper les entreprises appartenant \u00e0 des femmes entre autres par la cr\u00e9ation de politiques publiques, de recherches appliqu\u00e9es, de collaborations et de partage des meilleures pratiques dans le domaine.<\/p>\n<h3>Membres fondateurs<\/h3>\n<div class=\"row\">\n<div class=\"col-md-6\">\n<p><strong>Pr\u00e9sidente: Barbara Orser<\/strong><br \/>\nProfesseur Deloitte<br \/>\n\u00c9cole de gestion Telfer<br \/>\nUniversity of Ottawa<\/p>\n<p><strong>Sandra Altner<\/strong> Pr\u00e9sidente-directrice g\u00e9n\u00e9rale<br \/>\nWomen\u2019s Enterprise Centre (Manitoba)<\/p>\n<p><strong>Mary Anderson<\/strong> Directrice ex\u00e9cutive<br \/>\nWEConnect (Canada)<\/p>\n<p><strong>Clare Beckton<\/strong> Administratrice g\u00e9n\u00e9rale<br \/>\nCentre for Women in Politics &amp; Public Leadership<br \/>\nCarleton University<\/p>\n<p><strong>Penny Collenette<\/strong> Professeure auxiliaire<br \/>\nFacult\u00e9 de droit, Universit\u00e9 d\u2019 Ottawa<\/p>\n<p><strong>Anne Day<\/strong> Fondatrice<br \/>\nCompany of Women<\/p>\n<p><strong>Laurel Douglas<\/strong> Pr\u00e9sidente-directrice g\u00e9n\u00e9rale<br \/>\nB.C. Women\u2019s Enterprise Centre<\/p>\n<p><strong>Dr. Sandi Findlay<\/strong> Professeur adjoint<br \/>\nAdministration des affaires et du tourisme<br \/>\nMount St. Vincent University<\/p>\n<p><strong>Laraine Kaminsky<\/strong> Strat\u00e8ge, Global Diversity<br \/>\nGlobal LK<\/p>\n<p><strong>Isabelle Le Breton-Miller<\/strong> Professeure agr\u00e9g\u00e9e<br \/>\nFacult\u00e9 de gestion, HEC Montr\u00e9al<\/p>\n<p><strong>Stephanie MacKendrick<\/strong> Pr\u00e9sidente<br \/>\nAssociation canadienne des femmes en communications<\/p>\n<\/div>\n<div class=\"col-md-6\">\n<p><strong>Sonia Menendez<\/strong><br \/>\nDirectrice ex\u00e9cutive<br \/>\nCentre for Women in Business,<br \/>\nMount St. Vincent University<\/p>\n<p><strong>Barbara Mowat<\/strong> Pr\u00e9sidente<br \/>\nImpact Communications Limited<\/p>\n<p><strong>Tracey Scarlett<\/strong> Pr\u00e9sidente-directrice g\u00e9n\u00e9rale<br \/>\nAlberta Women Entrepreneurs<\/p>\n<p><strong>M. Brenda Robertson<\/strong> Associ\u00e9e fondatrice<br \/>\nOdgers Berndtson Ottawa<\/p>\n<p><strong>Paula Sheppard<\/strong> Directrice ex\u00e9cutive<br \/>\nNewfoundland &amp; Labrador Organization of Women Entrepreneurs<\/p>\n<p><strong>Laura Small<\/strong> Pr\u00e9sidente-directrice g\u00e9n\u00e9rale<br \/>\nWomen Entrepreneurs of Saskatchewan Inc.<\/p>\n<p><strong>Joanne Stanley<\/strong> Cofondatrice et pr\u00e9sidente<br \/>\nCanadian Women in Technology<\/p>\n<p><strong>Ruth Vachon<\/strong> Pr\u00e9sidente<br \/>\nR\u00e9seau des femmes d\u2019 affaires du Qu\u00e9bec<\/p>\n<p><strong>Marnie Walker<\/strong> Pr\u00e9sidente<br \/>\n401 Bay Centre<\/p>\n<p><strong>Maxime Westaway<\/strong> Directrice ex\u00e9cutive<br \/>\nThe International Alliance for Women<\/p>\n<p><strong>Betty Wood<\/strong> Gouvernance et Op\u00e9rations<br \/>\nGlobal Banking Alliance<\/p>\n<\/div>\n<\/div>\n","protected":false},"excerpt":{"rendered":"<p>Le Taskforce for Women&#8217;s Business Growth (Groupe de travail pour la croissance des entreprises appartenant \u00e0 des femmes) est un consortium national et impartial de femmes d&#8217;affaires, organismes de services aux PME, d&#8217;universitaires et d&#8217;associations sectorielles. Fond\u00e9 en 2009, le mandat de ce groupe de travail est de d\u00e9velopper les entreprises appartenant \u00e0 des femmes [&hellip;]<\/p>\n","protected":false},"author":1,"featured_media":0,"parent":0,"menu_order":0,"comment_status":"closed","ping_status":"closed","template":"","meta":{"footnotes":""},"class_list":["post-25","page","type-page","status-publish","hentry"],"_links":{"self":[{"href":"https:\/\/sites.telfer.uottawa.ca\/womensenterprise\/fr\/wp-json\/wp\/v2\/pages\/25","targetHints":{"allow":["GET"]}}],"collection":[{"href":"https:\/\/sites.telfer.uottawa.ca\/womensenterprise\/fr\/wp-json\/wp\/v2\/pages"}],"about":[{"href":"https:\/\/sites.telfer.uottawa.ca\/womensenterprise\/fr\/wp-json\/wp\/v2\/types\/page"}],"author":[{"embeddable":true,"href":"https:\/\/sites.telfer.uottawa.ca\/womensenterprise\/fr\/wp-json\/wp\/v2\/users\/1"}],"replies":[{"embeddable":true,"href":"https:\/\/sites.telfer.uottawa.ca\/womensenterprise\/fr\/wp-json\/wp\/v2\/comments?post=25"}],"version-history":[{"count":2,"href":"https:\/\/sites.telfer.uottawa.ca\/womensenterprise\/fr\/wp-json\/wp\/v2\/pages\/25\/revisions"}],"predecessor-version":[{"id":27,"href":"https:\/\/sites.telfer.uottawa.ca\/womensenterprise\/fr\/wp-json\/wp\/v2\/pages\/25\/revisions\/27"}],"wp:attachment":[{"href":"https:\/\/sites.telfer.uottawa.ca\/womensenterprise\/fr\/wp-json\/wp\/v2\/media?parent=25"}],"curies":[{"name":"wp","href":"https:\/\/api.w.org\/{rel}","templated":true}]}}