{"id":90,"date":"2014-06-02T15:12:01","date_gmt":"2014-06-02T15:12:01","guid":{"rendered":"http:\/\/sites.telfer.uottawa.ca\/womensenterprise\/?page_id=90"},"modified":"2014-06-02T15:12:01","modified_gmt":"2014-06-02T15:12:01","slug":"services-de-support","status":"publish","type":"page","link":"https:\/\/sites.telfer.uottawa.ca\/womensenterprise\/fr\/services-de-support\/","title":{"rendered":"Services de support"},"content":{"rendered":"<h3>Organismes de services r\u00e9gionaux et provinciaux<\/h3>\n<ul>\n<li><a href=\"http:\/\/www.womensenterprise.ca\/\" target=\"_blank\">BC Women\u2019s Enterprise Centre<\/a><\/li>\n<li><a href=\"https:\/\/www.awebusiness.com\/pages\/home\/default.aspx\" target=\"_blank\">Alberta Women Entrepreneurs<\/a><\/li>\n<li><a href=\"http:\/\/www.wecm.ca\/\" target=\"_blank\">Manitoba Women\u2019s Enterprise Centre<\/a><\/li>\n<li><a href=\"http:\/\/www.womenentrepreneurs.sk.ca\/\" target=\"_blank\">Women Entrepreneurs of Saskatchewan Inc.<\/a><\/li>\n<li><a href=\"http:\/\/www.paro.ca\/index.php?pid=131\" target=\"_blank\">PARO Centre for Women\u2019s Enterprise<\/a><\/li>\n<li><a href=\"http:\/\/www.msvu.ca\/cwb\/\" target=\"_blank\">Centre for Women in Business at Mount St. Vincent University<\/a><\/li>\n<li><a href=\"http:\/\/www.nlowe.org\/\" target=\"_blank\">Newfoundland and Labrador Organization of Women Entrepreneurs<\/a><\/li>\n<li><a href=\"http:\/\/www.peibwa.org\/\" target=\"_blank\">Prince Edward Island Business Women\u2019s Association<\/a><\/li>\n<\/ul>\n<h3>Consortiums internationaux<\/h3>\n<ul>\n<li><a href=\"http:\/\/www.apec.org\/\" target=\"_blank\">Coop\u00e9ration \u00e9conomique Asie Pacifique (APEC)<\/a><\/li>\n<li><a href=\"http:\/\/www.apecwln.org\/\" target=\"_blank\">R\u00e9seau des femmes dirigeantes<\/a><\/li>\n<li><a href=\"http:\/\/www.gbaforwomen.org\/\" target=\"_blank\">Global Banking Alliance for Women<\/a><\/li>\n<li><a href=\"http:\/\/www.tiaw.org\/\" target=\"_blank\">Alliance internationale des femmes<\/a><\/li>\n<li><a href=\"http:\/\/www.vitalvoices.org\/\" target=\"_blank\">Vital Voices Global Partnership<\/a><\/li>\n<li><a href=\"http:\/\/www.womensbusinessinitiative.net\/\" target=\"_blank\">Women\u2019s Business Initiative International<\/a><\/li>\n<li><a href=\"http:\/\/www.weconnectcanada.org\/\" target=\"_blank\">WEConnect (Canada)<\/a><\/li>\n<li><a href=\"http:\/\/www.wxnetwork.com\/\" target=\"_blank\">R\u00e9seau des femmes ex\u00e9cutives<\/a><\/li>\n<li><a href=\"http:\/\/www.womenpresidentsorg.com\/\" target=\"_blank\">Women\u2019s Presidents\u2019 Organization<\/a><\/li>\n<\/ul>\n<h3>R\u00e9seaux, associations, programmes et prix<\/h3>\n<ul>\n<li><a href=\"http:\/\/www.cawee.net\/\" target=\"_blank\">Association canadienne des femmes cadres et entrepreneures<\/a><\/li>\n<li><a href=\"http:\/\/www.ccwestt.org\/\" target=\"_blank\">Canadian Coalition of Women in Engineering, Science, Trades and Technology<\/a><\/li>\n<li><a href=\"http:\/\/www.cdnbizwomen.com\/\" target=\"_blank\">Canadian Women\u2019s Business Network<\/a><\/li>\n<li><a href=\"http:\/\/www.cwc-afc.com\/\" target=\"_blank\">Association canadienne des femmes en communications<\/a><\/li>\n<li><a href=\"http:\/\/www.cdnwomen.org\/\" target=\"_blank\">Fondation canadienne des femmes<\/a><\/li>\n<li><a href=\"http:\/\/www.catawit.ca\/home\/\" target=\"_blank\">Canadian Women in Technology<\/a><\/li>\n<li><a href=\"http:\/\/www.cefq.ca\/\" target=\"_blank\">Centre d\u2019entrepreneuriat f\u00e9minin du Qu\u00e9bec<\/a><\/li>\n<li><a href=\"http:\/\/www.companyofwomen.ca\/\" target=\"_blank\">Company of Women<\/a><\/li>\n<li><a href=\"http:\/\/www.rfaq.ca\/\" target=\"_blank\">R\u00e9seau des femmes d\u2019 affaires du Qu\u00e9bec<\/a><\/li>\n<li><a href=\"http:\/\/www.theawards.ca\/cwea\/index_fr.cfm\" target=\"_blank\">Prix canadiens de l\u2019 entrepreneuriat f\u00e9minin RBC<\/a><\/li>\n<li><a href=\"http:\/\/www.scwist.ca\/\" target=\"_blank\">Society for Women in Science and Technology<\/a><\/li>\n<li><a href=\"http:\/\/www.wiredwoman.com\/\" target=\"_blank\">WiredWoman.com<\/a><\/li>\n<li><a href=\"http:\/\/www.cefq.ca\/fr\" target=\"_blank\">Centre d\u2019 entrepreneuriat f\u00e9minin du Qu\u00e9bec<\/a><\/li>\n<li><a href=\"http:\/\/wift.com\/\" target=\"_blank\">Femmes du cin\u00e9ma, de la t\u00e9l\u00e9vision et des nouveaux m\u00e9dias<\/a><\/li>\n<li><a href=\"http:\/\/www.womeninleadership.ca\/\" target=\"_blank\">Women in Leadership Foundation<\/a><\/li>\n<li><a href=\"http:\/\/www.ywcatoronto.org\/women_distinction\/\" target=\"_blank\">Femmes de m\u00e9rite par le YWCA<\/a><\/li>\n<li><a href=\"http:\/\/www.owit.org\/\" target=\"_blank\">Organization of Women in International Trade (OWIT)<\/a><\/li>\n<li><a href=\"http:\/\/www.weconnectcanada.org\/\" target=\"_blank\">WEConnect Canada<\/a><\/li>\n<\/ul>\n","protected":false},"excerpt":{"rendered":"<p>Organismes de services r\u00e9gionaux et provinciaux BC Women\u2019s Enterprise Centre Alberta Women Entrepreneurs Manitoba Women\u2019s Enterprise Centre Women Entrepreneurs of Saskatchewan Inc. PARO Centre for Women\u2019s Enterprise Centre for Women in Business at Mount St. Vincent University Newfoundland and Labrador Organization of Women Entrepreneurs Prince Edward Island Business Women\u2019s Association Consortiums internationaux Coop\u00e9ration \u00e9conomique Asie [&hellip;]<\/p>\n","protected":false},"author":1,"featured_media":0,"parent":0,"menu_order":0,"comment_status":"closed","ping_status":"open","template":"","meta":{"footnotes":""},"class_list":["post-90","page","type-page","status-publish","hentry"],"_links":{"self":[{"href":"https:\/\/sites.telfer.uottawa.ca\/womensenterprise\/fr\/wp-json\/wp\/v2\/pages\/90","targetHints":{"allow":["GET"]}}],"collection":[{"href":"https:\/\/sites.telfer.uottawa.ca\/womensenterprise\/fr\/wp-json\/wp\/v2\/pages"}],"about":[{"href":"https:\/\/sites.telfer.uottawa.ca\/womensenterprise\/fr\/wp-json\/wp\/v2\/types\/page"}],"author":[{"embeddable":true,"href":"https:\/\/sites.telfer.uottawa.ca\/womensenterprise\/fr\/wp-json\/wp\/v2\/users\/1"}],"replies":[{"embeddable":true,"href":"https:\/\/sites.telfer.uottawa.ca\/womensenterprise\/fr\/wp-json\/wp\/v2\/comments?post=90"}],"version-history":[{"count":1,"href":"https:\/\/sites.telfer.uottawa.ca\/womensenterprise\/fr\/wp-json\/wp\/v2\/pages\/90\/revisions"}],"predecessor-version":[{"id":91,"href":"https:\/\/sites.telfer.uottawa.ca\/womensenterprise\/fr\/wp-json\/wp\/v2\/pages\/90\/revisions\/91"}],"wp:attachment":[{"href":"https:\/\/sites.telfer.uottawa.ca\/womensenterprise\/fr\/wp-json\/wp\/v2\/media?parent=90"}],"curies":[{"name":"wp","href":"https:\/\/api.w.org\/{rel}","templated":true}]}}